{"id":11248,"date":"2025-07-02T10:00:43","date_gmt":"2025-07-02T08:00:43","guid":{"rendered":"https:\/\/www.sgmo.ch\/?page_id=11248"},"modified":"2025-07-04T09:29:21","modified_gmt":"2025-07-04T07:29:21","slug":"financement","status":"publish","type":"page","link":"https:\/\/www.sgmo.ch\/fr\/a-propos-de-nous\/financement\/","title":{"rendered":"Financement"},"content":{"rendered":"<div  class='flex_column av-7fyry-b2055a599d52a45efd19a499dfc2bb8a av_one_full  avia-builder-el-0  el_before_av_one_full  avia-builder-el-first  first flex_column_div  '     ><style type=\"text\/css\" data-created_by=\"avia_inline_auto\" id=\"style-css-av-lfjkyeo9-176759bfe03b938c22b52c971cbe5b5b\">\n#top .av-special-heading.av-lfjkyeo9-176759bfe03b938c22b52c971cbe5b5b{\npadding-bottom:0;\n}\nbody .av-special-heading.av-lfjkyeo9-176759bfe03b938c22b52c971cbe5b5b .av-special-heading-tag .heading-char{\nfont-size:25px;\n}\n.av-special-heading.av-lfjkyeo9-176759bfe03b938c22b52c971cbe5b5b .av-subheading{\nfont-size:15px;\n}\n<\/style>\n<div  class='av-special-heading av-lfjkyeo9-176759bfe03b938c22b52c971cbe5b5b av-special-heading-h3  avia-builder-el-1  avia-builder-el-no-sibling '><h3 class='av-special-heading-tag '  itemprop=\"headline\"  >Financement<\/h3><div class=\"special-heading-border\"><div class=\"special-heading-inner-border\"><\/div><\/div><\/div><\/div>\n<div  class='flex_column av-5i4edi-ae89fd5aa024c579e2c7dad34218416d av_one_full  avia-builder-el-2  el_after_av_one_full  avia-builder-el-last  first flex_column_div  column-top-margin'     ><section  class='av_textblock_section av-57gf2m-14fdb48748e3082c203f8760e4682d15 '   itemscope=\"itemscope\" itemtype=\"https:\/\/schema.org\/CreativeWork\" ><div class='avia_textblock'  itemprop=\"text\" ><p><strong>Publication des prestations en esp\u00e8ces vers\u00e9es \u00e0 la <\/strong><strong>Soci\u00e9t\u00e9 suisse d&rsquo;oncologie m\u00e9dicale (SSOM)<\/strong><\/p>\n<p>La SSOM est une association au sens de l&rsquo;art. 60 du Code civil suisse. Elle est l&rsquo;association professionnelle et la soci\u00e9t\u00e9 m\u00e9dicale des m\u00e9decins titulaires du titre de sp\u00e9cialiste en oncologie m\u00e9dicale. La SSOM est une organisation \u00e0 but non lucratif et ne poursuit aucun objectif \u00e9conomique.<\/p>\n<p>La SSOM finance ses activit\u00e9s principalement par les cotisations de ses membres ; les contributions de tiers sont indiqu\u00e9es de mani\u00e8re transparente. L&rsquo;ind\u00e9pendance de la SSOM est garantie \u00e0 tout moment et n&rsquo;est pas compromise par des contributions de tiers.<\/p>\n<p>La collaboration entre les professionnels de la sant\u00e9, les organisations de sant\u00e9, les organisateurs de congr\u00e8s et l&rsquo;industrie est soumise \u00e0 des dispositions l\u00e9gales, des codes de d\u00e9ontologie et des codes de conduite. Pour ses manifestations\/congr\u00e8s, la SSOM mise sur le multisponsoring par le biais de plusieurs contributions d&rsquo;entreprises ind\u00e9pendantes les unes des autres, r\u00e9parties en cat\u00e9gories de sponsors selon des crit\u00e8res de sponsoring transparents. La collaboration avec l&rsquo;industrie est document\u00e9e et les fonds re\u00e7us sont indiqu\u00e9s ouvertement sur le site web.<\/p>\n<p>Le parrainage, renouvel\u00e9 chaque ann\u00e9e, respecte strictement les directives en vigueur, en particulier l&rsquo;Ordonnance sur l&rsquo;int\u00e9grit\u00e9 et la transparence dans le domaine des moyens th\u00e9rapeutiques (<a href=\"https:\/\/www.fedlex.admin.ch\/eli\/cc\/2019\/273\/fr\" target=\"_blank\" rel=\"noopener\">OITPTh<\/a>), les <a href=\"https:\/\/www.samw.ch\/fr\/Publications\/Directives.html\" target=\"_blank\" rel=\"noopener\">directives de l&rsquo;ASSM<\/a> et le <a href=\"https:\/\/www.scienceindustries.ch\/fr\/article\/13702\/code-de-cooperation-pharmaceutique\" target=\"_blank\" rel=\"noopener\">Code de coop\u00e9ration pharmaceutique<\/a>. Ces derni\u00e8res garantissent le maintien de l&rsquo;ind\u00e9pendance. Les entreprises pharmaceutiques n&rsquo;ont aucune influence sur le programme scientifique. Leur participation aux manifestations n&rsquo;est possible que de mani\u00e8re limit\u00e9e. Tous les intervenants doivent d\u00e9clarer les conflits d&rsquo;int\u00e9r\u00eats potentiels.<\/p>\n<p><a href=\"https:\/\/www.sgmo.ch\/wp-content\/uploads\/Offenlegung-SGMO-2024.pdf\" target=\"_blank\" rel=\"noopener\">Publication des subventions 2024<\/a><\/p>\n<\/div><\/section><\/div>\n","protected":false},"excerpt":{"rendered":"","protected":false},"author":1,"featured_media":0,"parent":3848,"menu_order":5,"comment_status":"closed","ping_status":"closed","template":"","meta":{"_acf_changed":false,"footnotes":""},"class_list":["post-11248","page","type-page","status-publish","hentry"],"acf":[],"_links":{"self":[{"href":"https:\/\/www.sgmo.ch\/fr\/wp-json\/wp\/v2\/pages\/11248","targetHints":{"allow":["GET"]}}],"collection":[{"href":"https:\/\/www.sgmo.ch\/fr\/wp-json\/wp\/v2\/pages"}],"about":[{"href":"https:\/\/www.sgmo.ch\/fr\/wp-json\/wp\/v2\/types\/page"}],"author":[{"embeddable":true,"href":"https:\/\/www.sgmo.ch\/fr\/wp-json\/wp\/v2\/users\/1"}],"replies":[{"embeddable":true,"href":"https:\/\/www.sgmo.ch\/fr\/wp-json\/wp\/v2\/comments?post=11248"}],"version-history":[{"count":4,"href":"https:\/\/www.sgmo.ch\/fr\/wp-json\/wp\/v2\/pages\/11248\/revisions"}],"predecessor-version":[{"id":11281,"href":"https:\/\/www.sgmo.ch\/fr\/wp-json\/wp\/v2\/pages\/11248\/revisions\/11281"}],"up":[{"embeddable":true,"href":"https:\/\/www.sgmo.ch\/fr\/wp-json\/wp\/v2\/pages\/3848"}],"wp:attachment":[{"href":"https:\/\/www.sgmo.ch\/fr\/wp-json\/wp\/v2\/media?parent=11248"}],"curies":[{"name":"wp","href":"https:\/\/api.w.org\/{rel}","templated":true}]}}