{"id":1514,"date":"2023-03-21T12:16:46","date_gmt":"2023-03-21T11:16:46","guid":{"rendered":"https:\/\/www.sgmo.ch\/?page_id=1514"},"modified":"2023-03-21T12:17:33","modified_gmt":"2023-03-21T11:17:33","slug":"nous-avons-recu-le-document","status":"publish","type":"page","link":"https:\/\/www.sgmo.ch\/fr\/nous-avons-recu-le-document\/","title":{"rendered":"Nous avons re\u00e7u le document"},"content":{"rendered":"<p>Nous avons bien re\u00e7u votre fichier et allons rapidement proc\u00e9der \u00e0 sa validation. Vous recevrez un e-mail de confirmation d\u00e8s que votre programme sera mis \u00e0 jour sur le calendrier des formations continues.<\/p>\n","protected":false},"excerpt":{"rendered":"<p>Nous avons bien re\u00e7u votre fichier et allons rapidement proc\u00e9der \u00e0 sa validation. Vous recevrez un e-mail de confirmation d\u00e8s que votre programme sera mis \u00e0 jour sur le calendrier [&hellip;]<\/p>\n","protected":false},"author":2,"featured_media":0,"parent":0,"menu_order":0,"comment_status":"closed","ping_status":"closed","template":"","meta":{"_acf_changed":false,"footnotes":""},"class_list":["post-1514","page","type-page","status-publish","hentry"],"acf":[],"_links":{"self":[{"href":"https:\/\/www.sgmo.ch\/fr\/wp-json\/wp\/v2\/pages\/1514","targetHints":{"allow":["GET"]}}],"collection":[{"href":"https:\/\/www.sgmo.ch\/fr\/wp-json\/wp\/v2\/pages"}],"about":[{"href":"https:\/\/www.sgmo.ch\/fr\/wp-json\/wp\/v2\/types\/page"}],"author":[{"embeddable":true,"href":"https:\/\/www.sgmo.ch\/fr\/wp-json\/wp\/v2\/users\/2"}],"replies":[{"embeddable":true,"href":"https:\/\/www.sgmo.ch\/fr\/wp-json\/wp\/v2\/comments?post=1514"}],"version-history":[{"count":2,"href":"https:\/\/www.sgmo.ch\/fr\/wp-json\/wp\/v2\/pages\/1514\/revisions"}],"predecessor-version":[{"id":1516,"href":"https:\/\/www.sgmo.ch\/fr\/wp-json\/wp\/v2\/pages\/1514\/revisions\/1516"}],"wp:attachment":[{"href":"https:\/\/www.sgmo.ch\/fr\/wp-json\/wp\/v2\/media?parent=1514"}],"curies":[{"name":"wp","href":"https:\/\/api.w.org\/{rel}","templated":true}]}}