{"id":3848,"date":"2023-02-24T12:26:00","date_gmt":"2023-02-24T11:26:00","guid":{"rendered":"https:\/\/www.sgmo.ch\/?page_id=3848"},"modified":"2025-10-02T16:05:44","modified_gmt":"2025-10-02T14:05:44","slug":"a-propos-de-nous","status":"publish","type":"page","link":"https:\/\/www.sgmo.ch\/fr\/a-propos-de-nous\/","title":{"rendered":"\u00c0 propos de nous"},"content":{"rendered":"<div  class='flex_column av-2qpjco-56494b9092583645f669d473d18d4c51 av_one_full  avia-builder-el-0  el_before_av_one_full  avia-builder-el-first  first flex_column_div  '     ><style type=\"text\/css\" data-created_by=\"avia_inline_auto\" id=\"style-css-av-lfjl57it-d008b7dbec08583138451a5844ca90b0\">\n#top .av-special-heading.av-lfjl57it-d008b7dbec08583138451a5844ca90b0{\npadding-bottom:0;\n}\nbody .av-special-heading.av-lfjl57it-d008b7dbec08583138451a5844ca90b0 .av-special-heading-tag .heading-char{\nfont-size:25px;\n}\n.av-special-heading.av-lfjl57it-d008b7dbec08583138451a5844ca90b0 .av-subheading{\nfont-size:15px;\n}\n<\/style>\n<div  class='av-special-heading av-lfjl57it-d008b7dbec08583138451a5844ca90b0 av-special-heading-h3  avia-builder-el-1  avia-builder-el-no-sibling '><h3 class='av-special-heading-tag '  itemprop=\"headline\"  >\u00c0 propos de nous<\/h3><div class=\"special-heading-border\"><div class=\"special-heading-inner-border\"><\/div><\/div><\/div><\/div>\n<div  class='flex_column av-2nyym-ccad8c976fdd1a902ac3929f8d54036b av_one_full  avia-builder-el-2  el_after_av_one_full  avia-builder-el-last  first flex_column_div  column-top-margin'     ><p><section  class='av_textblock_section av-lexym4rq-234a2ffe72fe48e7c4dbf39df116ff03 '   itemscope=\"itemscope\" itemtype=\"https:\/\/schema.org\/CreativeWork\" ><div class='avia_textblock'  itemprop=\"text\" ><p>La Soci\u00e9t\u00e9 Suisse d&rsquo;Oncologie M\u00e9dicale (SSOM) est l&rsquo;association professionnelle et la soci\u00e9t\u00e9 sp\u00e9cialis\u00e9e des m\u00e9decins titulaires du titre de sp\u00e9cialiste en oncologie m\u00e9dicale.<\/p>\n<p>Fond\u00e9e le 1er juillet 1993, la SSOM a un caract\u00e8re d&rsquo;utilit\u00e9 publique et ne poursuit pas d&rsquo;objectifs \u00e9conomiques. Depuis le 1er octobre 2013, Dominique Froidevaux est le directeur g\u00e9n\u00e9ral de la SSOM et Pro Medicus GmbH en assure la gestion.<\/p>\n<\/div><\/section><br \/>\n<div  class='hr av-vs5q-c4816f7b8b58df88a7b58746c88c28b4 hr-default  avia-builder-el-4  el_after_av_textblock  el_before_av_button '><span class='hr-inner '><span class=\"hr-inner-style\"><\/span><\/span><\/div><br \/>\n<div  class='avia-button-wrap av-lewzpwn6-dfe97f0f3d15434d4fd47beacea5dcfe-wrap avia-button-left  avia-builder-el-5  el_after_av_hr  el_before_av_button '><a href='https:\/\/www.sgmo.ch\/fr\/a-propos-de-nous\/charte-et-statuts\/'  class='avia-button av-lewzpwn6-dfe97f0f3d15434d4fd47beacea5dcfe av-link-btn avia-icon_select-no avia-size-x-large avia-position-left avia-color-dark'   aria-label=\"Charte et statuts\"><span class='avia_iconbox_title' >Charte et statuts<\/span><\/a><\/div><br \/>\n<div  class='avia-button-wrap av-lexyp0nq-98b00577f304e3c1ab78730cf21bab87-wrap avia-button-left  avia-builder-el-6  el_after_av_button  el_before_av_button '><a href='https:\/\/www.sgmo.ch\/fr\/a-propos-de-nous\/conseil-dadministration\/'  class='avia-button av-lexyp0nq-98b00577f304e3c1ab78730cf21bab87 av-link-btn avia-icon_select-no avia-size-x-large avia-position-left avia-color-dark'   aria-label=\"Conseil d\u2019administration\"><span class='avia_iconbox_title' >Conseil d\u2019administration<\/span><\/a><\/div><br \/>\n<div  class='avia-button-wrap av-lexypbll-b8dbab1f471f1c18f9eccebae172e245-wrap avia-button-left  avia-builder-el-7  el_after_av_button  el_before_av_button '><a href='https:\/\/www.sgmo.ch\/fr\/a-propos-de-nous\/ressorts\/'  class='avia-button av-lexypbll-b8dbab1f471f1c18f9eccebae172e245 av-link-btn avia-icon_select-no avia-size-x-large avia-position-left avia-color-dark'   aria-label=\"Ressorts\"><span class='avia_iconbox_title' >Ressorts<\/span><\/a><\/div><br \/>\n<div  class='avia-button-wrap av-lexypoov-35f6a46a83737a1baee05ddc76c70ea4-wrap avia-button-left  avia-builder-el-8  el_after_av_button  el_before_av_button '><a href='https:\/\/www.sgmo.ch\/fr\/a-propos-de-nous\/secretariat\/'  class='avia-button av-lexypoov-35f6a46a83737a1baee05ddc76c70ea4 av-link-btn avia-icon_select-no avia-size-x-large avia-position-left avia-color-dark'   aria-label=\"Secr\u00e9tariat\"><span class='avia_iconbox_title' >Secr\u00e9tariat<\/span><\/a><\/div><br \/>\n<div  class='avia-button-wrap av-mcblnjt2-58744fd79ed6ee239ac85a8bbce6aa50-wrap avia-button-left  avia-builder-el-9  el_after_av_button  avia-builder-el-last '><a href='https:\/\/www.sgmo.ch\/fr\/a-propos-de-nous\/charte-et-statuts\/'  class='avia-button av-mcblnjt2-58744fd79ed6ee239ac85a8bbce6aa50 av-link-btn avia-icon_select-no avia-size-x-large avia-position-left avia-color-dark'   aria-label=\"Financement\"><span class='avia_iconbox_title' >Financement<\/span><\/a><\/div><\/p><\/div>\n","protected":false},"excerpt":{"rendered":"","protected":false},"author":1,"featured_media":0,"parent":0,"menu_order":0,"comment_status":"closed","ping_status":"closed","template":"","meta":{"_acf_changed":false,"footnotes":""},"class_list":["post-3848","page","type-page","status-publish","hentry"],"acf":[],"_links":{"self":[{"href":"https:\/\/www.sgmo.ch\/fr\/wp-json\/wp\/v2\/pages\/3848","targetHints":{"allow":["GET"]}}],"collection":[{"href":"https:\/\/www.sgmo.ch\/fr\/wp-json\/wp\/v2\/pages"}],"about":[{"href":"https:\/\/www.sgmo.ch\/fr\/wp-json\/wp\/v2\/types\/page"}],"author":[{"embeddable":true,"href":"https:\/\/www.sgmo.ch\/fr\/wp-json\/wp\/v2\/users\/1"}],"replies":[{"embeddable":true,"href":"https:\/\/www.sgmo.ch\/fr\/wp-json\/wp\/v2\/comments?post=3848"}],"version-history":[{"count":10,"href":"https:\/\/www.sgmo.ch\/fr\/wp-json\/wp\/v2\/pages\/3848\/revisions"}],"predecessor-version":[{"id":12001,"href":"https:\/\/www.sgmo.ch\/fr\/wp-json\/wp\/v2\/pages\/3848\/revisions\/12001"}],"wp:attachment":[{"href":"https:\/\/www.sgmo.ch\/fr\/wp-json\/wp\/v2\/media?parent=3848"}],"curies":[{"name":"wp","href":"https:\/\/api.w.org\/{rel}","templated":true}]}}