{"id":3863,"date":"2023-03-07T08:55:28","date_gmt":"2023-03-07T07:55:28","guid":{"rendered":"https:\/\/www.sgmo.ch\/?page_id=3863"},"modified":"2026-04-07T13:59:38","modified_gmt":"2026-04-07T11:59:38","slug":"ressorts","status":"publish","type":"page","link":"https:\/\/www.sgmo.ch\/fr\/a-propos-de-nous\/ressorts\/","title":{"rendered":"Ressorts"},"content":{"rendered":"<div  class='flex_column av-8zjjx-e2c222fd247dfacbdafa19060dade3fe av_one_full  avia-builder-el-0  el_before_av_one_half  avia-builder-el-first  first flex_column_div  '     ><style type=\"text\/css\" data-created_by=\"avia_inline_auto\" id=\"style-css-av-lfjl0kge-8165814c9b65c731c4ee31f802246976\">\n#top .av-special-heading.av-lfjl0kge-8165814c9b65c731c4ee31f802246976{\npadding-bottom:0;\n}\nbody .av-special-heading.av-lfjl0kge-8165814c9b65c731c4ee31f802246976 .av-special-heading-tag .heading-char{\nfont-size:25px;\n}\n.av-special-heading.av-lfjl0kge-8165814c9b65c731c4ee31f802246976 .av-subheading{\nfont-size:15px;\n}\n<\/style>\n<div  class='av-special-heading av-lfjl0kge-8165814c9b65c731c4ee31f802246976 av-special-heading-h3  avia-builder-el-1  avia-builder-el-no-sibling '><h3 class='av-special-heading-tag '  itemprop=\"headline\"  >Ressorts<\/h3><div class=\"special-heading-border\"><div class=\"special-heading-inner-border\"><\/div><\/div><\/div><\/div>\n<div  class='flex_column av-sdcp1-011c4876f308a737ca091f700941d42e av_one_half  avia-builder-el-2  el_after_av_one_full  el_before_av_one_half  first flex_column_div  column-top-margin'     ><section  class='av_textblock_section av-kkw8t-74f58bf7d7244cd0f5c6a823aa74dc75 '   itemscope=\"itemscope\" itemtype=\"https:\/\/schema.org\/CreativeWork\" ><div class='avia_textblock'  itemprop=\"text\" ><h2>Commission de l&rsquo;\u00e9ducation<\/h2>\n<p>Prof. Dr. med. Daniel Betticher<br \/>\nDr. med. Hasna Bouchaab<br \/>\nDr. med. Eugenio Fernandez (Co-Lead)<br \/>\nDr. med. Daniel Helbling<br \/>\nProf. Dr. med. Felicitas Hitz<br \/>\nProf. Dr. med. Ursula Kapp<br \/>\nDr. med. Walter Mingrone<br \/>\nProf. Dr. med. Solange Peters<br \/>\nProf. Dr. med. Arnaud Roth<br \/>\nDr. med. Isabel Stiefel<br \/>\nPD Dr. med. Ursula Vogl<br \/>\npract. med. Kathrin Vollmer (Co-Lead)<br \/>\nProf. Dr. med. Dr. phil. Andreas Wicki<\/p>\n<h2>Commission d\u2019examen<\/h2>\n<p>Prof. Dr. med. Daniel Betticher<br \/>\nProf. Dr. med. Markus Borner<br \/>\nDr. med. Marie-Claire Flynn Desax<br \/>\nDr. med. Daniel Helbling<br \/>\nDr. med. Volker Kirchner<br \/>\nDr. med. Walter Mingrone<br \/>\nDr. med. Claudia Papet (Co-Lead)<br \/>\nProf. Dr. med. Bernhard Pestalozzi<br \/>\nProf. Dr. med. Solange Peters<br \/>\npract. med. Kathrin Vollmer (Co-Lead, a.i. jusqu&rsquo;\u00e0 fin 2026)<\/p>\n<h2>Donn\u00e9es et qualit\u00e9<\/h2>\n<p>Dr. med. Mareike Buchmann<br \/>\nM Sc Dominique Froidevaux<br \/>\nDr. med. Stefan Greuter<br \/>\nDr. med. Daniel Helbling (Lead)<br \/>\nDr. med. Walter Mingrone<br \/>\nDr. med. Val\u00e9rie Mosimann<\/p>\n<h2>Ressort Politique<\/h2>\n<p>M Sc Dominique Froidevaux<br \/>\npract. med. Kathrin Vollmer<br \/>\nProf. Dr. med. Roger von Moos<\/p>\n<h2>Communication et relations publiques<\/h2>\n<p>Prof. Dr. med. Markus Borner<br \/>\nM Sc Dominique Froidevaux<br \/>\npract. med. Kathrin Vollmer<br \/>\nProf. Dr. med. Dr. phil. Andreas Wicki<\/p>\n<h2>Tarifs et proc\u00e9dures de rentabilit\u00e9<\/h2>\n<p>Dr. med. Pierre Bohanes (Lead)<br \/>\nDr. med. Mareike Buchmann<br \/>\nDr. med. Fatime Krasniqi (Tarifs hospitaliers)<br \/>\nProf. Dr. med. Solange Peters<br \/>\nPD Dr. med. Florian Strasser<\/p>\n<h2>Zertifikat Swiss Cancer Network<\/h2>\n<p>Dr. med. Walter Mingrone<\/p>\n<h2>Recherche<\/h2>\n<p>Prof. Dr. med. Dr. phil. Andreas Wicki<\/p>\n<h2>SHOOT<\/h2>\n<p>Dr. med. Manuel Schaub (Co-Lead)<br \/>\nDr. med. Isabel Stiefel (Co-Lead)<\/p>\n<h2>Finance<\/h2>\n<p>Dr. med. Volker Kirchner<\/p>\n<\/div><\/section><\/div><div  class='flex_column av-do3gd-c7f140d41346058663afd730a6b7255a av_one_half  avia-builder-el-4  el_after_av_one_half  avia-builder-el-last  flex_column_div  column-top-margin'     ><section  class='av_textblock_section av-awru5-86a064395792ab6f4ca67e1aee2084af '   itemscope=\"itemscope\" itemtype=\"https:\/\/schema.org\/CreativeWork\" ><div class='avia_textblock'  itemprop=\"text\" ><h2>Cliniques A<\/h2>\n<p>Prof. Dr. med. Dr. phil. Andreas Wicki<\/p>\n<h2>Cliniques B<\/h2>\n<p>pract. med. Kathrin Vollmer<\/p>\n<h2>Cabinet \/ Cliniques priv\u00e9es<\/h2>\n<p>Dr. med. Pierre Bohanes<br \/>\nDr. med. Daniel Helbling<br \/>\nDr. med. Volker Kirchner<\/p>\n<h2>D\u00e9l\u00e9gu\u00e9 de la Chambre m\u00e9dicale FMH<\/h2>\n<p>Dr. med. Stefan Greuter (a.i. jusqu&rsquo;\u00e0 fin 2026)<\/p>\n<h2>SAMW\u00a0D\u00e9l\u00e9gu\u00e9<\/h2>\n<p>Prof. Dr. med. Christoph Mamot<\/p>\n<h2>ESMO National Representative<\/h2>\n<p>vacant<\/p>\n<h2>DGHO D\u00e9l\u00e9gu\u00e9s<\/h2>\n<p>Prof. Dr. med. Markus Borner<br \/>\nM Sc Dominique Froidevaux<br \/>\nProf. Dr. med. Dr. phil. Andreas Wicki<\/p>\n<h2>UICC D\u00e9l\u00e9gu\u00e9<\/h2>\n<p>Prof. Dr. med. Dr. phil. Andreas Wicki<\/p>\n<h2>SIWF D\u00e9l\u00e9gu\u00e9<\/h2>\n<p>pract. med. Kathrin Vollmer<\/p>\n<h2>SAQM D\u00e9l\u00e9gu\u00e9<\/h2>\n<p>M Sc Dominique Froidevaux<br \/>\nDr. med. Daniel Helbling<\/p>\n<h2>SFSM D\u00e9l\u00e9gu\u00e9<\/h2>\n<p>Dr. med. Stefan Greuter (a.i. jusqu&rsquo;\u00e0 fin 2026)<\/p>\n<h2>Commission des laboratoires d&rsquo;analyses m\u00e9dicales (FAPL)<\/h2>\n<p>Dr. med. Kurt Beretta<\/p>\n<h2>R\u00e9habilitation oncologique (H+, OncoReha.ch)<\/h2>\n<p>PD Dr. med. Florian Strasser<\/p>\n<h2>Responsable des visites<\/h2>\n<p>Dr. med. Clemens Caspar<br \/>\nProf. Dr. med. Arnaud Roth<\/p>\n<\/div><\/section><\/div><\/p>\n","protected":false},"excerpt":{"rendered":"","protected":false},"author":1,"featured_media":0,"parent":3848,"menu_order":2,"comment_status":"closed","ping_status":"closed","template":"","meta":{"_acf_changed":false,"footnotes":""},"class_list":["post-3863","page","type-page","status-publish","hentry"],"acf":[],"_links":{"self":[{"href":"https:\/\/www.sgmo.ch\/fr\/wp-json\/wp\/v2\/pages\/3863","targetHints":{"allow":["GET"]}}],"collection":[{"href":"https:\/\/www.sgmo.ch\/fr\/wp-json\/wp\/v2\/pages"}],"about":[{"href":"https:\/\/www.sgmo.ch\/fr\/wp-json\/wp\/v2\/types\/page"}],"author":[{"embeddable":true,"href":"https:\/\/www.sgmo.ch\/fr\/wp-json\/wp\/v2\/users\/1"}],"replies":[{"embeddable":true,"href":"https:\/\/www.sgmo.ch\/fr\/wp-json\/wp\/v2\/comments?post=3863"}],"version-history":[{"count":19,"href":"https:\/\/www.sgmo.ch\/fr\/wp-json\/wp\/v2\/pages\/3863\/revisions"}],"predecessor-version":[{"id":13442,"href":"https:\/\/www.sgmo.ch\/fr\/wp-json\/wp\/v2\/pages\/3863\/revisions\/13442"}],"up":[{"embeddable":true,"href":"https:\/\/www.sgmo.ch\/fr\/wp-json\/wp\/v2\/pages\/3848"}],"wp:attachment":[{"href":"https:\/\/www.sgmo.ch\/fr\/wp-json\/wp\/v2\/media?parent=3863"}],"curies":[{"name":"wp","href":"https:\/\/api.w.org\/{rel}","templated":true}]}}