{"id":3872,"date":"2023-03-06T08:51:17","date_gmt":"2023-03-06T07:51:17","guid":{"rendered":"https:\/\/www.sgmo.ch\/?page_id=3872"},"modified":"2023-12-11T13:40:38","modified_gmt":"2023-12-11T12:40:38","slug":"charte-et-statuts","status":"publish","type":"page","link":"https:\/\/www.sgmo.ch\/fr\/a-propos-de-nous\/charte-et-statuts\/","title":{"rendered":"Charte et statuts"},"content":{"rendered":"<div  class='flex_column av-7fyry-b2055a599d52a45efd19a499dfc2bb8a av_one_full  avia-builder-el-0  el_before_av_one_full  avia-builder-el-first  first flex_column_div  '     ><style type=\"text\/css\" data-created_by=\"avia_inline_auto\" id=\"style-css-av-lfjkyeo9-ce6c72b6814e0400b4a6836e9b2c23c4\">\n#top .av-special-heading.av-lfjkyeo9-ce6c72b6814e0400b4a6836e9b2c23c4{\npadding-bottom:0;\n}\nbody .av-special-heading.av-lfjkyeo9-ce6c72b6814e0400b4a6836e9b2c23c4 .av-special-heading-tag .heading-char{\nfont-size:25px;\n}\n.av-special-heading.av-lfjkyeo9-ce6c72b6814e0400b4a6836e9b2c23c4 .av-subheading{\nfont-size:15px;\n}\n<\/style>\n<div  class='av-special-heading av-lfjkyeo9-ce6c72b6814e0400b4a6836e9b2c23c4 av-special-heading-h3  avia-builder-el-1  avia-builder-el-no-sibling '><h3 class='av-special-heading-tag '  itemprop=\"headline\"  >Charte et statuts<\/h3><div class=\"special-heading-border\"><div class=\"special-heading-inner-border\"><\/div><\/div><\/div><\/div>\n<div  class='flex_column av-5i4edi-ae89fd5aa024c579e2c7dad34218416d av_one_full  avia-builder-el-2  el_after_av_one_full  avia-builder-el-last  first flex_column_div  column-top-margin'     ><p><section  class='av_textblock_section av-57gf2m-0435f91ccf496e8ee1283545ee844724 '   itemscope=\"itemscope\" itemtype=\"https:\/\/schema.org\/CreativeWork\" ><div class='avia_textblock'  itemprop=\"text\" ><p>La SSOM<\/p>\n<ul>\n<li>assure, en collaboration avec d&rsquo;autres soci\u00e9t\u00e9s sp\u00e9cialis\u00e9es et organisations professionnelles, un traitement et un suivi optimaux de patients atteints de tumeurs<\/li>\n<li>d\u00e9finit, en collaboration avec d&rsquo;autres soci\u00e9t\u00e9s sp\u00e9cialis\u00e9es et organisations professionnelles, des normes de qualit\u00e9 pour le traitement et le suivi de patients atteints de tumeurs<\/li>\n<li>est responsable de la formation postgradu\u00e9e et continue<\/li>\n<li>d\u00e9fend les int\u00e9r\u00eats de tous les oncologues m\u00e9dicaux, ind\u00e9pendamment de la structure de soins (h\u00f4pital et cabinet m\u00e9dical, jeunes et plus \u00e2g\u00e9s)<\/li>\n<li>Les patients atteints de cancer doivent avoir acc\u00e8s rapidement et \u00e9quitablement \u00e0 des th\u00e9rapies scientifiquement prouv\u00e9es, efficaces et innovantes<\/li>\n<li>Nous voulons cr\u00e9er un cadre r\u00e9glementaire et relevant de la politique de sant\u00e9 qui permette aux oncologues m\u00e9dicaux de traiter et de suivre leurs patients efficacement conform\u00e9ment \u00e0 de strictes pr\u00e9tentions de qualit\u00e9<\/li>\n<li>Nous voulons \u00eatre per\u00e7us comme un interlocuteur comp\u00e9tent, innovant et fiable pour les questions de politique de sant\u00e9 ou les questions cliniques concernant la m\u00e9decine du cancer<\/li>\n<li>Nous nous engageons en faveur d&rsquo;une excellente s\u00e9curit\u00e9 de soins dans le traitement du cancer<\/li>\n<li>Nous voulons minimiser le fardeau administratif des oncologues m\u00e9dicaux afin qu&rsquo;ils aient le plus de temps possible \u00e0 consacrer \u00e0 leurs patients et \u00e0 la recherche<\/li>\n<li>Nous entretenons des \u00e9changes r\u00e9guliers avec les principales parties prenantes<\/li>\n<\/ul>\n<\/div><\/section><br \/>\n<div  class='avia-button-wrap av-lj5hau65-1700e814da6624164bf3e5fa3d7dec52-wrap avia-button-left  avia-builder-el-4  el_after_av_textblock  avia-builder-el-last '><a href='https:\/\/www.sgmo.ch\/wp-content\/uploads\/Statuten-SGMO_F_2023-11-22-1.pdf'  class='avia-button av-lj5hau65-1700e814da6624164bf3e5fa3d7dec52 av-link-btn avia-icon_select-no avia-size-x-large avia-position-left avia-color-dark'  target=\"_blank\"  rel=\"noopener noreferrer\"  aria-label=\"STATUTS DE LA SSOM\"><span class='avia_iconbox_title' >STATUTS DE LA SSOM<\/span><\/a><\/div><\/p><\/div>\n","protected":false},"excerpt":{"rendered":"","protected":false},"author":1,"featured_media":0,"parent":3848,"menu_order":4,"comment_status":"closed","ping_status":"closed","template":"","meta":{"_acf_changed":false,"footnotes":""},"class_list":["post-3872","page","type-page","status-publish","hentry"],"acf":[],"_links":{"self":[{"href":"https:\/\/www.sgmo.ch\/fr\/wp-json\/wp\/v2\/pages\/3872","targetHints":{"allow":["GET"]}}],"collection":[{"href":"https:\/\/www.sgmo.ch\/fr\/wp-json\/wp\/v2\/pages"}],"about":[{"href":"https:\/\/www.sgmo.ch\/fr\/wp-json\/wp\/v2\/types\/page"}],"author":[{"embeddable":true,"href":"https:\/\/www.sgmo.ch\/fr\/wp-json\/wp\/v2\/users\/1"}],"replies":[{"embeddable":true,"href":"https:\/\/www.sgmo.ch\/fr\/wp-json\/wp\/v2\/comments?post=3872"}],"version-history":[{"count":7,"href":"https:\/\/www.sgmo.ch\/fr\/wp-json\/wp\/v2\/pages\/3872\/revisions"}],"predecessor-version":[{"id":5968,"href":"https:\/\/www.sgmo.ch\/fr\/wp-json\/wp\/v2\/pages\/3872\/revisions\/5968"}],"up":[{"embeddable":true,"href":"https:\/\/www.sgmo.ch\/fr\/wp-json\/wp\/v2\/pages\/3848"}],"wp:attachment":[{"href":"https:\/\/www.sgmo.ch\/fr\/wp-json\/wp\/v2\/media?parent=3872"}],"curies":[{"name":"wp","href":"https:\/\/api.w.org\/{rel}","templated":true}]}}