{"id":3879,"date":"2023-02-24T12:26:58","date_gmt":"2023-02-24T11:26:58","guid":{"rendered":"https:\/\/www.sgmo.ch\/?page_id=3879"},"modified":"2023-06-21T11:15:50","modified_gmt":"2023-06-21T09:15:50","slug":"service","status":"publish","type":"page","link":"https:\/\/www.sgmo.ch\/fr\/service\/","title":{"rendered":"Service"},"content":{"rendered":"<div  class='flex_column av-14om5-d56ece81313b127f40c1364de3daa26e av_one_full  avia-builder-el-0  el_before_av_one_full  avia-builder-el-first  first flex_column_div  '     ><style type=\"text\/css\" data-created_by=\"avia_inline_auto\" id=\"style-css-av-lfjp3y2c-751c1724f99eebbbfbea5177aaf920ab\">\n#top .av-special-heading.av-lfjp3y2c-751c1724f99eebbbfbea5177aaf920ab{\npadding-bottom:0;\n}\nbody .av-special-heading.av-lfjp3y2c-751c1724f99eebbbfbea5177aaf920ab .av-special-heading-tag .heading-char{\nfont-size:25px;\n}\n.av-special-heading.av-lfjp3y2c-751c1724f99eebbbfbea5177aaf920ab .av-subheading{\nfont-size:15px;\n}\n<\/style>\n<div  class='av-special-heading av-lfjp3y2c-751c1724f99eebbbfbea5177aaf920ab av-special-heading-h3  avia-builder-el-1  avia-builder-el-no-sibling '><h3 class='av-special-heading-tag '  itemprop=\"headline\"  >Service<\/h3><div class=\"special-heading-border\"><div class=\"special-heading-inner-border\"><\/div><\/div><\/div><\/div>\n<div  class='flex_column av-gwwl-542b00429f0891e2fd9d59682ab03cae av_one_full  avia-builder-el-2  el_after_av_one_full  avia-builder-el-last  first flex_column_div  column-top-margin'     ><section  class='av_textblock_section av-lf81cta4-dedba562c649c35e8d6704385563a021 '   itemscope=\"itemscope\" itemtype=\"https:\/\/schema.org\/CreativeWork\" ><div class='avia_textblock'  itemprop=\"text\" ><h2 class=\"av-special-heading-tag\">Informations destin\u00e9es aux patients<\/h2>\n<h4>Ch\u00e8re patiente, cher patient<\/h4>\n<p>Le cancer est un diagnostic difficile pour les patients et leurs proches. Gr\u00e2ce aux progr\u00e8s de la m\u00e9decine, les possibilit\u00e9s de traitement se sont toutefois am\u00e9lior\u00e9es ces derni\u00e8res ann\u00e9es pour de nombreux patients atteints d&rsquo;un cancer. Il existe de plus en plus de nouvelles th\u00e9rapies efficaces et sans effets secondaires, adapt\u00e9es au patient et \u00e0 son cancer sp\u00e9cifique. C&rsquo;est pourquoi chaque patient(e) a droit \u00e0 une prise en charge individuelle et professionnelle.<\/p>\n<p><strong>Les oncologues, principaux interlocuteurs des patients<\/strong><\/p>\n<p>Aujourd&rsquo;hui, le traitement d&rsquo;un cancer fait intervenir un grand nombre de m\u00e9decins sp\u00e9cialis\u00e9s et d&rsquo;autres professionnels de sant\u00e9. Il importe aux patients de traiter des interlocuteurs fiables qui les guident tout au long de leur traitement. Il s&rsquo;agit g\u00e9n\u00e9ralement d&rsquo;oncologues m\u00e9dicaux. L&rsquo;oncologue est un sp\u00e9cialiste des maladies tumorales. Il est responsable du diagnostic, du traitement et du suivi des cancers.<\/p>\n<p><strong>Une \u00e9quipe participe au traitement.<\/strong><\/p>\n<p>L&rsquo;oncologue ne traite pas seul(e) les patients atteints de cancer, mais fait appel \u00e0 diff\u00e9rents coll\u00e8gues sp\u00e9cialistes. Pour le diagnostic, il s&rsquo;agit de radiologues et de pathologistes, pour la th\u00e9rapie, de chirurgiens qui op\u00e8rent, de gyn\u00e9cologues, d&rsquo;urologues, etc., ainsi que de radioth\u00e9rapeutes (radio-oncologues). Les sp\u00e9cialistes des soins oncologiques, de la psycho-oncologie, de la r\u00e9adaptation oncologique et de la m\u00e9decine palliative jouent \u00e9galement un r\u00f4le important. L&rsquo;oncologue coordonne le traitement en concertation avec le patient, le m\u00e9decin g\u00e9n\u00e9raliste et les sp\u00e9cialistes.<\/p>\n<p><strong>La SSOM s&rsquo;engage pour une qualit\u00e9 de traitement \u00e9lev\u00e9e<\/strong><\/p>\n<p>La Soci\u00e9t\u00e9 Suisse d&rsquo;Oncologie M\u00e9dicale (SSOM) s&rsquo;engage \u00e0 diff\u00e9rents niveaux pour une prise en charge de qualit\u00e9 des patients atteints d&rsquo;un cancer en Suisse. La SSOM<\/p>\n<ul>\n<li>s&rsquo;engage dans la formation continue et la formation permanente des oncologues m\u00e9dicaux<\/li>\n<li>\u00e9labore, conform\u00e9ment aux normes internationales, des directives de traitement contraignantes et des normes de qualit\u00e9 qui doivent \u00eatre respect\u00e9es par les oncologues m\u00e9dicaux<\/li>\n<li>encourage la collaboration avec d&rsquo;autres disciplines m\u00e9dicales afin d&rsquo;assurer une prise en charge globale des patients<\/li>\n<\/ul>\n<p>Veuillez vous adresser au <a title=\"secr\u00e9tariat\" href=\"https:\/\/www.sgmo.ch\/fr\/a-propos-de-nous\/secretariat\/\/\"> secr\u00e9tariat <\/a> si vous souhaitez faire un don ou un leg \u00e0 la SSOM.<\/p>\n<h3>Liens utiles pour les patients<\/h3>\n<p><b>Allemand<br \/>\n<\/b><a href=\"http:\/\/www.krebsliga.ch\/de\/\" target=\"_blank\" rel=\"noopener noreferrer\">Ligue suisse contre le cancer<\/a><br \/>\n<a href=\"http:\/\/www.dgho-onkopedia.de\/\" target=\"_blank\" rel=\"noopener noreferrer\">Soci\u00e9t\u00e9 allemande d&rsquo;h\u00e9matologie et d&rsquo;oncologie m\u00e9dicale (DGHO)<\/a><\/p>\n<p><b>Fran\u00e7ais<br \/>\n<\/b><a href=\"http:\/\/www.e-cancer.fr\/cancerinfo\/\" target=\"_blank\" rel=\"noopener noreferrer\">Institut National du Cancer<\/a><\/p>\n<p><b>Italien<br \/>\n<\/b><a href=\"http:\/\/www.airc.it\/\" target=\"_blank\" rel=\"noopener noreferrer\">Association italienne pour la recherche sur le cancer (AICR)<\/a><\/p>\n<p><b>Anglais<br \/>\n<\/b><a href=\"http:\/\/www.cancer.gov\/\" target=\"_blank\" rel=\"noopener noreferrer\">Institut national du cancer des \u00c9tats-Unis (NCI)<\/a><br \/>\n<a href=\"http:\/\/www.esmo.org\/patients\/\" target=\"_blank\" rel=\"noopener noreferrer\">Soci\u00e9t\u00e9 europ\u00e9enne d&rsquo;oncologie m\u00e9dicale (SEOM)<\/a><br \/>\n<a href=\"http:\/\/www.cancer.net\/\" target=\"_blank\" rel=\"noopener noreferrer\">American Society of Clinical Oncology (ASCO)<\/a><i><br \/>\n<\/i><\/p>\n<\/div><\/section><\/div>\n","protected":false},"excerpt":{"rendered":"","protected":false},"author":1,"featured_media":0,"parent":0,"menu_order":0,"comment_status":"closed","ping_status":"closed","template":"","meta":{"_acf_changed":false,"footnotes":""},"class_list":["post-3879","page","type-page","status-publish","hentry"],"acf":[],"_links":{"self":[{"href":"https:\/\/www.sgmo.ch\/fr\/wp-json\/wp\/v2\/pages\/3879","targetHints":{"allow":["GET"]}}],"collection":[{"href":"https:\/\/www.sgmo.ch\/fr\/wp-json\/wp\/v2\/pages"}],"about":[{"href":"https:\/\/www.sgmo.ch\/fr\/wp-json\/wp\/v2\/types\/page"}],"author":[{"embeddable":true,"href":"https:\/\/www.sgmo.ch\/fr\/wp-json\/wp\/v2\/users\/1"}],"replies":[{"embeddable":true,"href":"https:\/\/www.sgmo.ch\/fr\/wp-json\/wp\/v2\/comments?post=3879"}],"version-history":[{"count":4,"href":"https:\/\/www.sgmo.ch\/fr\/wp-json\/wp\/v2\/pages\/3879\/revisions"}],"predecessor-version":[{"id":3886,"href":"https:\/\/www.sgmo.ch\/fr\/wp-json\/wp\/v2\/pages\/3879\/revisions\/3886"}],"wp:attachment":[{"href":"https:\/\/www.sgmo.ch\/fr\/wp-json\/wp\/v2\/media?parent=3879"}],"curies":[{"name":"wp","href":"https:\/\/api.w.org\/{rel}","templated":true}]}}