{"id":3894,"date":"2023-03-15T09:08:02","date_gmt":"2023-03-15T08:08:02","guid":{"rendered":"https:\/\/www.sgmo.ch\/?page_id=3894"},"modified":"2023-06-21T11:25:27","modified_gmt":"2023-06-21T09:25:27","slug":"liens","status":"publish","type":"page","link":"https:\/\/www.sgmo.ch\/fr\/service\/liens\/","title":{"rendered":"Liens"},"content":{"rendered":"<div  class='flex_column av-76hal-36376efd14aacad8560fc030538c1180 av_one_full  avia-builder-el-0  el_before_av_one_full  avia-builder-el-first  first flex_column_div  '     ><style type=\"text\/css\" data-created_by=\"avia_inline_auto\" id=\"style-css-av-lfjp5pdp-adbac28e2c7c2215d25c5eb867f6aa63\">\n#top .av-special-heading.av-lfjp5pdp-adbac28e2c7c2215d25c5eb867f6aa63{\npadding-bottom:0;\n}\nbody .av-special-heading.av-lfjp5pdp-adbac28e2c7c2215d25c5eb867f6aa63 .av-special-heading-tag .heading-char{\nfont-size:25px;\n}\n.av-special-heading.av-lfjp5pdp-adbac28e2c7c2215d25c5eb867f6aa63 .av-subheading{\nfont-size:15px;\n}\n<\/style>\n<div  class='av-special-heading av-lfjp5pdp-adbac28e2c7c2215d25c5eb867f6aa63 av-special-heading-h3  avia-builder-el-1  avia-builder-el-no-sibling '><h3 class='av-special-heading-tag '  itemprop=\"headline\"  >Liens<\/h3><div class=\"special-heading-border\"><div class=\"special-heading-inner-border\"><\/div><\/div><\/div><\/div>\n<div  class='flex_column av-897l1-a639e8abb91fe17261176133804328ee av_one_full  avia-builder-el-2  el_after_av_one_full  avia-builder-el-last  first flex_column_div  column-top-margin'     ><section  class='av_textblock_section av-lf9ehu3f-39c53f3514b78b6ae579adf22c079c3d '   itemscope=\"itemscope\" itemtype=\"https:\/\/schema.org\/CreativeWork\" ><div class='avia_textblock'  itemprop=\"text\" ><p><a href=\"https:\/\/www.dgho.de\/\" target=\"_blank\" rel=\"noopener\">Soci\u00e9t\u00e9 allemande d&rsquo;h\u00e9matologie et d&rsquo;oncologie (DGHO)<\/a><br \/>\n<a href=\"http:\/\/www.esmo.org\/\" target=\"_blank\" rel=\"noopener\">Soci\u00e9t\u00e9 europ\u00e9enne d&rsquo;oncologie m\u00e9dicale (SEOM)<\/a><br \/>\n<a href=\"http:\/\/www.fmh.ch\/\" target=\"_blank\" rel=\"noopener\">F\u00e9d\u00e9ration des m\u00e9decins suisses (FMH)<\/a><br \/>\n<a href=\"http:\/\/www.oegho.at\/\" target=\"_blank\" rel=\"noopener\">Soci\u00e9t\u00e9 autrichienne d&rsquo;h\u00e9matologie et d&rsquo;oncologie (OEGHO)<\/a><br \/>\n<a href=\"https:\/\/www.onkologiepflege.ch\/\" target=\"_blank\" rel=\"noopener\">Soins en oncologie Suisse<\/a><br \/>\n<a href=\"http:\/\/www.dgho-onkopedia.de\/\" target=\"_blank\" rel=\"noopener\">Base de donn\u00e9es de connaissances en ligne pour l&rsquo;oncologie et l&rsquo;h\u00e9matologie Onkopedia<\/a><br \/>\n<a title=\"Orale Tumortherapie\" href=\"http:\/\/www.oraletumortherapie.ch\/\" target=\"_blank\" rel=\"noopener\">Anticanc\u00e9reux par voie orale<\/a><br \/>\n<a href=\"http:\/\/www.fmh.ch\/saqm.html\" target=\"_blank\" rel=\"noopener\">Coordination des activit\u00e9s qualit\u00e9 des m\u00e9decins (ASQM)<\/a><br \/>\n<a href=\"http:\/\/www.sgh-ssh.ch\/\" target=\"_blank\" rel=\"noopener\">Soci\u00e9t\u00e9 suisse d&rsquo;h\u00e9matologie (SGH-SSH)<\/a><br \/>\n<a href=\"http:\/\/www.sgaim.ch\/\" target=\"_blank\" rel=\"noopener\">Soci\u00e9t\u00e9 Suisse de M\u00e9decine Interne G\u00e9n\u00e9rale (SSMIG)<\/a><br \/>\n<a href=\"https:\/\/www.sohc.ch\/en\/\" target=\"_blank\" rel=\"noopener\">SOHC Swiss Oncology and Hematology Congress<\/a><br \/>\n<a href=\"http:\/\/www.fmhjob.ch\/\" target=\"_blank\" rel=\"noopener\">Bourse de l&#8217;emploi FMH<\/a><br \/>\n<a href=\"https:\/\/www.sro-ssro.ch\/\" target=\"_blank\" rel=\"noopener\">Soci\u00e9t\u00e9 suisse de radio-oncologie (SSRO)<\/a><\/p>\n<\/div><\/section><\/div>\n","protected":false},"excerpt":{"rendered":"","protected":false},"author":1,"featured_media":0,"parent":3879,"menu_order":3,"comment_status":"closed","ping_status":"closed","template":"","meta":{"_acf_changed":false,"footnotes":""},"class_list":["post-3894","page","type-page","status-publish","hentry"],"acf":[],"_links":{"self":[{"href":"https:\/\/www.sgmo.ch\/fr\/wp-json\/wp\/v2\/pages\/3894","targetHints":{"allow":["GET"]}}],"collection":[{"href":"https:\/\/www.sgmo.ch\/fr\/wp-json\/wp\/v2\/pages"}],"about":[{"href":"https:\/\/www.sgmo.ch\/fr\/wp-json\/wp\/v2\/types\/page"}],"author":[{"embeddable":true,"href":"https:\/\/www.sgmo.ch\/fr\/wp-json\/wp\/v2\/users\/1"}],"replies":[{"embeddable":true,"href":"https:\/\/www.sgmo.ch\/fr\/wp-json\/wp\/v2\/comments?post=3894"}],"version-history":[{"count":3,"href":"https:\/\/www.sgmo.ch\/fr\/wp-json\/wp\/v2\/pages\/3894\/revisions"}],"predecessor-version":[{"id":3896,"href":"https:\/\/www.sgmo.ch\/fr\/wp-json\/wp\/v2\/pages\/3894\/revisions\/3896"}],"up":[{"embeddable":true,"href":"https:\/\/www.sgmo.ch\/fr\/wp-json\/wp\/v2\/pages\/3879"}],"wp:attachment":[{"href":"https:\/\/www.sgmo.ch\/fr\/wp-json\/wp\/v2\/media?parent=3894"}],"curies":[{"name":"wp","href":"https:\/\/api.w.org\/{rel}","templated":true}]}}