{"id":3898,"date":"2023-02-24T12:26:15","date_gmt":"2023-02-24T11:26:15","guid":{"rendered":"https:\/\/www.sgmo.ch\/?page_id=3898"},"modified":"2023-08-02T10:28:35","modified_gmt":"2023-08-02T08:28:35","slug":"adhesion","status":"publish","type":"page","link":"https:\/\/www.sgmo.ch\/fr\/adhesion\/","title":{"rendered":"Adh\u00e9sion"},"content":{"rendered":"<div id='full_slider_1'  class='avia-fullwidth-slider main_color avia-shadow   avia-builder-el-0  el_before_av_two_third  avia-builder-el-first   container_wrap sidebar_right'  >\n<style type=\"text\/css\" data-created_by=\"avia_inline_auto\" id=\"style-css-av-lf9gc96e-de89e9f2186f02c3cfd314fcd923aedf\">\n#top #wrap_all .avia-slideshow .av-slideshow-caption.av-lf9gc96e-de89e9f2186f02c3cfd314fcd923aedf__0 .avia-caption-title{\ncolor:#ffffff;\n}\n#top .avia-slideshow .av-slideshow-caption.av-lf9gc96e-de89e9f2186f02c3cfd314fcd923aedf__0 .avia-caption-content{\ncolor:#ffffff;\n}\n<\/style>\n<div  class='avia-slideshow av-lf9gc96e-de89e9f2186f02c3cfd314fcd923aedf avia-slideshow-featured av_slideshow_full avia-slide-slider av-slideshow-ui av-control-default av-slideshow-manual av-loop-once av-loop-manual-endless av-default-height-applied   avia-slideshow-1' data-slideshow-options=\"{&quot;animation&quot;:&quot;slide&quot;,&quot;autoplay&quot;:false,&quot;loop_autoplay&quot;:&quot;once&quot;,&quot;interval&quot;:5,&quot;loop_manual&quot;:&quot;manual-endless&quot;,&quot;autoplay_stopper&quot;:false,&quot;noNavigation&quot;:false,&quot;bg_slider&quot;:false,&quot;keep_padding&quot;:false,&quot;hoverpause&quot;:false,&quot;show_slide_delay&quot;:0}\"  itemprop=\"image\" itemscope=\"itemscope\" itemtype=\"https:\/\/schema.org\/ImageObject\" ><ul class='avia-slideshow-inner ' style='padding-bottom: 28.666666666667%;'><li  class='avia-slideshow-slide av-lf9gc96e-de89e9f2186f02c3cfd314fcd923aedf__0  av-single-slide slide-1 slide-odd'><div data-rel='slideshow-1' class='avia-slide-wrap '   ><div class='av-slideshow-caption av-lf9gc96e-de89e9f2186f02c3cfd314fcd923aedf__0 caption_fullwidth caption_bottom caption_bottom_framed caption_framed'><div class=\"container caption_container\"><div class=\"slideshow_caption\"><div class=\"slideshow_inner_caption\"><div class=\"slideshow_align_caption\"><h2 class='avia-caption-title '  itemprop=\"name\" >Ensemble pour une oncologie m\u00e9dicale forte en Suisse.<\/h2><div class='avia-caption-content av_inherit_color'  itemprop=\"description\" ><p>Devenez membre maintenant !<\/p>\n<\/div><\/div><\/div><\/div><\/div><\/div><img decoding=\"async\" fetchpriority=\"high\" class=\"wp-image-680 avia-img-lazy-loading-not-680\"  src=\"https:\/\/www.sgmo.ch\/wp-content\/uploads\/team-1500x430.jpg\" width=\"1500\" height=\"430\" title='team' alt=''  itemprop=\"thumbnailUrl\"  style='min-height:240px; min-width:838px; ' \/><\/div><\/li><\/ul><\/div><\/div><div id='after_full_slider_1'  class='main_color av_default_container_wrap container_wrap sidebar_right'  ><div class='container av-section-cont-open' ><div class='template-page content  av-content-small alpha units'><div class='post-entry post-entry-type-page post-entry-3898'><div class='entry-content-wrapper clearfix'>\n<div  class='flex_column av-44u7d-b999c74aaf2b66721fcb2d530604733f av_two_third  avia-builder-el-1  el_after_av_slideshow_full  el_before_av_one_third  avia-builder-el-first  first flex_column_div  '     ><p>\n<style type=\"text\/css\" data-created_by=\"avia_inline_auto\" id=\"style-css-av-lfjl8a9p-ba3104ecf3cf211df0f9ebb7084249cd\">\n#top .av-special-heading.av-lfjl8a9p-ba3104ecf3cf211df0f9ebb7084249cd{\npadding-bottom:0;\n}\nbody .av-special-heading.av-lfjl8a9p-ba3104ecf3cf211df0f9ebb7084249cd .av-special-heading-tag .heading-char{\nfont-size:25px;\n}\n.av-special-heading.av-lfjl8a9p-ba3104ecf3cf211df0f9ebb7084249cd .av-subheading{\nfont-size:15px;\n}\n<\/style>\n<div  class='av-special-heading av-lfjl8a9p-ba3104ecf3cf211df0f9ebb7084249cd av-special-heading-h3  avia-builder-el-2  el_before_av_hr  avia-builder-el-first '><h3 class='av-special-heading-tag '  itemprop=\"headline\"  >Adh\u00e9sion<\/h3><div class=\"special-heading-border\"><div class=\"special-heading-inner-border\"><\/div><\/div><\/div><br \/>\n\n<style type=\"text\/css\" data-created_by=\"avia_inline_auto\" id=\"style-css-av-lfjl8z22-528ef252b7003b9567714e8cf2004ebc\">\n#top .hr.hr-invisible.av-lfjl8z22-528ef252b7003b9567714e8cf2004ebc{\nheight:50px;\n}\n<\/style>\n<div  class='hr av-lfjl8z22-528ef252b7003b9567714e8cf2004ebc hr-invisible  avia-builder-el-3  el_after_av_heading  el_before_av_textblock '><span class='hr-inner '><span class=\"hr-inner-style\"><\/span><\/span><\/div><br \/>\n<section  class='av_textblock_section av-lf6rtd60-815980e21e3208c30c4db45598549c45 '   itemscope=\"itemscope\" itemtype=\"https:\/\/schema.org\/CreativeWork\" ><div class='avia_textblock'  itemprop=\"text\" ><h2>Une adh\u00e9sion \u00e0 la SSOM s&rsquo;accompagne de nombreux avantages<\/h2>\n<p><strong>La SSOM<\/strong><\/p>\n<ul>\n<li>d\u00e9fend les int\u00e9r\u00eats des oncologues m\u00e9dicaux aupr\u00e8s des politiciens charg\u00e9s de la sant\u00e9, des payeurs, d&rsquo;autres fournisseurs de prestations et d&rsquo;autres acteurs<\/li>\n<li>d\u00e9finit des conditions cadres ad\u00e9quates pour la formation permanente et continue en oncologie m\u00e9dicale<\/li>\n<li>soutient ses membres dans leur travail quotidien en clinique et en cabinet m\u00e9dical en leur proposant des prestations utiles<\/li>\n<li>r\u00e9unit des oncologues m\u00e9dicaux jeunes et confirm\u00e9s, ind\u00e9pendamment de leur lieu de travail (h\u00f4pital, clinique, cabinet m\u00e9dical)<\/li>\n<\/ul>\n<p><strong>En tant que membre, vous b\u00e9n\u00e9ficiez des services suivants:<\/strong><\/p>\n<ul>\n<li>Nous d\u00e9fendons vos int\u00e9r\u00eats au niveau de la politique professionnelle et de la politique de la sant\u00e9<\/li>\n<li>Vous avez acc\u00e8s \u00e0 proQura (et \u00e0 un lien menant \u00e0 la page interne de la SSOM de proQura)<\/li>\n<li>Vous avez acc\u00e8s au Swiss Patient Access Program SPAP<\/li>\n<li>Vous b\u00e9n\u00e9ficiez de frais de participation r\u00e9duits aux formations continues organis\u00e9es par la SSOM<\/li>\n<li>Vous recevez votre dipl\u00f4me de formation continue gratuitement (CHF 150.- pour les non-membres)<\/li>\n<li>Vous disposez d&rsquo;un acc\u00e8s gratuit et illimit\u00e9 \u00e0 Onkopedia, une base de connaissances en ligne sur l&rsquo;oncologie et l&rsquo;h\u00e9matologie<\/li>\n<li>Vous recevez la newsletter r\u00e9serv\u00e9e aux membres contenant des renseignements sur les formations continues actuelles, les congr\u00e8s, les initiatives importantes et bien d&rsquo;autres choses encore.<\/li>\n<\/ul>\n<\/div><\/section><br \/>\n<div  class='hr av-z3dh-80f56cd01e9fc773fe3a67781f4eb259 hr-default  avia-builder-el-5  el_after_av_textblock  el_before_av_textblock '><span class='hr-inner '><span class=\"hr-inner-style\"><\/span><\/span><\/div><br \/>\n<section  class='av_textblock_section av-lhrno3lg-96094651c231d0f0ec0746f361f3c256 '   itemscope=\"itemscope\" itemtype=\"https:\/\/schema.org\/CreativeWork\" ><div class='avia_textblock'  itemprop=\"text\" ><p><strong>Affiliation commune \u00e0 la SSOM et \u00e0 l&rsquo;ESMO<br \/>\n<\/strong>La <a href=\"http:\/\/www.esmo.org\/\" target=\"_blank\" rel=\"noopener noreferrer\">Soci\u00e9t\u00e9 europ\u00e9enne d&rsquo;oncologie m\u00e9dicale (ESMO)<\/a> a conclu un accord avec la SSOM pour une reconnaissance mutuelle privil\u00e9gi\u00e9e de leurs adh\u00e9sions. Les membres de la SSOM b\u00e9n\u00e9ficient d\u00e9sormais notamment des avantages suivants aupr\u00e8s de l&rsquo;ESMO:<\/p>\n<ul>\n<li>Cotisation annuelle de membre \u00e0 part enti\u00e8re de l&rsquo;ESMO \u00e0 prix r\u00e9duit (130 \u20ac au lieu de 175 \u20ac par an)<\/li>\n<li>Proc\u00e9dure simplifi\u00e9e de demande d&rsquo;adh\u00e9sion \u00e0 l&rsquo;ESMO<\/li>\n<\/ul>\n<\/div><\/section><br \/>\n<div  class='hr av-3b0qx-daee899cc56fae598f5cd67f073028cf hr-default  avia-builder-el-7  el_after_av_textblock  el_before_av_textblock '><span class='hr-inner '><span class=\"hr-inner-style\"><\/span><\/span><\/div><br \/>\n\n<style type=\"text\/css\" data-created_by=\"avia_inline_auto\" id=\"style-css-av-lf6sdl91-6ad0df490ecd0368696f4223805af04f\">\n#top .av_textblock_section.av-lf6sdl91-6ad0df490ecd0368696f4223805af04f .avia_textblock{\nfont-size:12px;\n}\n<\/style>\n<section  class='av_textblock_section av-lf6sdl91-6ad0df490ecd0368696f4223805af04f '   itemscope=\"itemscope\" itemtype=\"https:\/\/schema.org\/CreativeWork\" ><div class='avia_textblock'  itemprop=\"text\" ><p><em>* Le montant de la cotisation est fix\u00e9 par l&rsquo;assembl\u00e9e g\u00e9n\u00e9rale et peut varier<\/em><\/p>\n<\/div><\/section><\/p><\/div>\n<style type=\"text\/css\" data-created_by=\"avia_inline_auto\" id=\"style-css-av-36zrh-91e8e445cb2201ce53c155279855897d\">\n.flex_column.av-36zrh-91e8e445cb2201ce53c155279855897d{\nborder-radius:40px 40px 40px 40px;\npadding:50px 50px 50px 50px;\nbackground-color:#6e9f70;\n}\n<\/style>\n<div  class='flex_column av-36zrh-91e8e445cb2201ce53c155279855897d av_one_third  avia-builder-el-9  el_after_av_two_third  el_before_av_section  avia-builder-el-last  flex_column_div  '     ><section  class='av_textblock_section av-2qbzt-d5b50e8c48d242eae3a6dde2c04e96e4 '   itemscope=\"itemscope\" itemtype=\"https:\/\/schema.org\/CreativeWork\" ><div class='avia_textblock'  itemprop=\"text\" ><h3><span style=\"color: #ffffff;\">Vous pouvez devenir membre ici. Nous nous r\u00e9jouissons de votre inscription.<\/span><\/h3>\n<\/div><\/section><br \/>\n\n<style type=\"text\/css\" data-created_by=\"avia_inline_auto\" id=\"style-css-av-22nlp-e12b4d591abdd39d594c24286233372a\">\n#top .hr.hr-invisible.av-22nlp-e12b4d591abdd39d594c24286233372a{\nheight:40px;\n}\n<\/style>\n<div  class='hr av-22nlp-e12b4d591abdd39d594c24286233372a hr-invisible  avia-builder-el-11  el_after_av_textblock  el_before_av_button '><span class='hr-inner '><span class=\"hr-inner-style\"><\/span><\/span><\/div><br \/>\n<div  class='avia-button-wrap av-1gu6p-b7de5bcd7aeaaa5d6ca14ce7f4f4fe11-wrap avia-button-left  avia-builder-el-12  el_after_av_hr  avia-builder-el-last '><a href='https:\/\/sgmo.webling.ch\/forms\/memberform\/2e4dd9bdace7073629bd'  class='avia-button av-1gu6p-b7de5bcd7aeaaa5d6ca14ce7f4f4fe11 av-link-btn avia-icon_select-yes-right-icon avia-size-x-large avia-position-left avia-color-theme-color'  target=\"_blank\"  rel=\"noopener noreferrer\"  aria-label=\"VERS L\u2019INSCRIPTION\"><span class='avia_iconbox_title' >VERS L\u2019INSCRIPTION<\/span><span class='avia_button_icon avia_button_icon_right avia-iconfont avia-font-entypo-fontello' data-av_icon='\ue80c' data-av_iconfont='entypo-fontello' ><\/span><\/a><\/div><\/p><\/div><\/p>\n<\/div><\/div><\/div><!-- close content main div --><\/div><\/div><div id='av_section_1'  class='avia-section av-1pelh-c9d8b161df683de78143d3b9af18c269 alternate_color avia-section-default avia-no-border-styling  avia-builder-el-13  el_after_av_one_third  avia-builder-el-last  avia-bg-style-scroll container_wrap sidebar_right'  ><div class='container av-section-cont-open' ><div class='template-page content  av-content-small alpha units'><div class='post-entry post-entry-type-page post-entry-3898'><div class='entry-content-wrapper clearfix'>\n<div  class='flex_column av-2bf19-0b9f0ecf086d1bf741ffc3b55769f794 av_one_full  avia-builder-el-14  avia-builder-el-no-sibling  first flex_column_div  '     ><section  class='av_textblock_section av-r91l-f7f68414a2c3b365415912be4a2af1fb '   itemscope=\"itemscope\" itemtype=\"https:\/\/schema.org\/CreativeWork\" ><div class='avia_textblock'  itemprop=\"text\" ><h2>Devenez membre de l&rsquo;association.<br \/>\nNous nous r\u00e9jouissons de votre inscription !<\/h2>\n<\/div><\/section><br \/>\n\n<style type=\"text\/css\" data-created_by=\"avia_inline_auto\" id=\"style-css-av-rh81-36a91e4b26cacf9bf36a5e6956b1be05\">\n#top .hr.hr-invisible.av-rh81-36a91e4b26cacf9bf36a5e6956b1be05{\nheight:15px;\n}\n<\/style>\n<div  class='hr av-rh81-36a91e4b26cacf9bf36a5e6956b1be05 hr-invisible  avia-builder-el-16  el_after_av_textblock  el_before_av_button '><span class='hr-inner '><span class=\"hr-inner-style\"><\/span><\/span><\/div><br \/>\n<div  class='avia-button-wrap av-lf6sdzxa-946baac4058e1e44601632e96c60daf4-wrap avia-button-left  avia-builder-el-17  el_after_av_hr  el_before_av_button '><a href='https:\/\/www.sgmo.ch\/fr\/a-propos-de-nous\/'  class='avia-button av-lf6sdzxa-946baac4058e1e44601632e96c60daf4 av-link-btn avia-icon_select-no avia-size-x-large avia-position-left avia-color-dark'   aria-label=\"plus d\u2019informations\"><span class='avia_iconbox_title' >plus d\u2019informations<\/span><\/a><\/div><br \/>\n<div  class='avia-button-wrap av-11ghd-582f5fab2a4d8577c52c17a3aaf67b8c-wrap avia-button-left  avia-builder-el-18  el_after_av_button  el_before_av_hr '><a href='https:\/\/sgmo.webling.ch\/forms\/memberform\/2e4dd9bdace7073629bd'  class='avia-button av-11ghd-582f5fab2a4d8577c52c17a3aaf67b8c av-link-btn avia-icon_select-yes-right-icon avia-size-x-large avia-position-left avia-color-theme-color'  target=\"_blank\"  rel=\"noopener noreferrer\"  aria-label=\"ACC\u00c8S DIRECT \u00c0 L\u2019INSCRIPTION\"><span class='avia_iconbox_title' >ACC\u00c8S DIRECT \u00c0 L\u2019INSCRIPTION<\/span><span class='avia_button_icon avia_button_icon_right avia-iconfont avia-font-entypo-fontello' data-av_icon='\ue80c' data-av_iconfont='entypo-fontello' ><\/span><\/a><\/div><br \/>\n\n<style type=\"text\/css\" data-created_by=\"avia_inline_auto\" id=\"style-css-av-lf6w470j-427ffc2c6f6fe0f2d26d0029a169f8cb\">\n#top .hr.hr-invisible.av-lf6w470j-427ffc2c6f6fe0f2d26d0029a169f8cb{\nheight:15px;\n}\n<\/style>\n<div  class='hr av-lf6w470j-427ffc2c6f6fe0f2d26d0029a169f8cb hr-invisible  avia-builder-el-19  el_after_av_button  avia-builder-el-last '><span class='hr-inner '><span class=\"hr-inner-style\"><\/span><\/span><\/div><\/p><\/div>\n<\/div><\/div><\/div><!-- close content main div --><\/div><\/div><div id='after_section_1'  class='main_color av_default_container_wrap container_wrap sidebar_right'  ><div class='container av-section-cont-open' ><div class='template-page content  av-content-small alpha units'><div class='post-entry post-entry-type-page post-entry-3898'><div class='entry-content-wrapper clearfix'>\n","protected":false},"excerpt":{"rendered":"","protected":false},"author":1,"featured_media":0,"parent":0,"menu_order":0,"comment_status":"closed","ping_status":"closed","template":"","meta":{"_acf_changed":false,"footnotes":""},"class_list":["post-3898","page","type-page","status-publish","hentry"],"acf":[],"_links":{"self":[{"href":"https:\/\/www.sgmo.ch\/fr\/wp-json\/wp\/v2\/pages\/3898","targetHints":{"allow":["GET"]}}],"collection":[{"href":"https:\/\/www.sgmo.ch\/fr\/wp-json\/wp\/v2\/pages"}],"about":[{"href":"https:\/\/www.sgmo.ch\/fr\/wp-json\/wp\/v2\/types\/page"}],"author":[{"embeddable":true,"href":"https:\/\/www.sgmo.ch\/fr\/wp-json\/wp\/v2\/users\/1"}],"replies":[{"embeddable":true,"href":"https:\/\/www.sgmo.ch\/fr\/wp-json\/wp\/v2\/comments?post=3898"}],"version-history":[{"count":7,"href":"https:\/\/www.sgmo.ch\/fr\/wp-json\/wp\/v2\/pages\/3898\/revisions"}],"predecessor-version":[{"id":4834,"href":"https:\/\/www.sgmo.ch\/fr\/wp-json\/wp\/v2\/pages\/3898\/revisions\/4834"}],"wp:attachment":[{"href":"https:\/\/www.sgmo.ch\/fr\/wp-json\/wp\/v2\/media?parent=3898"}],"curies":[{"name":"wp","href":"https:\/\/api.w.org\/{rel}","templated":true}]}}