{"id":3906,"date":"2023-03-13T13:14:49","date_gmt":"2023-03-13T12:14:49","guid":{"rendered":"https:\/\/www.sgmo.ch\/?page_id=3906"},"modified":"2024-05-02T10:18:55","modified_gmt":"2024-05-02T08:18:55","slug":"devenir-membre","status":"publish","type":"page","link":"https:\/\/www.sgmo.ch\/fr\/adhesion\/devenir-membre\/","title":{"rendered":"Devenir membre"},"content":{"rendered":"<div  class='flex_column av-17u0w8-cfb68ffbe09218fcc523709604434d37 av_two_third  avia-builder-el-0  el_before_av_one_third  avia-builder-el-first  first flex_column_div  '     ><p>\n<style type=\"text\/css\" data-created_by=\"avia_inline_auto\" id=\"style-css-av-lfjl9ym5-ee70c69a1f3cd746e237a848d48d8664\">\n#top .av-special-heading.av-lfjl9ym5-ee70c69a1f3cd746e237a848d48d8664{\npadding-bottom:0;\n}\nbody .av-special-heading.av-lfjl9ym5-ee70c69a1f3cd746e237a848d48d8664 .av-special-heading-tag .heading-char{\nfont-size:25px;\n}\n.av-special-heading.av-lfjl9ym5-ee70c69a1f3cd746e237a848d48d8664 .av-subheading{\nfont-size:15px;\n}\n<\/style>\n<div  class='av-special-heading av-lfjl9ym5-ee70c69a1f3cd746e237a848d48d8664 av-special-heading-h3  avia-builder-el-1  el_before_av_hr  avia-builder-el-first '><h3 class='av-special-heading-tag '  itemprop=\"headline\"  >Devenir membre<\/h3><div class=\"special-heading-border\"><div class=\"special-heading-inner-border\"><\/div><\/div><\/div><br \/>\n\n<style type=\"text\/css\" data-created_by=\"avia_inline_auto\" id=\"style-css-av-6siq0-a47255112d41e3791ec69454a0dbde5d\">\n#top .hr.hr-invisible.av-6siq0-a47255112d41e3791ec69454a0dbde5d{\nheight:50px;\n}\n<\/style>\n<div  class='hr av-6siq0-a47255112d41e3791ec69454a0dbde5d hr-invisible  avia-builder-el-2  el_after_av_heading  el_before_av_textblock '><span class='hr-inner '><span class=\"hr-inner-style\"><\/span><\/span><\/div><br \/>\n<section  class='av_textblock_section av-10mcwg-e691fc65488c80428a20182e8eb9758b '   itemscope=\"itemscope\" itemtype=\"https:\/\/schema.org\/CreativeWork\" ><div class='avia_textblock'  itemprop=\"text\" ><h2>La SSOM admet les membres suivants<\/h2>\n<p><strong>Membres ordinaires<\/strong><\/p>\n<p>Les titulaires d&rsquo;un titre FMH en oncologie m\u00e9dicale sont admis imm\u00e9diatement en tant que membres de la SSOM. Les membres ordinaires ont le droit de voter et d&rsquo;\u00eatre \u00e9lus et versent actuellement une cotisation de CHF 250.-*<\/p>\n<\/div><\/section><br \/>\n<section  class='av_textblock_section av-lf6sihbc-49a56effcb2b3d39dfb13c4b17445c3c '   itemscope=\"itemscope\" itemtype=\"https:\/\/schema.org\/CreativeWork\" ><div class='avia_textblock'  itemprop=\"text\" ><p><strong>Membres extraordinaires<\/strong><\/p>\n<p>Les universitaires qui s&rsquo;int\u00e9ressent \u00e0 qui ou s&rsquo;engagent dans la recherche clinique ou exp\u00e9rimentale sur le cancer dans le domaine de l&rsquo;oncologie m\u00e9dicale ou les m\u00e9decins en formation cherchant \u00e0 d\u00e9crocher le titre d&rsquo;oncologue m\u00e9dical. Les membres extraordinaires sont admis sans autre. Les membres extraordinaires deviennent automatiquement membres ordinaires lorsqu&rsquo;ils obtiennent le titre de sp\u00e9cialiste en oncologie m\u00e9dicale. Les membres extraordinaires n&rsquo;ont le droit ni de voter ni d&rsquo;\u00eatre \u00e9lus et ne paient pas de cotisations.<\/p>\n<p>Les membres qui partent \u00e0 la retraite ou \u00e0 l&rsquo;\u00e9tranger peuvent demander \u00e0 la SSOM de les r\u00e9pertorier en tant que membres passifs. Vous trouverez de plus amples renseignements dans nos <a href=\"https:\/\/www.sgmo.ch\/fr\/a-propos-de-nous\/charte-et-statuts\/\">statuts<\/a>.<\/p>\n<\/div><\/section><br \/>\n<div  class='hr av-8ceao-290419437223c3f1d93d617299f49c63 hr-default  avia-builder-el-5  el_after_av_textblock  el_before_av_textblock '><span class='hr-inner '><span class=\"hr-inner-style\"><\/span><\/span><\/div><br \/>\n\n<style type=\"text\/css\" data-created_by=\"avia_inline_auto\" id=\"style-css-av-lf6smcuv-1d50b8069869009f558f358eba5a191d\">\n#top .av_textblock_section.av-lf6smcuv-1d50b8069869009f558f358eba5a191d .avia_textblock{\nfont-size:12px;\n}\n<\/style>\n<section  class='av_textblock_section av-lf6smcuv-1d50b8069869009f558f358eba5a191d '   itemscope=\"itemscope\" itemtype=\"https:\/\/schema.org\/CreativeWork\" ><div class='avia_textblock'  itemprop=\"text\" ><p><em>* Le montant de la cotisation est fix\u00e9 par l\u2019assembl\u00e9e g\u00e9n\u00e9rale et peut varier<\/em><\/p>\n<\/div><\/section><\/p><\/div>\n<style type=\"text\/css\" data-created_by=\"avia_inline_auto\" id=\"style-css-av-1anig0-67321134da295f9e33eeb7fbabfbd94a\">\n.flex_column.av-1anig0-67321134da295f9e33eeb7fbabfbd94a{\nborder-radius:40px 40px 40px 40px;\npadding:50px 50px 50px 50px;\nbackground-color:#6e9f70;\n}\n<\/style>\n<div  class='flex_column av-1anig0-67321134da295f9e33eeb7fbabfbd94a av_one_third  avia-builder-el-7  el_after_av_two_third  avia-builder-el-last  flex_column_div  '     ><section  class='av_textblock_section av-y4eh4-1f3dab35c6b1795e4811c13d4dc411d9 '   itemscope=\"itemscope\" itemtype=\"https:\/\/schema.org\/CreativeWork\" ><div class='avia_textblock'  itemprop=\"text\" ><h3><span style=\"color: #ffffff;\">Vous pouvez devenir membre ici. Nous nous r\u00e9jouissons de votre inscription.<\/span><\/h3>\n<\/div><\/section><br \/>\n\n<style type=\"text\/css\" data-created_by=\"avia_inline_auto\" id=\"style-css-av-poesw-c8e0eaf58e71d2b5df6c15492bd3e496\">\n#top .hr.hr-invisible.av-poesw-c8e0eaf58e71d2b5df6c15492bd3e496{\nheight:40px;\n}\n<\/style>\n<div  class='hr av-poesw-c8e0eaf58e71d2b5df6c15492bd3e496 hr-invisible  avia-builder-el-9  el_after_av_textblock  el_before_av_button '><span class='hr-inner '><span class=\"hr-inner-style\"><\/span><\/span><\/div><br \/>\n<div  class='avia-button-wrap av-jely0-2fb493d6b58b85e8cd3436eacd3da825-wrap avia-button-left  avia-builder-el-10  el_after_av_hr  avia-builder-el-last '><a href='https:\/\/sgmo.webling.ch\/forms\/memberform\/2e4dd9bdace7073629bd'  class='avia-button av-jely0-2fb493d6b58b85e8cd3436eacd3da825 av-link-btn avia-icon_select-yes-right-icon avia-size-x-large avia-position-left avia-color-theme-color'  target=\"_blank\"  rel=\"noopener noreferrer\"  aria-label=\"POUR S\u2019INSCRIRE\"><span class='avia_iconbox_title' >POUR S\u2019INSCRIRE<\/span><span class='avia_button_icon avia_button_icon_right avia-iconfont avia-font-entypo-fontello' data-av_icon='\ue80c' data-av_iconfont='entypo-fontello' ><\/span><\/a><\/div><\/p><\/div><\/p>\n","protected":false},"excerpt":{"rendered":"","protected":false},"author":1,"featured_media":0,"parent":3898,"menu_order":0,"comment_status":"closed","ping_status":"closed","template":"","meta":{"_acf_changed":false,"footnotes":""},"class_list":["post-3906","page","type-page","status-publish","hentry"],"acf":[],"_links":{"self":[{"href":"https:\/\/www.sgmo.ch\/fr\/wp-json\/wp\/v2\/pages\/3906","targetHints":{"allow":["GET"]}}],"collection":[{"href":"https:\/\/www.sgmo.ch\/fr\/wp-json\/wp\/v2\/pages"}],"about":[{"href":"https:\/\/www.sgmo.ch\/fr\/wp-json\/wp\/v2\/types\/page"}],"author":[{"embeddable":true,"href":"https:\/\/www.sgmo.ch\/fr\/wp-json\/wp\/v2\/users\/1"}],"replies":[{"embeddable":true,"href":"https:\/\/www.sgmo.ch\/fr\/wp-json\/wp\/v2\/comments?post=3906"}],"version-history":[{"count":5,"href":"https:\/\/www.sgmo.ch\/fr\/wp-json\/wp\/v2\/pages\/3906\/revisions"}],"predecessor-version":[{"id":7323,"href":"https:\/\/www.sgmo.ch\/fr\/wp-json\/wp\/v2\/pages\/3906\/revisions\/7323"}],"up":[{"embeddable":true,"href":"https:\/\/www.sgmo.ch\/fr\/wp-json\/wp\/v2\/pages\/3898"}],"wp:attachment":[{"href":"https:\/\/www.sgmo.ch\/fr\/wp-json\/wp\/v2\/media?parent=3906"}],"curies":[{"name":"wp","href":"https:\/\/api.w.org\/{rel}","templated":true}]}}