{"id":3914,"date":"2023-02-24T12:26:27","date_gmt":"2023-02-24T11:26:27","guid":{"rendered":"https:\/\/www.sgmo.ch\/?page_id=3914"},"modified":"2025-12-11T09:24:37","modified_gmt":"2025-12-11T08:24:37","slug":"formation-postgraduee","status":"publish","type":"page","link":"https:\/\/www.sgmo.ch\/fr\/formation-postgraduee\/","title":{"rendered":"Formation postgradu\u00e9e"},"content":{"rendered":"<div id='full_slider_1'  class='avia-fullwidth-slider main_color avia-shadow   avia-builder-el-0  el_before_av_one_full  avia-builder-el-first   container_wrap sidebar_right'  >\n<style type=\"text\/css\" data-created_by=\"avia_inline_auto\" id=\"style-css-av-lf9h3r5r-428a1c9d064c563aaf4b86efa36a6d0a\">\n#top #wrap_all .avia-slideshow .av-slideshow-caption.av-lf9h3r5r-428a1c9d064c563aaf4b86efa36a6d0a__0 .avia-caption-title{\ncolor:#ffffff;\n}\n#top .avia-slideshow .av-slideshow-caption.av-lf9h3r5r-428a1c9d064c563aaf4b86efa36a6d0a__0 .avia-caption-content{\ncolor:#ffffff;\n}\n<\/style>\n<div  class='avia-slideshow av-lf9h3r5r-428a1c9d064c563aaf4b86efa36a6d0a avia-slideshow-featured av_slideshow_full avia-slide-slider av-slideshow-ui av-control-default av-slideshow-manual av-loop-once av-loop-manual-endless av-default-height-applied   avia-slideshow-1' data-slideshow-options=\"{&quot;animation&quot;:&quot;slide&quot;,&quot;autoplay&quot;:false,&quot;loop_autoplay&quot;:&quot;once&quot;,&quot;interval&quot;:5,&quot;loop_manual&quot;:&quot;manual-endless&quot;,&quot;autoplay_stopper&quot;:false,&quot;noNavigation&quot;:false,&quot;bg_slider&quot;:false,&quot;keep_padding&quot;:false,&quot;hoverpause&quot;:false,&quot;show_slide_delay&quot;:0}\"  itemprop=\"image\" itemscope=\"itemscope\" itemtype=\"https:\/\/schema.org\/ImageObject\" ><ul class='avia-slideshow-inner ' style='padding-bottom: 28.666666666667%;'><li  class='avia-slideshow-slide av-lf9h3r5r-428a1c9d064c563aaf4b86efa36a6d0a__0  av-single-slide slide-1 slide-odd'><div data-rel='slideshow-1' class='avia-slide-wrap '   ><div class='av-slideshow-caption av-lf9h3r5r-428a1c9d064c563aaf4b86efa36a6d0a__0 caption_fullwidth caption_bottom caption_bottom_framed caption_framed'><div class=\"container caption_container\"><div class=\"slideshow_caption\"><div class=\"slideshow_inner_caption\"><div class=\"slideshow_align_caption\"><h2 class='avia-caption-title '  itemprop=\"name\" >La formation postgradu\u00e9e comme base<\/h2><div class='avia-caption-content av_inherit_color'  itemprop=\"description\" ><p>Toutes les informations sur les objectifs de formation postgradu\u00e9e, la dur\u00e9e ainsi que sur l&rsquo;examen de sp\u00e9cialiste<\/p>\n<\/div><\/div><\/div><\/div><\/div><\/div><img decoding=\"async\" fetchpriority=\"high\" class=\"wp-image-2053 avia-img-lazy-loading-not-2053\"  src=\"https:\/\/www.sgmo.ch\/wp-content\/uploads\/weiterbildung-3-1500x430.jpg\" width=\"1500\" height=\"430\" title='weiterbildung' alt=''  itemprop=\"thumbnailUrl\"  style='min-height:240px; min-width:838px; ' srcset=\"https:\/\/www.sgmo.ch\/wp-content\/uploads\/weiterbildung-3-1500x430.jpg 1500w, https:\/\/www.sgmo.ch\/wp-content\/uploads\/weiterbildung-3-300x85.jpg 300w, https:\/\/www.sgmo.ch\/wp-content\/uploads\/weiterbildung-3-768x219.jpg 768w, https:\/\/www.sgmo.ch\/wp-content\/uploads\/weiterbildung-3-705x201.jpg 705w\" sizes=\"(max-width: 1500px) 100vw, 1500px\" \/><\/div><\/li><\/ul><\/div><\/div><div id='after_full_slider_1'  class='main_color av_default_container_wrap container_wrap sidebar_right'  ><div class='container av-section-cont-open' ><div class='template-page content  av-content-small alpha units'><div class='post-entry post-entry-type-page post-entry-3914'><div class='entry-content-wrapper clearfix'>\n<div  class='flex_column av-13ddz-60c5464f06286220c47923140eb330b3 av_one_full  avia-builder-el-1  el_after_av_slideshow_full  el_before_av_one_full  avia-builder-el-first  first flex_column_div  '     ><style type=\"text\/css\" data-created_by=\"avia_inline_auto\" id=\"style-css-av-lfjlbdke-bbf3400c88efe00cc6c758f43c163cdd\">\n#top .av-special-heading.av-lfjlbdke-bbf3400c88efe00cc6c758f43c163cdd{\npadding-bottom:0;\n}\nbody .av-special-heading.av-lfjlbdke-bbf3400c88efe00cc6c758f43c163cdd .av-special-heading-tag .heading-char{\nfont-size:25px;\n}\n.av-special-heading.av-lfjlbdke-bbf3400c88efe00cc6c758f43c163cdd .av-subheading{\nfont-size:15px;\n}\n<\/style>\n<div  class='av-special-heading av-lfjlbdke-bbf3400c88efe00cc6c758f43c163cdd av-special-heading-h3  avia-builder-el-2  avia-builder-el-no-sibling '><h3 class='av-special-heading-tag '  itemprop=\"headline\"  >Formation postgradu\u00e9e<\/h3><div class=\"special-heading-border\"><div class=\"special-heading-inner-border\"><\/div><\/div><\/div><\/div>\n<div  class='flex_column av-9il7f-1248dc55ae705fd9d270ade054d71deb av_one_full  avia-builder-el-3  el_after_av_one_full  el_before_av_one_full  first flex_column_div  column-top-margin'     ><p><section  class='av_textblock_section av-lf6sxeb2-9b8e974b37eaf5beec27f69eff260043 '   itemscope=\"itemscope\" itemtype=\"https:\/\/schema.org\/CreativeWork\" ><div class='avia_textblock'  itemprop=\"text\" ><p>La formation postgradu\u00e9e de sp\u00e9cialiste en oncologie m\u00e9dicale est r\u00e9gie par le programme de formation postgradu\u00e9e de la SSOM (version du 1er juillet 2021). Vous y trouverez des informations d\u00e9taill\u00e9es sur les objectifs et la dur\u00e9e de la formation continue, ainsi que sur l&rsquo;examen de sp\u00e9cialiste en oncologie m\u00e9dicale.<\/p>\n<p>Le <a href=\"https:\/\/www.siwf.ch\/files\/pdf17\/allg_lz_f.pdf\" target=\"_blank\" rel=\"noopener\">catalogue des objectifs de formation de l&rsquo;ISFM<\/a> comprend des objectifs g\u00e9n\u00e9raux pour le programme de formation postgradu\u00e9e.<\/p>\n<\/div><\/section><br \/>\n<div  class='avia-button-wrap av-lf6t0fzl-08fea309ef63858735ab0258577b71dd-wrap avia-button-left  avia-builder-el-5  el_after_av_textblock  el_before_av_button '><a href='https:\/\/www.siwf.ch\/files\/pdf18\/medizinische_onkologie_version_internet_f.pdf'  class='avia-button av-lf6t0fzl-08fea309ef63858735ab0258577b71dd av-link-btn avia-icon_select-no avia-size-x-large avia-position-left avia-color-dark'  target=\"_blank\"  rel=\"noopener noreferrer\"  aria-label=\"Programme de formation postgradu\u00e9e de la SSOM\"><span class='avia_iconbox_title' >Programme de formation postgradu\u00e9e de la SSOM<\/span><\/a><\/div><br \/>\n<div  class='avia-button-wrap av-lj5nb4d3-d3184f8561d772dccae392c2de38ecbf-wrap avia-button-left  avia-builder-el-6  el_after_av_button  el_before_av_hr '><a href='https:\/\/www.siwf.ch\/files\/pdf18\/medizinische_onkologie_anhang_1_f.pdf'  class='avia-button av-lj5nb4d3-d3184f8561d772dccae392c2de38ecbf av-link-btn avia-icon_select-no avia-size-x-large avia-position-left avia-color-dark'  target=\"_blank\"  rel=\"noopener noreferrer\"  aria-label=\"Catalogue des objectifs de formation sp\u00e9cifiques \u00e0 la discipline\"><span class='avia_iconbox_title' >Catalogue des objectifs de formation sp\u00e9cifiques \u00e0 la discipline<\/span><\/a><\/div><br \/>\n<div  class='hr av-8vkt7-c030ca7cb77c5d4caa8ce25e703ea769 hr-default  avia-builder-el-7  el_after_av_button  el_before_av_textblock '><span class='hr-inner '><span class=\"hr-inner-style\"><\/span><\/span><\/div><br \/>\n<section  class='av_textblock_section av-lf6t0l4y-a3427e06f98b5a0b3c77171b09dc15bf '   itemscope=\"itemscope\" itemtype=\"https:\/\/schema.org\/CreativeWork\" ><div class='avia_textblock'  itemprop=\"text\" ><p>Le programme de formation postgradu\u00e9e r\u00e9vis\u00e9 en oncologie m\u00e9dicale (\u00e0 partir du 1er juillet 2021) \u00e9largit les options de l&rsquo;ann\u00e9e facultative. Il est d\u00e9sormais possible de valider jusqu&rsquo;\u00e0 12 mois dans une institution certifi\u00e9e par <a href=\"https:\/\/www.qualitepalliative.ch\/fr\/\" target=\"_blank\" rel=\"noopener\">palliative.ch<\/a> au cours de l&rsquo;ann\u00e9e facultative. Pour attester de l&rsquo;activit\u00e9 et du temps pass\u00e9s en soins palliatifs, il faut imp\u00e9rativement utiliser ce formulaire pour l&rsquo;ISFM:<\/p>\n<\/div><\/section><br \/>\n<div  class='avia-button-wrap av-lf6t34uo-2107a31488705547901190623c337a50-wrap avia-button-left  avia-builder-el-9  el_after_av_textblock  el_before_av_hr '><a href='https:\/\/www.sgmo.ch\/wp-content\/uploads\/230530_Bescheinigung_Weiterbildungszeit_SSMO_f.pdf'  class='avia-button av-lf6t34uo-2107a31488705547901190623c337a50 av-link-btn avia-icon_select-no avia-size-x-large avia-position-left avia-color-dark'  target=\"_blank\"  rel=\"noopener noreferrer\"  aria-label=\"Attestation de formation continue en soins palliatifs\"><span class='avia_iconbox_title' >Attestation de formation continue en soins palliatifs<\/span><\/a><\/div><br \/>\n<div  class='hr av-ybir-f857e2de8ff9ed9d7a307fc163e92bcf hr-default  avia-builder-el-10  el_after_av_button  el_before_av_textblock '><span class='hr-inner '><span class=\"hr-inner-style\"><\/span><\/span><\/div><br \/>\n<section  class='av_textblock_section av-lf6t4t1h-dfc57ed720eaa3f8b17dac59439d9d2d '   itemscope=\"itemscope\" itemtype=\"https:\/\/schema.org\/CreativeWork\" ><div class='avia_textblock'  itemprop=\"text\" ><p>Le programme de formation postgradu\u00e9e est bas\u00e9 sur la <a href=\"https:\/\/www.siwf.ch\/files\/pdf28\/wbo_f.pdf\" target=\"_blank\" rel=\"noopener\">r\u00e9glementation pour la formation postgradu\u00e9e (RFP)<\/a>\u00a0de l&rsquo;ISFM. Vous trouverez des informations sur l&rsquo;examen de sp\u00e9cialiste <a href=\"https:\/\/www.sgmo.ch\/fr\/formation-continue\/examen-de-specialiste\/\">ici<\/a>.<\/p>\n<p>Conform\u00e9ment au programme de formation postgradu\u00e9e, les candidats doivent prouver qu&rsquo;ils ont suivi un cours sur la communication entre le m\u00e9decin et le patient et sur les soins palliatifs. <a href=\"https:\/\/www.sgmo.ch\/fr\/formation-continue\/cours-reconnus\/\">Vous trouverez ici<\/a> les cours reconnus par la SSOM.<\/p>\n<\/div><\/section><br \/>\n<div  class='avia-button-wrap av-lf6t56zh-b078d4226d20daac8a785c85b98b7f82-wrap avia-button-left  avia-builder-el-12  el_after_av_textblock  avia-builder-el-last '><a href='https:\/\/www.sgmo.ch\/fr\/a-propos-de-nous\/'  class='avia-button av-lf6t56zh-b078d4226d20daac8a785c85b98b7f82 av-link-btn avia-icon_select-no avia-size-x-large avia-position-left avia-color-dark'   aria-label=\"Commission de formation continue\"><span class='avia_iconbox_title' >Commission de formation continue<\/span><\/a><\/div><\/p><\/div>\n<style type=\"text\/css\" data-created_by=\"avia_inline_auto\" id=\"style-css-av-lf6w6lyt-f1795047e2280fe3970641bda304da6a\">\n.flex_column.av-lf6w6lyt-f1795047e2280fe3970641bda304da6a{\nborder-radius:40px 40px 40px 40px;\npadding:40px 40px 40px 40px;\nbackground-color:#d2e1d3;\n}\n<\/style>\n<div  class='flex_column av-lf6w6lyt-f1795047e2280fe3970641bda304da6a av_one_full  avia-builder-el-13  el_after_av_one_full  avia-builder-el-last  first flex_column_div  column-top-margin'     ><section  class='av_textblock_section av-lj5nhgqh-2a75d8fa5bdc60e3eebaf07da3c3259b '   itemscope=\"itemscope\" itemtype=\"https:\/\/schema.org\/CreativeWork\" ><div class='avia_textblock'  itemprop=\"text\" ><h2>Devenez membre de l\u2019association.<br \/>\nNous nous r\u00e9jouissons de votre inscription !<\/h2>\n<\/div><\/section><br \/>\n\n<style type=\"text\/css\" data-created_by=\"avia_inline_auto\" id=\"style-css-av-ak1j-b18c60160013fb545e199112ca34b206\">\n#top .hr.hr-invisible.av-ak1j-b18c60160013fb545e199112ca34b206{\nheight:15px;\n}\n<\/style>\n<div  class='hr av-ak1j-b18c60160013fb545e199112ca34b206 hr-invisible  avia-builder-el-15  el_after_av_textblock  el_before_av_button '><span class='hr-inner '><span class=\"hr-inner-style\"><\/span><\/span><\/div><br \/>\n<div  class='avia-button-wrap av-2280n-5da8aa95386ec9552685636f618abc65-wrap avia-button-left  avia-builder-el-16  el_after_av_hr  el_before_av_button '><a href='https:\/\/www.sgmo.ch\/fr\/adhesion\/devenir-membre\/'  class='avia-button av-2280n-5da8aa95386ec9552685636f618abc65 av-link-btn avia-icon_select-no avia-size-x-large avia-position-left avia-color-dark'   aria-label=\"plus d\u2019informations\"><span class='avia_iconbox_title' >plus d\u2019informations<\/span><\/a><\/div><br \/>\n<div  class='avia-button-wrap av-1d2m7-7b869c930ab050ff1323876550fa088e-wrap avia-button-left  avia-builder-el-17  el_after_av_button  el_before_av_hr '><a href='https:\/\/sgmo.webling.ch\/forms\/memberform\/2e4dd9bdace7073629bd'  class='avia-button av-1d2m7-7b869c930ab050ff1323876550fa088e av-link-btn avia-icon_select-yes-right-icon avia-size-x-large avia-position-left avia-color-theme-color'  target=\"_blank\"  rel=\"noopener noreferrer\"  aria-label=\"ACC\u00c8S DIRECT \u00c0 L\u2019INSCRIPTION\"><span class='avia_iconbox_title' >ACC\u00c8S DIRECT \u00c0 L\u2019INSCRIPTION<\/span><span class='avia_button_icon avia_button_icon_right avia-iconfont avia-font-entypo-fontello' data-av_icon='\ue80c' data-av_iconfont='entypo-fontello' ><\/span><\/a><\/div><br \/>\n\n<style type=\"text\/css\" data-created_by=\"avia_inline_auto\" id=\"style-css-av-r0pn-49968de2a877edb3bc90438a214b104f\">\n#top .hr.hr-invisible.av-r0pn-49968de2a877edb3bc90438a214b104f{\nheight:15px;\n}\n<\/style>\n<div  class='hr av-r0pn-49968de2a877edb3bc90438a214b104f hr-invisible  avia-builder-el-18  el_after_av_button  avia-builder-el-last '><span class='hr-inner '><span class=\"hr-inner-style\"><\/span><\/span><\/div><\/p><\/div><\/p>\n","protected":false},"excerpt":{"rendered":"","protected":false},"author":1,"featured_media":0,"parent":0,"menu_order":0,"comment_status":"closed","ping_status":"closed","template":"","meta":{"_acf_changed":false,"footnotes":""},"class_list":["post-3914","page","type-page","status-publish","hentry"],"acf":[],"_links":{"self":[{"href":"https:\/\/www.sgmo.ch\/fr\/wp-json\/wp\/v2\/pages\/3914","targetHints":{"allow":["GET"]}}],"collection":[{"href":"https:\/\/www.sgmo.ch\/fr\/wp-json\/wp\/v2\/pages"}],"about":[{"href":"https:\/\/www.sgmo.ch\/fr\/wp-json\/wp\/v2\/types\/page"}],"author":[{"embeddable":true,"href":"https:\/\/www.sgmo.ch\/fr\/wp-json\/wp\/v2\/users\/1"}],"replies":[{"embeddable":true,"href":"https:\/\/www.sgmo.ch\/fr\/wp-json\/wp\/v2\/comments?post=3914"}],"version-history":[{"count":16,"href":"https:\/\/www.sgmo.ch\/fr\/wp-json\/wp\/v2\/pages\/3914\/revisions"}],"predecessor-version":[{"id":12565,"href":"https:\/\/www.sgmo.ch\/fr\/wp-json\/wp\/v2\/pages\/3914\/revisions\/12565"}],"wp:attachment":[{"href":"https:\/\/www.sgmo.ch\/fr\/wp-json\/wp\/v2\/media?parent=3914"}],"curies":[{"name":"wp","href":"https:\/\/api.w.org\/{rel}","templated":true}]}}