{"id":3928,"date":"2023-03-27T14:10:38","date_gmt":"2023-03-27T12:10:38","guid":{"rendered":"https:\/\/www.sgmo.ch\/?page_id=3928"},"modified":"2026-01-16T18:02:32","modified_gmt":"2026-01-16T17:02:32","slug":"examen-de-specialiste","status":"publish","type":"page","link":"https:\/\/www.sgmo.ch\/fr\/formation-postgraduee\/examen-de-specialiste\/","title":{"rendered":"Examen de sp\u00e9cialiste"},"content":{"rendered":"<div  class='flex_column av-u9uv3p-18f31b0e1a4ed0caa489b36fe195e87b av_two_third  avia-builder-el-0  el_before_av_one_third  avia-builder-el-first  first flex_column_div  '     ><p>\n<style type=\"text\/css\" data-created_by=\"avia_inline_auto\" id=\"style-css-av-lfqsh78l-3c4d91de7a54b3a74b45cbe8669daac7\">\n#top .av-special-heading.av-lfqsh78l-3c4d91de7a54b3a74b45cbe8669daac7{\npadding-bottom:0;\n}\nbody .av-special-heading.av-lfqsh78l-3c4d91de7a54b3a74b45cbe8669daac7 .av-special-heading-tag .heading-char{\nfont-size:25px;\n}\n.av-special-heading.av-lfqsh78l-3c4d91de7a54b3a74b45cbe8669daac7 .av-subheading{\nfont-size:15px;\n}\n<\/style>\n<div  class='av-special-heading av-lfqsh78l-3c4d91de7a54b3a74b45cbe8669daac7 av-special-heading-h3  avia-builder-el-1  el_before_av_toggle_container  avia-builder-el-first '><h3 class='av-special-heading-tag '  itemprop=\"headline\"  >Examen de sp\u00e9cialiste<\/h3><div class=\"special-heading-border\"><div class=\"special-heading-inner-border\"><\/div><\/div><\/div><br \/>\n\n<style type=\"text\/css\" data-created_by=\"avia_inline_auto\" id=\"style-css-av-lfqszv1g-ac26bdba88e75e9d0bf6466ab2dc6d7a\">\n#top .togglecontainer.av-lfqszv1g-ac26bdba88e75e9d0bf6466ab2dc6d7a .toggle_wrap .toggle_content{\nfont-size:16px;\n}\n<\/style>\n<div  class='togglecontainer av-lfqszv1g-ac26bdba88e75e9d0bf6466ab2dc6d7a av-elegant-toggle  avia-builder-el-2  el_after_av_heading  el_before_av_textblock  toggle_close_all' >\n<section class='av_toggle_section av-lfqsznhl-358f3187c3cfa7601962c7d89fa1d8a6'  itemscope=\"itemscope\" itemtype=\"https:\/\/schema.org\/CreativeWork\" ><div role=\"tablist\" class=\"single_toggle\" data-tags=\"{Tout} \"  ><p id='toggle-toggle-id-1' data-fake-id='#toggle-id-1' class='toggler  av-title-above '  itemprop=\"headline\"  role='tab' tabindex='0' aria-controls='toggle-id-1' data-slide-speed=\"200\" data-title=\"Examen \u00e9crit de sp\u00e9cialiste en oncologie m\u00e9dicale 2026\" data-title-open=\"\" data-aria_collapsed=\"Cliquez pour \u00e9tendre : Examen \u00e9crit de sp\u00e9cialiste en oncologie m\u00e9dicale 2026\" data-aria_expanded=\"Cliquez pour r\u00e9duire : Examen \u00e9crit de sp\u00e9cialiste en oncologie m\u00e9dicale 2026\">Examen \u00e9crit de sp\u00e9cialiste en oncologie m\u00e9dicale 2026<span class=\"toggle_icon\"><span class=\"vert_icon\"><\/span><span class=\"hor_icon\"><\/span><\/span><\/p><div id='toggle-id-1' aria-labelledby='toggle-toggle-id-1' role='region' class='toggle_wrap  av-title-above'  ><div class='toggle_content invers-color '  itemprop=\"text\" ><p><strong>Date \/ horaire<\/strong><br \/>\nSamedi, le 24 octobre 2026, 13h00 \u00e0 15h30 CEST<\/p>\n<hr \/>\n<p><strong>Lieu<\/strong><br \/>\nH\u00f4pital Thun, Krankenhausstrasse 12, A5 Gemeinschaftsraum, 3600 Thun<br \/>\nL&rsquo;examen \u00e9crit et th\u00e9orique peut \u00e9galement \u00eatre pass\u00e9 \u00e0 Madrid (Espagne) pendant le congr\u00e8s de l&rsquo;ESMO (voir les informations de l&rsquo;ESMO, <a href=\"http:\/\/www.esmo.org\/Career-Development\/ESMO-Examination\" target=\"_blank\" rel=\"noopener\">www.esmo.org<\/a>).<\/p>\n<hr \/>\n<p><strong>Conditions d&rsquo;admission<\/strong><br \/>\nLa r\u00e9ussite \u00e0 l&rsquo;examen de sp\u00e9cialiste est n\u00e9cessaire \u00e0 l&rsquo;obtention d&rsquo;un titre en oncologie m\u00e9dicale (\u00e9ventuelles dispositions transitoires applicables et exceptions: \u201e<a href=\"https:\/\/www.siwf.ch\/files\/pdf26\/art_fap_2022_f.pdf\" target=\"_blank\" rel=\"noopener\">Examen de sp\u00e9cialiste &#8211; quelles r\u00e8gles s&rsquo;appliquent?<\/a>\u201c).<\/p>\n<p>Seuls les m\u00e9decins titulaires d&rsquo;un dipl\u00f4me f\u00e9d\u00e9ral de m\u00e9decin ou d&rsquo;un dipl\u00f4me de m\u00e9decin \u00e9tranger reconnu par l&rsquo;OFSP ont le droit de passer l&rsquo;examen de sp\u00e9cialiste (art. 23 RFP).<\/p>\n<hr \/>\n<p><strong>Langue d&rsquo;examen<\/strong><br \/>\nAnglais, fran\u00e7ais, espagnol et slov\u00e8ne<\/p>\n<hr \/>\n<p><strong>Inscription<\/strong><br \/>\nL&rsquo;inscription \u00e0 l&rsquo;examen \u00e9crit s&rsquo;effectue directement et exclusivement sur le site de l&rsquo;ESMO (cette inscription n&rsquo;est pas valable pour l&rsquo;examen oral). Les d\u00e9lais d&rsquo;inscription de l&rsquo;ESMO s&rsquo;appliquent.<\/p>\n<p>Pour plus d&rsquo;informations et pour s&rsquo;inscrire, consulter\u00a0<a href=\"http:\/\/www.esmo.org\/Career-Development\/ESMO-Examination\" target=\"_blank\" rel=\"noopener noreferrer\">www.esmo.org<\/a>.<\/p>\n<hr \/>\n<p><strong>Date limite d&rsquo;inscription<\/strong><br \/>\n<a href=\"http:\/\/www.esmo.org\/Career-Development\/ESMO-Examination\" target=\"_blank\" rel=\"noopener noreferrer\">www.esmo.org<\/a><\/p>\n<hr \/>\n<p><strong>Divers<\/strong><br \/>\nVeuillez vous pr\u00e9senter \u00e0 l&rsquo;examen avec un passeport ou une carte d&rsquo;identit\u00e9 en cours de validit\u00e9.<\/p>\n<\/div><\/div><\/div><\/section>\n<section class='av_toggle_section av-lfqszuj8-267a9333c2c768296cec8a04623901b9'  itemscope=\"itemscope\" itemtype=\"https:\/\/schema.org\/CreativeWork\" ><div role=\"tablist\" class=\"single_toggle\" data-tags=\"{Tout} \"  ><p id='toggle-toggle-id-2' data-fake-id='#toggle-id-2' class='toggler  av-title-above '  itemprop=\"headline\"  role='tab' tabindex='0' aria-controls='toggle-id-2' data-slide-speed=\"200\" data-title=\"Examen oral de sp\u00e9cialiste en oncologie m\u00e9dicale 2026\" data-title-open=\"\" data-aria_collapsed=\"Cliquez pour \u00e9tendre : Examen oral de sp\u00e9cialiste en oncologie m\u00e9dicale 2026\" data-aria_expanded=\"Cliquez pour r\u00e9duire : Examen oral de sp\u00e9cialiste en oncologie m\u00e9dicale 2026\">Examen oral de sp\u00e9cialiste en oncologie m\u00e9dicale 2026<span class=\"toggle_icon\"><span class=\"vert_icon\"><\/span><span class=\"hor_icon\"><\/span><\/span><\/p><div id='toggle-id-2' aria-labelledby='toggle-toggle-id-2' role='region' class='toggle_wrap  av-title-above'  ><div class='toggle_content invers-color '  itemprop=\"text\" ><p><strong>Date \/ horaire<\/strong><br \/>\nSamedi, 14 novembre 2026 \u00e0 partir de 9h00<\/p>\n<hr \/>\n<p><strong>Lieu<\/strong><br \/>\nH\u00f4pital Thun, Krankenhausstrasse 12, 3600 Thun<\/p>\n<hr \/>\n<p><strong>Conditions d&rsquo;admission<\/strong><br \/>\nLa r\u00e9ussite \u00e0 l&rsquo;examen de sp\u00e9cialiste est n\u00e9cessaire \u00e0 l&rsquo;obtention d&rsquo;un titre en oncologie m\u00e9dicale (\u00e9ventuelles dispositions transitoires applicables et exceptions : \u201e<a href=\"https:\/\/www.siwf.ch\/files\/pdf26\/art_fap_2022_f.pdf\" target=\"_blank\" rel=\"noopener\">Examen de sp\u00e9cialiste &#8211; quelles r\u00e8gles s&rsquo;appliquent?<\/a>\u201c).<\/p>\n<p>Seuls les m\u00e9decins titulaires d&rsquo;un dipl\u00f4me f\u00e9d\u00e9ral de m\u00e9decin ou d&rsquo;un dipl\u00f4me de m\u00e9decin \u00e9tranger reconnu par l&rsquo;OFSP ont le droit de passer l&rsquo;examen de sp\u00e9cialiste (art. 23 RFP). Les dispositions transitoires sont fix\u00e9es \u00e0 l&rsquo;art. 69, al. 3 RFP.<\/p>\n<p>Au moins 3 ans de formation postgradu\u00e9e sp\u00e9cialis\u00e9e reconnue.<\/p>\n<hr \/>\n<p><strong>Langue d&rsquo;examen<\/strong><br \/>\nAllemand, fran\u00e7ais ou italien<\/p>\n<hr \/>\n<p><strong>Inscription<\/strong><br \/>\nInscription \u00e9crite au moyen du <a href=\"https:\/\/www.sgmo.ch\/fr\/formation-continue\/examen-de-specialiste-inscription\/\">formulaire d&rsquo;inscription<\/a> officiel.<br \/>\nL&rsquo;inscription \u00e0 l&rsquo;examen oral doit \u00eatre effectu\u00e9e s\u00e9par\u00e9ment de l&rsquo;inscription \u00e0 l&rsquo;examen \u00e9crit.<br \/>\n<em>Pi\u00e8ces \u00e0 joindre: logbook \u00e9lectronique et protocoles d&rsquo;\u00e9valuation<\/em><\/p>\n<hr \/>\n<p><strong>Date limite d&rsquo;inscription<\/strong><br \/>\n31 juillet 2026<\/p>\n<hr \/>\n<p><strong>Co\u00fbts<\/strong><br \/>\nLes co\u00fbts seront factur\u00e9s apr\u00e8s r\u00e9ception de l&rsquo;inscription. Les co\u00fbts effectifs d\u00e9pendent du nombre de candidats (jusqu&rsquo;\u00e0 pr\u00e9sent, environ CHF 800.- \u00e0 CHF 1000.-).<br \/>\nLa taxe d&rsquo;examen doit \u00eatre r\u00e9gl\u00e9e lors de l&rsquo;inscription \u00e0 l&rsquo;examen de sp\u00e9cialiste et au plus tard le 31 ao\u00fbt 2026. En cas d&rsquo;annulation de l&rsquo;inscription, les frais d&rsquo;examen ne sont rembours\u00e9s que si l&rsquo;inscription a \u00e9t\u00e9 annul\u00e9e au moins quatre semaines avant la date de l&rsquo;examen.<\/p>\n<hr \/>\n<p><strong>Divers<\/strong><br \/>\nVeuillez vous pr\u00e9senter \u00e0 l&rsquo;examen avec un passeport ou une carte d&rsquo;identit\u00e9 en cours de validit\u00e9.<\/p>\n<hr \/>\n<p>Vous trouverez des informations d\u00e9taill\u00e9es concernant le contenu et le d\u00e9roulement de l&rsquo;examen dans le <a href=\"https:\/\/www.siwf.ch\/files\/pdf18\/medizinische_onkologie_version_internet_f.pdf\" target=\"_blank\" rel=\"noopener\">programme de formation postgradu\u00e9e<\/a>.<\/p>\n<\/div><\/div><\/div><\/section>\n<\/div><br \/>\n<section  class='av_textblock_section av-lfqtxgys-3892bb1a98e115223d990d642f3df1d6 '   itemscope=\"itemscope\" itemtype=\"https:\/\/schema.org\/CreativeWork\" ><div class='avia_textblock'  itemprop=\"text\" ><h2>Information pour les titulaires d&rsquo;un dipl\u00f4me de m\u00e9decin \u00e9tranger<\/h2>\n<p>La Commission des professions m\u00e9dicales reconna\u00eet les dipl\u00f4mes de m\u00e9decin \u00e9trangers. La proc\u00e9dure dure environ 6 semaines. Vous trouverez de plus amples renseignements sur le\u00a0<a href=\"https:\/\/www.bag.admin.ch\/bag\/fr\/home\/berufe-im-gesundheitswesen\/auslaendische-abschluesse-gesundheitsberufe\/diplome-der-medizinalberufe-aus-staaten-der-eu-efta.html\" target=\"_blank\" rel=\"noopener noreferrer\">site de l&rsquo;OFSP<\/a>.<\/p>\n<h2>Dates des examens des ann\u00e9es suivantes<\/h2>\n<p>L&rsquo;examen \u00e9crit a g\u00e9n\u00e9ralement lieu le dernier samedi de septembre et l&rsquo;examen oral le dernier samedi d&rsquo;octobre. Les dates exactes des examens sont communiqu\u00e9es au moins 6 mois \u00e0 l&rsquo;avance sur le <a href=\"http:\/\/www.esmo.org\/Career-Development\/ESMO-Examination\" target=\"_blank\" rel=\"noopener noreferrer\">site Internet de l&rsquo;ESMO<\/a>, dans le Bulletin des m\u00e9decins suisses et sur ce site Internet.<\/p>\n<h2>Exemples de cas de l&rsquo;examen oral de sp\u00e9cialiste en oncologie m\u00e9dicale 2015<\/h2>\n<p><a href=\"https:\/\/www.sgmo.ch\/wp-content\/uploads\/Fall-A-Ovarialkarzinom-Vignette-fuer-Kandidaten-2015.pdf\" target=\"_blank\" rel=\"noopener noreferrer\">Cas A \u2013 Carcinome ovarien: questions 2015<\/a><br \/>\n<a href=\"https:\/\/www.sgmo.ch\/wp-content\/uploads\/Fall-A-Ovarialkarzinom-Fragen-2015.pdf\" target=\"_blank\" rel=\"noopener noreferrer\">Cas A \u2013 Carcinome ovarien: questions 2015<\/a><br \/>\n<a href=\"https:\/\/www.sgmo.ch\/wp-content\/uploads\/Fall-A-Ovarialkarzinom-exemplarische-Bilder.pdf\" target=\"_blank\" rel=\"noopener noreferrer\">Cas A \u2013 Carcinome ovarien: exemples d&rsquo;imagerie<\/a><br \/>\n<a href=\"https:\/\/www.sgmo.ch\/wp-content\/uploads\/Kleiner-Fall-3-Statistik-Fragen-V.04.10.2015.pdf\" target=\"_blank\" rel=\"noopener noreferrer\">Petit cas 3 \u2013 Questions de statistiques<\/a><br \/>\n<a href=\"https:\/\/www.sgmo.ch\/wp-content\/uploads\/Kleiner-Fall-3-Statistik-Vignette-fuer-Kandidaten-V.04.10.2015.pdf\" target=\"_blank\" rel=\"noopener noreferrer\">Petit cas 3 \u2013 Vignette statistique pour les candidats<\/a><\/p>\n<\/div><\/section><br \/>\n<div  class='hr av-lzeoz9-88f13607dd802a49c613c2ea7e48c8a3 hr-default  avia-builder-el-4  el_after_av_textblock  avia-builder-el-last '><span class='hr-inner '><span class=\"hr-inner-style\"><\/span><\/span><\/div><\/p><\/div>\n<style type=\"text\/css\" data-created_by=\"avia_inline_auto\" id=\"style-css-av-1yywph-517a59f7c798af7740e34d2511dedaa3\">\n.flex_column.av-1yywph-517a59f7c798af7740e34d2511dedaa3{\nborder-radius:40px 40px 40px 40px;\npadding:50px 50px 50px 50px;\nbackground-color:#076633;\n}\n<\/style>\n<div  class='flex_column av-1yywph-517a59f7c798af7740e34d2511dedaa3 av_one_third  avia-builder-el-5  el_after_av_two_third  avia-builder-el-last  flex_column_div  '     ><section  class='av_textblock_section av-hg5mwl-9e983de6c70a3aa42ce2a9159c253b45 '   itemscope=\"itemscope\" itemtype=\"https:\/\/schema.org\/CreativeWork\" ><div class='avia_textblock'  itemprop=\"text\" ><h3><span style=\"color: #ffffff;\">Vous pouvez vous inscrire ici \u00e0 l&rsquo;examen de sp\u00e9cialiste.<\/span><\/h3>\n<\/div><\/section><br \/>\n\n<style type=\"text\/css\" data-created_by=\"avia_inline_auto\" id=\"style-css-av-fp8ret-4b3e10c2eecb744e2314a05543df9ce2\">\n#top .hr.hr-invisible.av-fp8ret-4b3e10c2eecb744e2314a05543df9ce2{\nheight:40px;\n}\n<\/style>\n<div  class='hr av-fp8ret-4b3e10c2eecb744e2314a05543df9ce2 hr-invisible  avia-builder-el-7  el_after_av_textblock  el_before_av_button '><span class='hr-inner '><span class=\"hr-inner-style\"><\/span><\/span><\/div><br \/>\n<div  class='avia-button-wrap av-dnp31x-7a7f121f3b481b09f89d4ed8702ecb7f-wrap avia-button-left  avia-builder-el-8  el_after_av_hr  avia-builder-el-last '><a href='https:\/\/www.sgmo.ch\/fr\/formation-postgraduee\/inscription-examen-de-specialiste\/'  class='avia-button av-dnp31x-7a7f121f3b481b09f89d4ed8702ecb7f av-link-btn avia-icon_select-yes-right-icon avia-size-x-large avia-position-left avia-color-theme-color'   aria-label=\"POUR S\u2019INSCRIRE\"><span class='avia_iconbox_title' >POUR S\u2019INSCRIRE<\/span><span class='avia_button_icon avia_button_icon_right avia-iconfont avia-font-entypo-fontello' data-av_icon='\ue8c9' data-av_iconfont='entypo-fontello' ><\/span><\/a><\/div><\/p><\/div><\/p>\n","protected":false},"excerpt":{"rendered":"","protected":false},"author":1,"featured_media":0,"parent":3914,"menu_order":0,"comment_status":"closed","ping_status":"closed","template":"","meta":{"_acf_changed":false,"footnotes":""},"class_list":["post-3928","page","type-page","status-publish","hentry"],"acf":[],"_links":{"self":[{"href":"https:\/\/www.sgmo.ch\/fr\/wp-json\/wp\/v2\/pages\/3928","targetHints":{"allow":["GET"]}}],"collection":[{"href":"https:\/\/www.sgmo.ch\/fr\/wp-json\/wp\/v2\/pages"}],"about":[{"href":"https:\/\/www.sgmo.ch\/fr\/wp-json\/wp\/v2\/types\/page"}],"author":[{"embeddable":true,"href":"https:\/\/www.sgmo.ch\/fr\/wp-json\/wp\/v2\/users\/1"}],"replies":[{"embeddable":true,"href":"https:\/\/www.sgmo.ch\/fr\/wp-json\/wp\/v2\/comments?post=3928"}],"version-history":[{"count":20,"href":"https:\/\/www.sgmo.ch\/fr\/wp-json\/wp\/v2\/pages\/3928\/revisions"}],"predecessor-version":[{"id":12765,"href":"https:\/\/www.sgmo.ch\/fr\/wp-json\/wp\/v2\/pages\/3928\/revisions\/12765"}],"up":[{"embeddable":true,"href":"https:\/\/www.sgmo.ch\/fr\/wp-json\/wp\/v2\/pages\/3914"}],"wp:attachment":[{"href":"https:\/\/www.sgmo.ch\/fr\/wp-json\/wp\/v2\/media?parent=3928"}],"curies":[{"name":"wp","href":"https:\/\/api.w.org\/{rel}","templated":true}]}}