{"id":3940,"date":"2023-03-13T15:24:59","date_gmt":"2023-03-13T14:24:59","guid":{"rendered":"https:\/\/www.sgmo.ch\/?page_id=3940"},"modified":"2026-03-31T12:17:18","modified_gmt":"2026-03-31T10:17:18","slug":"cours-reconnus","status":"publish","type":"page","link":"https:\/\/www.sgmo.ch\/fr\/formation-postgraduee\/cours-reconnus\/","title":{"rendered":"Cours reconnus"},"content":{"rendered":"<div  class='flex_column av-qh95-0a1518f7848a6c74c93f14578985d241 av_one_full  avia-builder-el-0  el_before_av_one_full  avia-builder-el-first  first flex_column_div  '     ><style type=\"text\/css\" data-created_by=\"avia_inline_auto\" id=\"style-css-av-lfjlhx4x-c840c8a8c02804e308c499f0ce445462\">\n#top .av-special-heading.av-lfjlhx4x-c840c8a8c02804e308c499f0ce445462{\npadding-bottom:0;\n}\nbody .av-special-heading.av-lfjlhx4x-c840c8a8c02804e308c499f0ce445462 .av-special-heading-tag .heading-char{\nfont-size:25px;\n}\n.av-special-heading.av-lfjlhx4x-c840c8a8c02804e308c499f0ce445462 .av-subheading{\nfont-size:15px;\n}\n<\/style>\n<div  class='av-special-heading av-lfjlhx4x-c840c8a8c02804e308c499f0ce445462 av-special-heading-h3  avia-builder-el-1  avia-builder-el-no-sibling '><h3 class='av-special-heading-tag '  itemprop=\"headline\"  >Cours reconnus<\/h3><div class=\"special-heading-border\"><div class=\"special-heading-inner-border\"><\/div><\/div><\/div><\/div>\n<div  class='flex_column av-1erho9-fe1beeb0926cec3afcc6f518faf847e6 av_one_full  avia-builder-el-2  el_after_av_one_full  el_before_av_one_full  first flex_column_div  column-top-margin'     ><section  class='av_textblock_section av-lf6x5od4-a4f67650fbf68347b8b033821ff12e03 '   itemscope=\"itemscope\" itemtype=\"https:\/\/schema.org\/CreativeWork\" ><div class='avia_textblock'  itemprop=\"text\" ><p>Les candidats doivent prouver qu&rsquo;ils ont suivi les cours obligatoires conform\u00e9ment au <a href=\"https:\/\/www.siwf.ch\/fr\/formation-postgraduee\/titres-specialiste-formations\/oncologie-medicale.cfm\" target=\"_blank\" rel=\"noopener\">programme de formation postgradu\u00e9e en oncologie m\u00e9dicale<\/a>.<\/p>\n<p><strong>Pour les prestataires de cours: <\/strong>Veuillez remplir le <a href=\"https:\/\/www.sgmo.ch\/wp-content\/uploads\/Formulaire-de-demande-daccreditation-dune-formation-postgraduee-par-la-SSOM.pdf\" target=\"_blank\" rel=\"noopener noreferrer\">formulaire PDF<\/a> de reconnaissance de cours pertinents pour la formation postgradu\u00e9e.<\/p>\n<h2>La SSOM reconna\u00eet actuellement les cours suivants:<\/h2>\n<p><strong>Cours de communication m\u00e9decin-patient<\/strong><\/p>\n<ul>\n<li><a href=\"https:\/\/www.liguecancer.ch\/conseil-et-soutien\/professionnelsles\/formation-continue\/formation-mieux-communiquer\" target=\"_blank\" rel=\"noopener noreferrer\">Ligue suisse contre le cancer<\/a><\/li>\n<\/ul>\n<p><strong>Cours de soins palliatifs<\/strong><\/p>\n<ul>\n<li><a href=\"https:\/\/palliativakademie-sg.ch\/unser-angebot\/\" target=\"_blank\" rel=\"noopener noreferrer\">Centre de soins palliatifs de l&rsquo;h\u00f4pital cantonal de Saint-Gall<\/a><\/li>\n<li><a href=\"http:\/\/www.palliativzentrum.insel.ch\/\" target=\"_blank\" rel=\"noopener noreferrer\">Centre de soins palliatifs de l&rsquo;H\u00f4pital de l&rsquo;\u00cele de Berne<\/a><\/li>\n<li><a href=\"https:\/\/www.unilu.ch\/weiterbildung\/gmf\/cas-palliative-care\/#section=c74385\" target=\"_blank\" rel=\"noopener noreferrer\">Soins palliatifs \u00e0 l&rsquo;h\u00f4pital cantonal de Lucerne \/ Universit\u00e9 de Lucerne<\/a><\/li>\n<li><a href=\"https:\/\/www.chuv.ch\/fileadmin\/formation\/isfm_oncologie_cours_medpall.pdf\" target=\"_blank\" rel=\"noopener noreferrer\">Soins palliatifs au Centre hospitalier universitaire vaudois (CHUV)<\/a><\/li>\n<li><a href=\"https:\/\/www.hug.ch\/medecine-palliative\/enseignement\" target=\"_blank\" rel=\"noopener\">Cours de m\u00e9decine palliative du HUG<\/a><\/li>\n<\/ul>\n<p><strong>Cours d&rsquo;\u00e9thique<\/strong><\/p>\n<ul>\n<li><a href=\"https:\/\/www.sgmo.ch\/wp-content\/uploads\/Porgramm-Ethik_SGMO_09.09.2026.docx-1.pdf\" target=\"_blank\" rel=\"noopener\">Angewandte Ethik f\u00fcr Onkolog:innen, SHOOT<\/a><\/li>\n<li><a href=\"https:\/\/www.kssg.ch\/symposium-ethik-der-medizin\" target=\"_blank\" rel=\"noopener noreferrer\">Symposium sur l&rsquo;\u00e9thique en m\u00e9decine, h\u00f4pital cantonal de Saint-Gall<\/a><\/li>\n<li><a href=\"https:\/\/www.chuv.ch\/fr\/chuv-home\/formation\/offre-de-formation\/offre-de-formation-detail\/formation\/ethique\" target=\"_blank\" rel=\"noopener\">Cours d\u2019\u00e9thique, CHUV<\/a><\/li>\n<li><a href=\"https:\/\/www.sgmo.ch\/wp-content\/uploads\/Locandina-Formazione-COMEC-23.03.2026.pdf\" target=\"_blank\" rel=\"noopener\">Corso di introduzione all&rsquo;etica clinica, EOC<\/a><\/li>\n<\/ul>\n<\/div><\/section><\/div>\n<style type=\"text\/css\" data-created_by=\"avia_inline_auto\" id=\"style-css-av-15i2l5-c358ae153189a0d80f96672c6555523a\">\n.flex_column.av-15i2l5-c358ae153189a0d80f96672c6555523a{\nborder-radius:40px 40px 40px 40px;\npadding:40px 40px 40px 40px;\nbackground-color:#d2e1d3;\n}\n<\/style>\n<div  class='flex_column av-15i2l5-c358ae153189a0d80f96672c6555523a av_one_full  avia-builder-el-4  el_after_av_one_full  avia-builder-el-last  first flex_column_div  column-top-margin'     ><section  class='av_textblock_section av-32l15-0ce1f7d8b53f1d2d7f9a7ac2045dac7b '   itemscope=\"itemscope\" itemtype=\"https:\/\/schema.org\/CreativeWork\" ><div class='avia_textblock'  itemprop=\"text\" ><h2>Devenez membre de l&rsquo;association.<br \/>\nNous nous r\u00e9jouissons de votre inscription !<\/h2>\n<\/div><\/section><br \/>\n\n<style type=\"text\/css\" data-created_by=\"avia_inline_auto\" id=\"style-css-av-ovdch-5a6787f5bff31169f30a24118ddbfd5c\">\n#top .hr.hr-invisible.av-ovdch-5a6787f5bff31169f30a24118ddbfd5c{\nheight:15px;\n}\n<\/style>\n<div  class='hr av-ovdch-5a6787f5bff31169f30a24118ddbfd5c hr-invisible  avia-builder-el-6  el_after_av_textblock  el_before_av_button '><span class='hr-inner '><span class=\"hr-inner-style\"><\/span><\/span><\/div><br \/>\n<div  class='avia-button-wrap av-iuyg9-145c3379a5a6d7dc50e966dadc742a09-wrap avia-button-left  avia-builder-el-7  el_after_av_hr  el_before_av_button '><a href='https:\/\/www.sgmo.ch\/fr\/adhesion\/devenir-membre\/'  class='avia-button av-iuyg9-145c3379a5a6d7dc50e966dadc742a09 av-link-btn avia-icon_select-no avia-size-x-large avia-position-left avia-color-dark'   aria-label=\"plus d\u2019informations\"><span class='avia_iconbox_title' >plus d\u2019informations<\/span><\/a><\/div><br \/>\n<div  class='avia-button-wrap av-gv069-ae626b773b3e8650458578f4fd8dfe6b-wrap avia-button-left  avia-builder-el-8  el_after_av_button  el_before_av_hr '><a href='https:\/\/sgmo.webling.ch\/forms\/memberform\/2e4dd9bdace7073629bd'  class='avia-button av-gv069-ae626b773b3e8650458578f4fd8dfe6b av-link-btn avia-icon_select-yes-right-icon avia-size-x-large avia-position-left avia-color-theme-color'  target=\"_blank\"  rel=\"noopener noreferrer\"  aria-label=\"ACC\u00c8S DIRECT \u00c0 L\u2019INSCRIPTION\"><span class='avia_iconbox_title' >ACC\u00c8S DIRECT \u00c0 L\u2019INSCRIPTION<\/span><span class='avia_button_icon avia_button_icon_right avia-iconfont avia-font-entypo-fontello' data-av_icon='\ue80c' data-av_iconfont='entypo-fontello' ><\/span><\/a><\/div><br \/>\n\n<style type=\"text\/css\" data-created_by=\"avia_inline_auto\" id=\"style-css-av-nr9d-63ac818eb6e2cf2ec938cf1aaa9c5646\">\n#top .hr.hr-invisible.av-nr9d-63ac818eb6e2cf2ec938cf1aaa9c5646{\nheight:15px;\n}\n<\/style>\n<div  class='hr av-nr9d-63ac818eb6e2cf2ec938cf1aaa9c5646 hr-invisible  avia-builder-el-9  el_after_av_button  avia-builder-el-last '><span class='hr-inner '><span class=\"hr-inner-style\"><\/span><\/span><\/div><\/p><\/div><\/p>\n","protected":false},"excerpt":{"rendered":"","protected":false},"author":1,"featured_media":0,"parent":3914,"menu_order":2,"comment_status":"closed","ping_status":"closed","template":"","meta":{"_acf_changed":false,"footnotes":""},"class_list":["post-3940","page","type-page","status-publish","hentry"],"acf":[],"_links":{"self":[{"href":"https:\/\/www.sgmo.ch\/fr\/wp-json\/wp\/v2\/pages\/3940","targetHints":{"allow":["GET"]}}],"collection":[{"href":"https:\/\/www.sgmo.ch\/fr\/wp-json\/wp\/v2\/pages"}],"about":[{"href":"https:\/\/www.sgmo.ch\/fr\/wp-json\/wp\/v2\/types\/page"}],"author":[{"embeddable":true,"href":"https:\/\/www.sgmo.ch\/fr\/wp-json\/wp\/v2\/users\/1"}],"replies":[{"embeddable":true,"href":"https:\/\/www.sgmo.ch\/fr\/wp-json\/wp\/v2\/comments?post=3940"}],"version-history":[{"count":31,"href":"https:\/\/www.sgmo.ch\/fr\/wp-json\/wp\/v2\/pages\/3940\/revisions"}],"predecessor-version":[{"id":13427,"href":"https:\/\/www.sgmo.ch\/fr\/wp-json\/wp\/v2\/pages\/3940\/revisions\/13427"}],"up":[{"embeddable":true,"href":"https:\/\/www.sgmo.ch\/fr\/wp-json\/wp\/v2\/pages\/3914"}],"wp:attachment":[{"href":"https:\/\/www.sgmo.ch\/fr\/wp-json\/wp\/v2\/media?parent=3940"}],"curies":[{"name":"wp","href":"https:\/\/api.w.org\/{rel}","templated":true}]}}