{"id":3954,"date":"2023-03-13T13:52:04","date_gmt":"2023-03-13T12:52:04","guid":{"rendered":"https:\/\/www.sgmo.ch\/?page_id=3954"},"modified":"2026-01-16T18:10:37","modified_gmt":"2026-01-16T17:10:37","slug":"inscription-examen-de-specialiste","status":"publish","type":"page","link":"https:\/\/www.sgmo.ch\/fr\/formation-postgraduee\/inscription-examen-de-specialiste\/","title":{"rendered":"Inscription examen de sp\u00e9cialiste"},"content":{"rendered":"<div  class='flex_column av-bw7en-8a458f00ff87d407a34f418bc40bb17a av_one_full  avia-builder-el-0  el_before_av_hr  avia-builder-el-first  first flex_column_div  '     ><style type=\"text\/css\" data-created_by=\"avia_inline_auto\" id=\"style-css-av-lfjlbz1k-c75744d1afddfe7e649fa0fe88033e64\">\n#top .av-special-heading.av-lfjlbz1k-c75744d1afddfe7e649fa0fe88033e64{\npadding-bottom:0;\n}\nbody .av-special-heading.av-lfjlbz1k-c75744d1afddfe7e649fa0fe88033e64 .av-special-heading-tag .heading-char{\nfont-size:25px;\n}\n.av-special-heading.av-lfjlbz1k-c75744d1afddfe7e649fa0fe88033e64 .av-subheading{\nfont-size:15px;\n}\n<\/style>\n<div  class='av-special-heading av-lfjlbz1k-c75744d1afddfe7e649fa0fe88033e64 av-special-heading-h3  avia-builder-el-1  avia-builder-el-no-sibling '><h3 class='av-special-heading-tag '  itemprop=\"headline\"  >Inscription examen de sp\u00e9cialiste<\/h3><div class=\"special-heading-border\"><div class=\"special-heading-inner-border\"><\/div><\/div><\/div><\/div>\n\n<style type=\"text\/css\" data-created_by=\"avia_inline_auto\" id=\"style-css-av-lfjlcncf-c92e0450fe0882216e46e8fb846cea54\">\n#top .hr.hr-invisible.av-lfjlcncf-c92e0450fe0882216e46e8fb846cea54{\nheight:50px;\n}\n<\/style>\n<div  class='hr av-lfjlcncf-c92e0450fe0882216e46e8fb846cea54 hr-invisible  avia-builder-el-2  el_after_av_one_full  el_before_av_textblock '><span class='hr-inner '><span class=\"hr-inner-style\"><\/span><\/span><\/div>\n<section  class='av_textblock_section av-lzgpzfwe-b86cb69ac5fd3dd43d5ef6d44505e981 '   itemscope=\"itemscope\" itemtype=\"https:\/\/schema.org\/CreativeWork\" ><div class='avia_textblock'  itemprop=\"text\" ><p><strong><div class=\"mse-application-form-wrapper\" role=\"form\">\r\n\t<form action=\"https:\/\/www.sgmo.ch\/fr\/wp-json\/wp\/v2\/pages\/3954\/\" class=\"mse-form\" id=\"mse-application-form\" method=\"post\" enctype=\"multipart\/form-data\">\r\n\t\t<input type=\"hidden\" id=\"action\" name=\"action\" value=\"9e7d33e40f\" \/><input type=\"hidden\" name=\"_wp_http_referer\" value=\"\/fr\/wp-json\/wp\/v2\/pages\/3954\" \/>\t\t<div class=\"form-group\">\r\n    \t\t<label for=\"titleField\">Titre*<\/label>\r\n    \t\t<input type=\"text\" name=\"title\" class=\"form-control\" id=\"titleField\" value=\"\" aria-describedby=\"\" placeholder=\"Entrer le titre\" aria-required=\"true\">\r\n  \t\t<\/div>\r\n\t\t<div class=\"form-group\">\r\n    \t\t<label for=\"lnameField\">Nom*<\/label>\r\n    \t\t<input type=\"text\" name=\"lname\" class=\"form-control\" id=\"lnameField\" value=\"\" aria-describedby=\"\" placeholder=\"Entrer le nom\" aria-required=\"true\">\r\n  \t\t<\/div>\r\n\t\t<div class=\"form-group\">\r\n    \t\t<label for=\"fnameField\">Pr\u00e9nom*<\/label>\r\n    \t\t<input type=\"text\" name=\"fname\" class=\"form-control\" id=\"fnameField\" value=\"\" aria-describedby=\"\" placeholder=\"Entrer un pr\u00e9nom\" aria-required=\"true\">\r\n  \t\t<\/div>\r\n\t\t<div class=\"form-group\">\r\n    \t\t<label for=\"institutionField\">Institution<\/label>\r\n    \t\t<input type=\"text\" name=\"institution\" class=\"form-control\" id=\"institutionField\" value=\"\" aria-describedby=\"\" placeholder=\"Entrer l'institution\">\r\n  \t\t<\/div>\r\n\t\t<div class=\"form-group\">\r\n    \t\t<label for=\"departmentField\">D\u00e9partement<\/label>\r\n    \t\t<input type=\"text\" name=\"department\" class=\"form-control\" id=\"departmentField\" value=\"\" aria-describedby=\"\" placeholder=\"Entrer le d\u00e9partement\">\r\n  \t\t<\/div>\r\n\t\t<div class=\"form-group\">\r\n    \t\t<label for=\"streetField\">Rue*<\/label>\r\n    \t\t<input type=\"text\" name=\"street\" class=\"form-control\" id=\"streetField\" value=\"\" aria-describedby=\"\" placeholder=\"Entrer la rue\/le num\u00e9ro\" aria-required=\"true\">\r\n  \t\t<\/div>\r\n\t\t<div class=\"form-group\">\r\n    \t\t<label for=\"pocodeField\">NPA*<\/label>\r\n    \t\t<input type=\"text\" name=\"pocode\" class=\"form-control\" id=\"pocodeField\" value=\"\" aria-describedby=\"\" placeholder=\"Entrez le code postal\" aria-required=\"true\">\r\n  \t\t<\/div>\r\n\t\t<div class=\"form-group\">\r\n    \t\t<label for=\"cityField\">Lieu*<\/label>\r\n    \t\t<input type=\"text\" name=\"city\" class=\"form-control\" id=\"cityField\" value=\"\" aria-describedby=\"\" placeholder=\"Entrer un lieu\" aria-required=\"true\">\r\n  \t\t<\/div>\r\n\t\t<div class=\"form-group\">\r\n    \t\t<label for=\"emailField\">Email (priv\u00e9)*<\/label>\r\n    \t\t<input type=\"email\" name=\"email\" class=\"form-control\" id=\"emailField\" value=\"\" aria-describedby=\"\" placeholder=\"Entrer l'email\" aria-required=\"true\">\r\n  \t\t<\/div>\r\n\t\t<div class=\"form-group\">\r\n    \t\t<label for=\"emailField\">Mobile*<\/label>\r\n    \t\t<input type=\"text\" name=\"phone\" class=\"form-control\" id=\"phoneField\" value=\"\" aria-describedby=\"\" placeholder=\"Entrer un num\u00e9ro de t\u00e9l\u00e9phone\" aria-required=\"true\">\r\n  \t\t<\/div>\r\n\t\t<div class=\"form-group\">\r\n    \t\t<label for=\"bdateField\">Date de naissance*<\/label>\r\n    \t\t<input type=\"text\" name=\"bdate\" class=\"form-control datepicker\" id=\"bdateField\" value=\"\" aria-describedby=\"\" placeholder=\"Entrer votre date de naissance\" aria-required=\"true\">\r\n  \t\t<\/div>\r\n\t  \t<div class=\"form-group\">\r\n    \t\t<label for=\"glnField\">GLN*<\/label>\r\n    \t\t<input type=\"text\" name=\"gln\" class=\"form-control\" id=\"glnField\" value=\"\" aria-describedby=\"\" placeholder=\"Entrer GLN\" aria-required=\"true\">\r\n  \t\t<\/div>\r\n\t\t<hr>\r\n  \t\t<h3>Formation postgradu\u00e9e*<\/h3><span>(veuillez ne mentionner ici que la formation continue sp\u00e9cifique, c'est-\u00e0-dire sans la m\u00e9decine interne)<\/span>\r\n  \t\t<p>\r\n\t\t  La formation postgradu\u00e9e sp\u00e9cialis\u00e9e comprend les domaines suivants : oncologie, h\u00e9matologie, radio-oncologie\/radioth\u00e9rapie, oncologie-h\u00e9matologie p\u00e9diatrique, pathologie, m\u00e9decine palliative, recherche en oncologie (cf. <a href=\"https:\/\/www.siwf.ch\/files\/pdf18\/medizinische_onkologie_version_internet_f.pdf\" target=\"_blank\">programme de formation postgradu\u00e9e en oncologie m\u00e9dicale, art. 2.1.3<\/a>)\r\n\t\t<\/p>\r\n\t\t<p>Pour un changement de charge de travail au sein du m\u00eame \u00e9tablissement de formation, veuillez utiliser une nouvelle ligne.<\/p>\r\n\t\t<table class=\"specialist_training\">\r\n  \t\t\t<thead>\r\n\t\t\t\t<tr>\r\n\t\t\t\t\t<th>Du (MM\/AA)<\/th>\r\n\t\t\t\t\t<th>au (MM\/AA)<\/th>\r\n\t\t\t\t\t<th>Charge de travail (%)<\/th>\r\n\t\t\t\t\t<th>\u00c9tablissement<\/th>\r\n\t\t\t\t\t<th>T\u00e9l\u00e9chargement de fichiers<\/th>\r\n\t\t\t\t<\/tr>\r\n\t\t\t<\/thead>\r\n\t\t\t<tbody>\r\n\t\t\t\t\t  \t\t\t<tr>\r\n\t  \t\t\t\t<td><input type=\"text\" name=\"training[0][from]\" class=\"training_from\" value=\"\" size=\"5\" maxlength=\"5\">\r\n\t  \t\t\t\t<td><input type=\"text\" name=\"training[0][to]\" class=\"training_to\" value=\"\" size=\"5\" maxlength=\"5\">\r\n\t  \t\t\t\t<td><input type=\"number\" min=\"0\" max=\"100\" name=\"training[0][workload]\" class=\"training_workload\" value=\"\" size=\"3\" maxlength=\"3\">\r\n\t\t\t\t\t<td><input type=\"text\" name=\"training[0][center]\" value=\"\" class=\"training_center\">\r\n\t\t\t\t\t<td><input type=\"file\" name=\"attachments[0]\">\r\n\t\t\t\t\t\t\t\t\t\t\t<\/td>\r\n\t\t\t\t<\/tr>\r\n\t  \t\t\t\t  \t\t\t<tr>\r\n\t  \t\t\t\t<td><input type=\"text\" name=\"training[1][from]\" class=\"training_from\" value=\"\" size=\"5\" maxlength=\"5\">\r\n\t  \t\t\t\t<td><input type=\"text\" name=\"training[1][to]\" class=\"training_to\" value=\"\" size=\"5\" maxlength=\"5\">\r\n\t  \t\t\t\t<td><input type=\"number\" min=\"0\" max=\"100\" name=\"training[1][workload]\" class=\"training_workload\" value=\"\" size=\"3\" maxlength=\"3\">\r\n\t\t\t\t\t<td><input type=\"text\" name=\"training[1][center]\" value=\"\" class=\"training_center\">\r\n\t\t\t\t\t<td><input type=\"file\" name=\"attachments[1]\">\r\n\t\t\t\t\t\t\t\t\t\t\t<\/td>\r\n\t\t\t\t<\/tr>\r\n\t  \t\t\t\t  \t\t\t<tr>\r\n\t  \t\t\t\t<td><input type=\"text\" name=\"training[2][from]\" class=\"training_from\" value=\"\" size=\"5\" maxlength=\"5\">\r\n\t  \t\t\t\t<td><input type=\"text\" name=\"training[2][to]\" class=\"training_to\" value=\"\" size=\"5\" maxlength=\"5\">\r\n\t  \t\t\t\t<td><input type=\"number\" min=\"0\" max=\"100\" name=\"training[2][workload]\" class=\"training_workload\" value=\"\" size=\"3\" maxlength=\"3\">\r\n\t\t\t\t\t<td><input type=\"text\" name=\"training[2][center]\" value=\"\" class=\"training_center\">\r\n\t\t\t\t\t<td><input type=\"file\" name=\"attachments[2]\">\r\n\t\t\t\t\t\t\t\t\t\t\t<\/td>\r\n\t\t\t\t<\/tr>\r\n\t  \t\t\t\t  \t\t\t<tr>\r\n\t  \t\t\t\t<td><input type=\"text\" name=\"training[3][from]\" class=\"training_from\" value=\"\" size=\"5\" maxlength=\"5\">\r\n\t  \t\t\t\t<td><input type=\"text\" name=\"training[3][to]\" class=\"training_to\" value=\"\" size=\"5\" maxlength=\"5\">\r\n\t  \t\t\t\t<td><input type=\"number\" min=\"0\" max=\"100\" name=\"training[3][workload]\" class=\"training_workload\" value=\"\" size=\"3\" maxlength=\"3\">\r\n\t\t\t\t\t<td><input type=\"text\" name=\"training[3][center]\" value=\"\" class=\"training_center\">\r\n\t\t\t\t\t<td><input type=\"file\" name=\"attachments[3]\">\r\n\t\t\t\t\t\t\t\t\t\t\t<\/td>\r\n\t\t\t\t<\/tr>\r\n\t  \t\t\t\t  \t\t\t<tr>\r\n\t  \t\t\t\t<td><input type=\"text\" name=\"training[4][from]\" class=\"training_from\" value=\"\" size=\"5\" maxlength=\"5\">\r\n\t  \t\t\t\t<td><input type=\"text\" name=\"training[4][to]\" class=\"training_to\" value=\"\" size=\"5\" maxlength=\"5\">\r\n\t  \t\t\t\t<td><input type=\"number\" min=\"0\" max=\"100\" name=\"training[4][workload]\" class=\"training_workload\" value=\"\" size=\"3\" maxlength=\"3\">\r\n\t\t\t\t\t<td><input type=\"text\" name=\"training[4][center]\" value=\"\" class=\"training_center\">\r\n\t\t\t\t\t<td><input type=\"file\" name=\"attachments[4]\">\r\n\t\t\t\t\t\t\t\t\t\t\t<\/td>\r\n\t\t\t\t<\/tr>\r\n\t  \t\t\t\t  \t\t<\/tbody>\r\n  \t\t<\/table>\r\n  \t\t<button id=\"specialist-training-add-new-button\" class=\"button\">Ajouter des formations compl\u00e9mentaires<\/button>\r\n\t\t<h3>Absences<\/h3>\r\n\t\t<p>J'ai \u00e9t\u00e9 absent pendant plus de 8 semaines au cours d'une ann\u00e9e de formation continue sans que cela ne soit de ma faute (maladie, grossesse, service militaire ; cf. <a href=\"https:\/\/www.siwf.ch\/files\/pdf28\/wbo_f.pdf\" target=\"_blank\">r\u00e8glementation pour la formation postgradu\u00e9e, art. 31<\/a><\/p>\r\n\t\t<div class=\"form-group\">\r\n\t\t\t<div class=\"form-check form-check-inline\">\r\n\t\t\t  <input class=\"form-check-input\" type=\"radio\" name=\"absences\" id=\"absences_yes\" aria-required=\"true\" value=\"Y\">\r\n\t\t\t  <label class=\"form-check-label\" for=\"absences_yes\">Oui (veuillez indiquer la p\u00e9riode)<\/label>\r\n\t\t\t<\/div>\r\n\t\t\t<div class=\"form-check form-check-inline\">\r\n\t\t\t  <input class=\"form-check-input\" type=\"radio\" name=\"absences\" id=\"absences_no\" value=\"N\">\r\n\t\t\t  <label class=\"form-check-label\" for=\"absences_no\">No<\/label>\r\n\t\t\t<\/div>\r\n\t\t\t<div id=\"absencesTextInputWrapper\" class=\"hidden\">\r\n    \t\t\t<label for=\"absences_text\">Saisir les absences:<\/label>\r\n\t\t\t\t<input type=\"text\" id=\"absences_text\" name=\"absences_text\" class=\"form-control\" aria-required=\"true\" value=\"\">\r\n\t\t\t<\/div>\r\n  \t\t<\/div>\r\n  \t\t<hr>\r\n\t\t<h3>Langue d'examen souhait\u00e9e (sera prise en compte selon les possibilit\u00e9s)<\/h3>\r\n\t\t<div class=\"form-group\">\r\n\t\t\t<div class=\"form-check form-check-inline\">\r\n\t\t\t  <input class=\"form-check-input\" type=\"radio\" name=\"language\" id=\"languageGerman\" aria-required=\"true\" value=\"de\">\r\n\t\t\t  <label class=\"form-check-label\" for=\"languageGerman\">Allemand<\/label>\r\n\t\t\t<\/div>\r\n\t\t\t<div class=\"form-check form-check-inline\">\r\n\t\t\t  <input class=\"form-check-input\" type=\"radio\" name=\"language\" id=\"languageFrench\" value=\"fr\">\r\n\t\t\t  <label class=\"form-check-label\" for=\"languageFrench\">Fran\u00e7ais<\/label>\r\n\t\t\t<\/div>\r\n\t\t\t<div class=\"form-check form-check-inline\">\r\n\t\t\t  <input class=\"form-check-input\" type=\"radio\" name=\"language\" id=\"languageItalian\" value=\"it\">\r\n\t\t\t  <label class=\"form-check-label\" for=\"languageItalian\">Italien<\/label>\r\n\t\t\t<\/div>\r\n  \t\t<\/div>\r\n  \t\t<hr>\r\n\t\t\t\t<p>\r\n\t\t\t<div class=\"g-recaptcha\" data-sitekey=\"6LcrSdEUAAAAAF2eGuhbBVkvVD54iRG0JJRrLvm0\"><\/div>\r\n\t\t\t<span class=\"wpcf7-not-valid-tip\" id=\"recaptcha-error\"><\/span>\r\n\t\t<\/p>\r\n\t\t\t\t<hr>\r\n\t\t<div class=\"form-group\">\r\n    \t\t<input type=\"checkbox\" name=\"form-cb-complete\" value=\"Y\" class=\"form-control\" id=\"formCbCompleteField\" aria-describedby=\"\" aria-required=\"true\">\r\n    \t\t<label for=\"formCbCompleteField\" class=\"form-check-label\">Je confirme par la pr\u00e9sente que les informations que j'ai fournies sont exactes et compl\u00e8tes*<\/label>\r\n  \t\t<\/div>\r\n\t\t<div class=\"form-group\">\r\n    \t\t<input type=\"checkbox\" name=\"privacy\" value=\"Y\" class=\"form-control\" id=\"formPrivacyField\" aria-describedby=\"\" aria-required=\"true\">\r\n    \t\t<label for=\"formPrivacyField\" class=\"form-check-label\">J'ai lu la <a href=\"\/fr\/protection-des-donnees\/\" target=\"_blank\">d\u00e9claration de protection des donn\u00e9es<\/a> donn\u00e9es et j'accepte que mes donn\u00e9es soient utilis\u00e9es dans le cadre de celle-ci*<\/label>\r\n    \t<\/div>\r\n\t\t<p><strong>* indique un champ obligatoire<\/strong><\/p>\r\n\t\t<p>\r\n\t\t\tVous avez des probl\u00e8mes pour remplir le formulaire ? Veuillez contacter info@sgmo.ch ou +41 (0)43 266 99 12 (pendant les heures de bureau).\r\n\t\t<\/p>\r\n  \t\t<input type=\"submit\" class=\"button\" value=\"Envoyer\"> \r\n\t\t<div class=\"global_error_msg\"><\/div>\r\n\t<\/form>\r\n<\/div>\r\n<script>\r\nvar mse_application_form_messages = {\r\n\t'required' : 'Champ \u00e0 remplir!',\r\n\t'required_email' : 'Ce n\\'est pas une adresse email valide',\r\n\t'required_select' : 'Veuillez s\u00e9lectionner dans le menu d\u00e9roulant!',\r\n\t'required_radio' : 'Vous devez choisir une option !',\r\n\t'required_checkbox' : 'Vous devez \u00eatre d\\'accord avec la d\u00e9claration !',\r\n\t'required_upload' : 'Vous devez s\u00e9lectionner un fichier !',\r\n\t'required_upload_per_training' : 'Veuillez t\u00e9l\u00e9charger un document par formation !',\r\n\t'global_error' : 'Erreur lors du remplissage du formulaire ! Veuillez v\u00e9rifier vos donn\u00e9es et cliquer \u00e0 nouveau sur \"Envoyer\"',\r\n\t'start_date_later' : 'La date de d\u00e9but doit \u00eatre avant la date de fin!',\r\n\t'not_a_number' : 'Vous ne pouvez entrer des chiffres!',\r\n\t'oclock' : '!heure',\r\n\t'delete' : 'Supprimer'\r\n};\r\n\r\njQuery(function() {\r\n\tjQuery.extend( jQuery.fn.pickadate.defaults, {\r\n\t    monthsFull: [ 'Janvier', 'F\u00e9vrier', 'Mars', 'Avril', 'Mai', 'Juin', 'Juillet', 'Ao\u00fbt', 'Septembre', 'Octobre', 'Novembre', 'D\u00e9cembre' ],\r\n\t    monthsShort: [ 'Jan', 'Fev', 'Mar', 'Avr', 'Mai', 'Juin', 'Juil', 'Aou', 'Sep', 'Oct', 'Nov', 'Dec' ],\r\n\t    weekdaysFull: [ 'Dimanche', 'Lundi', 'Mardi', 'Mercredi', 'Jeudi', 'Vendredi', 'Samedi' ],\r\n\t    weekdaysShort: [ 'Dim', 'Lun', 'Mar', 'Mer', 'Jeu', 'Ven', 'Sam' ],\r\n\t    today: 'Aujourd\\'hui',\r\n\t    clear: 'Effacer',\r\n\t    close: 'Fermer',\r\n\t    firstDay: 1,\r\n\t    format: 'dd mmmm yyyy',\r\n\t    formatSubmit: 'yyyy\/mm\/dd'\r\n\t});\r\n\tjQuery.extend( jQuery.fn.pickatime.defaults, {\r\n    \tclear: 'Effacer'\r\n\t});\r\n});\r\n<\/script>\r\n<\/strong><\/p>\n<\/div><\/section>\n","protected":false},"excerpt":{"rendered":"","protected":false},"author":1,"featured_media":0,"parent":3914,"menu_order":1,"comment_status":"closed","ping_status":"closed","template":"","meta":{"_acf_changed":false,"footnotes":""},"class_list":["post-3954","page","type-page","status-publish","hentry"],"acf":[],"_links":{"self":[{"href":"https:\/\/www.sgmo.ch\/fr\/wp-json\/wp\/v2\/pages\/3954","targetHints":{"allow":["GET"]}}],"collection":[{"href":"https:\/\/www.sgmo.ch\/fr\/wp-json\/wp\/v2\/pages"}],"about":[{"href":"https:\/\/www.sgmo.ch\/fr\/wp-json\/wp\/v2\/types\/page"}],"author":[{"embeddable":true,"href":"https:\/\/www.sgmo.ch\/fr\/wp-json\/wp\/v2\/users\/1"}],"replies":[{"embeddable":true,"href":"https:\/\/www.sgmo.ch\/fr\/wp-json\/wp\/v2\/comments?post=3954"}],"version-history":[{"count":14,"href":"https:\/\/www.sgmo.ch\/fr\/wp-json\/wp\/v2\/pages\/3954\/revisions"}],"predecessor-version":[{"id":12771,"href":"https:\/\/www.sgmo.ch\/fr\/wp-json\/wp\/v2\/pages\/3954\/revisions\/12771"}],"up":[{"embeddable":true,"href":"https:\/\/www.sgmo.ch\/fr\/wp-json\/wp\/v2\/pages\/3914"}],"wp:attachment":[{"href":"https:\/\/www.sgmo.ch\/fr\/wp-json\/wp\/v2\/media?parent=3954"}],"curies":[{"name":"wp","href":"https:\/\/api.w.org\/{rel}","templated":true}]}}