{"id":4007,"date":"2023-02-24T12:26:39","date_gmt":"2023-02-24T11:26:39","guid":{"rendered":"https:\/\/www.sgmo.ch\/?page_id=4007"},"modified":"2023-08-02T10:30:17","modified_gmt":"2023-08-02T08:30:17","slug":"formation-continue","status":"publish","type":"page","link":"https:\/\/www.sgmo.ch\/fr\/formation-continue\/","title":{"rendered":"Formation continue"},"content":{"rendered":"<div id='full_slider_1'  class='avia-fullwidth-slider main_color avia-shadow   avia-builder-el-0  el_before_av_one_full  avia-builder-el-first   container_wrap sidebar_right'  >\n<style type=\"text\/css\" data-created_by=\"avia_inline_auto\" id=\"style-css-av-lf9gmudz-b72ee68e18cf1bf403b1b374c589d7b2\">\n#top #wrap_all .avia-slideshow .av-slideshow-caption.av-lf9gmudz-b72ee68e18cf1bf403b1b374c589d7b2__0 .avia-caption-title{\ncolor:#ffffff;\n}\n#top .avia-slideshow .av-slideshow-caption.av-lf9gmudz-b72ee68e18cf1bf403b1b374c589d7b2__0 .avia-caption-content{\ncolor:#ffffff;\n}\n<\/style>\n<div  class='avia-slideshow av-lf9gmudz-b72ee68e18cf1bf403b1b374c589d7b2 avia-slideshow-featured av_slideshow_full avia-slide-slider av-slideshow-ui av-control-default av-slideshow-manual av-loop-once av-loop-manual-endless av-default-height-applied   avia-slideshow-1' data-slideshow-options=\"{&quot;animation&quot;:&quot;slide&quot;,&quot;autoplay&quot;:false,&quot;loop_autoplay&quot;:&quot;once&quot;,&quot;interval&quot;:5,&quot;loop_manual&quot;:&quot;manual-endless&quot;,&quot;autoplay_stopper&quot;:false,&quot;noNavigation&quot;:false,&quot;bg_slider&quot;:false,&quot;keep_padding&quot;:false,&quot;hoverpause&quot;:false,&quot;show_slide_delay&quot;:0}\"  itemprop=\"image\" itemscope=\"itemscope\" itemtype=\"https:\/\/schema.org\/ImageObject\" ><ul class='avia-slideshow-inner ' style='padding-bottom: 28.666666666667%;'><li  class='avia-slideshow-slide av-lf9gmudz-b72ee68e18cf1bf403b1b374c589d7b2__0  av-single-slide slide-1 slide-odd'><div data-rel='slideshow-1' class='avia-slide-wrap '   ><div class='av-slideshow-caption av-lf9gmudz-b72ee68e18cf1bf403b1b374c589d7b2__0 caption_fullwidth caption_bottom caption_bottom_framed caption_framed'><div class=\"container caption_container\"><div class=\"slideshow_caption\"><div class=\"slideshow_inner_caption\"><div class=\"slideshow_align_caption\"><h2 class='avia-caption-title '  itemprop=\"name\" >La SSOM d\u00e9finit la formation continue pour les m\u00e9decins avec titre de sp\u00e9cialiste en oncologie m\u00e9dicale.<\/h2><div class='avia-caption-content av_inherit_color'  itemprop=\"description\" ><p>Toutes les informations ici<\/p>\n<\/div><\/div><\/div><\/div><\/div><\/div><img decoding=\"async\" fetchpriority=\"high\" class=\"wp-image-693 avia-img-lazy-loading-not-693\"  src=\"https:\/\/www.sgmo.ch\/wp-content\/uploads\/fortbildung02-1500x430.jpg\" width=\"1500\" height=\"430\" title='fortbildung02' alt=''  itemprop=\"thumbnailUrl\"  style='min-height:240px; min-width:838px; ' \/><\/div><\/li><\/ul><\/div><\/div><div id='after_full_slider_1'  class='main_color av_default_container_wrap container_wrap sidebar_right'  ><div class='container av-section-cont-open' ><div class='template-page content  av-content-small alpha units'><div class='post-entry post-entry-type-page post-entry-4007'><div class='entry-content-wrapper clearfix'>\n<div  class='flex_column av-r1vd-bbe7e4cd50852fb66bf67b181750c02d av_one_full  avia-builder-el-1  el_after_av_slideshow_full  el_before_av_one_full  avia-builder-el-first  first flex_column_div  '     ><style type=\"text\/css\" data-created_by=\"avia_inline_auto\" id=\"style-css-av-lfjlm9ha-b2739f85517b182f53a589cf87628051\">\n#top .av-special-heading.av-lfjlm9ha-b2739f85517b182f53a589cf87628051{\npadding-bottom:0;\n}\nbody .av-special-heading.av-lfjlm9ha-b2739f85517b182f53a589cf87628051 .av-special-heading-tag .heading-char{\nfont-size:25px;\n}\n.av-special-heading.av-lfjlm9ha-b2739f85517b182f53a589cf87628051 .av-subheading{\nfont-size:15px;\n}\n<\/style>\n<div  class='av-special-heading av-lfjlm9ha-b2739f85517b182f53a589cf87628051 av-special-heading-h3  avia-builder-el-2  avia-builder-el-no-sibling '><h3 class='av-special-heading-tag '  itemprop=\"headline\"  >Formation continue<\/h3><div class=\"special-heading-border\"><div class=\"special-heading-inner-border\"><\/div><\/div><\/div><\/div>\n<div  class='flex_column av-9n3v1-05d3889cfa7cfc9de5e137c52078945e av_one_full  avia-builder-el-3  el_after_av_one_full  el_before_av_one_full  first flex_column_div  column-top-margin'     ><p><section  class='av_textblock_section av-8j7r1-0a3d0ba132cf87faa9bb743b2dece0dd '   itemscope=\"itemscope\" itemtype=\"https:\/\/schema.org\/CreativeWork\" ><div class='avia_textblock'  itemprop=\"text\" ><p>Tous les titulaires d&rsquo;un titre postgradu\u00e9 f\u00e9d\u00e9ral ou d&rsquo;un titre postgradu\u00e9 \u00e9tranger reconnu sont tenus de suivre une formation continue, quel que soit leur taux d&rsquo;occupation, tant qu&rsquo;ils exercent une activit\u00e9 m\u00e9dicale en Suisse. Conform\u00e9ment au r\u00e8glement de formation continue de la FMH, 50 heures (50 cr\u00e9dits) de formation continue attest\u00e9e et structur\u00e9e ainsi que 30 heures d&rsquo;\u00e9tude personnelle sont obligatoires chaque ann\u00e9e. L&rsquo;obligation de formation continue s&rsquo;applique \u00e0 partir de l&rsquo;ann\u00e9e suivante, au cours de laquelle l&rsquo;examen de sp\u00e9cialiste a \u00e9t\u00e9 pass\u00e9. Vous trouverez plus d&rsquo;informations sur le site de la FMH.<\/p>\n<\/div><\/section><br \/>\n<div  class='avia-button-wrap av-7vcex-4653dd758eabcef8577d191bd41abf55-wrap avia-button-left  avia-builder-el-5  el_after_av_textblock  el_before_av_hr '><a href='https:\/\/www.siwf.ch\/fr\/formation-continue.cfm'  class='avia-button av-7vcex-4653dd758eabcef8577d191bd41abf55 av-link-btn avia-icon_select-no avia-size-x-large avia-position-left avia-color-dark'  target=\"_blank\"  rel=\"noopener noreferrer\"  aria-label=\"Site web de l\u2019ISFM\"><span class='avia_iconbox_title' >Site web de l\u2019ISFM<\/span><\/a><\/div><br \/>\n<div  class='hr av-77uw1-74399c5e83f4912a10e1065a3c0f0cd5 hr-default  avia-builder-el-6  el_after_av_button  el_before_av_textblock '><span class='hr-inner '><span class=\"hr-inner-style\"><\/span><\/span><\/div><br \/>\n<section  class='av_textblock_section av-1fvup-ccb8a16d4bae60cc8f4e843ddb40e25c '   itemscope=\"itemscope\" itemtype=\"https:\/\/schema.org\/CreativeWork\" ><div class='avia_textblock'  itemprop=\"text\" ><p>Sur la base du r\u00e8glement de formation continue de la FMH, la SSOM r\u00e9gie la formation continue des m\u00e9decins titulaires du titre de sp\u00e9cialiste en oncologie m\u00e9dicale dans le programme de formation postgradu\u00e9e.<\/p>\n<\/div><\/section><br \/>\n<div  class='avia-button-wrap av-6hinx-93302a311c77512de9ca44a02da16eaf-wrap avia-button-left  avia-builder-el-8  el_after_av_textblock  avia-builder-el-last '><a href='https:\/\/www.siwf.ch\/files\/pdf16\/fbp_med_onkologie_f.pdf'  class='avia-button av-6hinx-93302a311c77512de9ca44a02da16eaf av-link-btn avia-icon_select-no avia-size-x-large avia-position-left avia-color-dark'  target=\"_blank\"  rel=\"noopener noreferrer\"  aria-label=\"Programme de formation continue\"><span class='avia_iconbox_title' >Programme de formation continue<\/span><\/a><\/div><\/p><\/div>\n\n<style type=\"text\/css\" data-created_by=\"avia_inline_auto\" id=\"style-css-av-2xepd-74184295dcbbe7e68639a08063e632b8\">\n.flex_column.av-2xepd-74184295dcbbe7e68639a08063e632b8{\nborder-radius:40px 40px 40px 40px;\npadding:50px 50px 50px 50px;\nbackground-color:#6e9f70;\n}\n<\/style>\n<div  class='flex_column av-2xepd-74184295dcbbe7e68639a08063e632b8 av_one_full  avia-builder-el-9  el_after_av_one_full  el_before_av_one_full  first flex_column_div  column-top-margin'     ><section  class='av_textblock_section av-80zt-3f61d6e48be0d74029b409e86a435eff '   itemscope=\"itemscope\" itemtype=\"https:\/\/schema.org\/CreativeWork\" ><div class='avia_textblock'  itemprop=\"text\" ><h3><span style=\"color: #ffffff;\">Vous pouvez demander ici des cr\u00e9dits SSMO pour des sessions de formation continue avec une sp\u00e9cialisation en oncologie m\u00e9dicale.<\/span><\/h3>\n<\/div><\/section><br \/>\n\n<style type=\"text\/css\" data-created_by=\"avia_inline_auto\" id=\"style-css-av-1lbu9-2f4d755b078cb9d4e57f8f9e9d37ce1e\">\n#top .hr.hr-invisible.av-1lbu9-2f4d755b078cb9d4e57f8f9e9d37ce1e{\nheight:40px;\n}\n<\/style>\n<div  class='hr av-1lbu9-2f4d755b078cb9d4e57f8f9e9d37ce1e hr-invisible  avia-builder-el-11  el_after_av_textblock  el_before_av_button '><span class='hr-inner '><span class=\"hr-inner-style\"><\/span><\/span><\/div><br \/>\n<div  class='avia-button-wrap av-115dh-272f0da0b94677602db5951ab62fcb15-wrap avia-button-left  avia-builder-el-12  el_after_av_hr  avia-builder-el-last '><a href='https:\/\/www.sgmo.ch\/fr\/formation-continue\/demander-daccreditation\/'  class='avia-button av-115dh-272f0da0b94677602db5951ab62fcb15 av-link-btn avia-icon_select-no avia-size-x-large avia-position-left avia-color-theme-color'   aria-label=\"DEMANDE D\u2019ACCR\u00c9DITATION\"><span class='avia_iconbox_title' >DEMANDE D\u2019ACCR\u00c9DITATION<\/span><\/a><\/div><\/p><\/div><div  class='flex_column av-39tp1-7143a6b44a86166c08ab3c009fb5ee62 av_one_full  avia-builder-el-13  el_after_av_one_full  avia-builder-el-last  first flex_column_div  column-top-margin'     ><p>\n<style type=\"text\/css\" data-created_by=\"avia_inline_auto\" id=\"style-css-av-143mh-10c82c4c6a9fc1160ed1ea4d65381cd5\">\n#top .hr.hr-invisible.av-143mh-10c82c4c6a9fc1160ed1ea4d65381cd5{\nheight:50px;\n}\n<\/style>\n<div  class='hr av-143mh-10c82c4c6a9fc1160ed1ea4d65381cd5 hr-invisible  avia-builder-el-14  el_before_av_textblock  avia-builder-el-first '><span class='hr-inner '><span class=\"hr-inner-style\"><\/span><\/span><\/div><br \/>\n<section  class='av_textblock_section av-2tgf5-8673b6d088374a43e277c76efba224a7 '   itemscope=\"itemscope\" itemtype=\"https:\/\/schema.org\/CreativeWork\" ><div class='avia_textblock'  itemprop=\"text\" ><div class=\"entry-content\">\n<p>Vous trouverez les manifestations de formation continue accr\u00e9dit\u00e9es par la SSOM dans le calendrier des manifestations.<\/p>\n<\/div>\n<\/div><\/section><br \/>\n<div  class='avia-button-wrap av-22px5-a1da2b3b51633d1a68352cae788eed0a-wrap avia-button-left  avia-builder-el-16  el_after_av_textblock  el_before_av_hr '><a href='https:\/\/www.sgmo.ch\/fr\/formation-continue\/calendrier-des-manifestations\/'  class='avia-button av-22px5-a1da2b3b51633d1a68352cae788eed0a av-link-btn avia-icon_select-no avia-size-x-large avia-position-left avia-color-dark'   aria-label=\"Manifestations\"><span class='avia_iconbox_title' >Manifestations<\/span><\/a><\/div><br \/>\n<div  class='hr av-1k4h5-99471b3865d24ce69699263b67a62c79 hr-default  avia-builder-el-17  el_after_av_button  el_before_av_button '><span class='hr-inner '><span class=\"hr-inner-style\"><\/span><\/span><\/div><br \/>\n<div  class='avia-button-wrap av-vlap-9e5f9caa4f427b00133f601e4df88e87-wrap avia-button-left  avia-builder-el-18  el_after_av_hr  avia-builder-el-last '><a href='https:\/\/www.sgmo.ch\/fr\/a-propos-de-nous\/ressorts\/'  class='avia-button av-vlap-9e5f9caa4f427b00133f601e4df88e87 av-link-btn avia-icon_select-no avia-size-x-large avia-position-left avia-color-dark'   aria-label=\"Commission de formation continue\"><span class='avia_iconbox_title' >Commission de formation continue<\/span><\/a><\/div><\/p><\/div><\/p>\n","protected":false},"excerpt":{"rendered":"","protected":false},"author":1,"featured_media":0,"parent":0,"menu_order":0,"comment_status":"closed","ping_status":"closed","template":"","meta":{"_acf_changed":false,"footnotes":""},"class_list":["post-4007","page","type-page","status-publish","hentry"],"acf":[],"_links":{"self":[{"href":"https:\/\/www.sgmo.ch\/fr\/wp-json\/wp\/v2\/pages\/4007","targetHints":{"allow":["GET"]}}],"collection":[{"href":"https:\/\/www.sgmo.ch\/fr\/wp-json\/wp\/v2\/pages"}],"about":[{"href":"https:\/\/www.sgmo.ch\/fr\/wp-json\/wp\/v2\/types\/page"}],"author":[{"embeddable":true,"href":"https:\/\/www.sgmo.ch\/fr\/wp-json\/wp\/v2\/users\/1"}],"replies":[{"embeddable":true,"href":"https:\/\/www.sgmo.ch\/fr\/wp-json\/wp\/v2\/comments?post=4007"}],"version-history":[{"count":10,"href":"https:\/\/www.sgmo.ch\/fr\/wp-json\/wp\/v2\/pages\/4007\/revisions"}],"predecessor-version":[{"id":4835,"href":"https:\/\/www.sgmo.ch\/fr\/wp-json\/wp\/v2\/pages\/4007\/revisions\/4835"}],"wp:attachment":[{"href":"https:\/\/www.sgmo.ch\/fr\/wp-json\/wp\/v2\/media?parent=4007"}],"curies":[{"name":"wp","href":"https:\/\/api.w.org\/{rel}","templated":true}]}}