{"id":4067,"date":"2023-03-22T12:23:34","date_gmt":"2023-03-22T11:23:34","guid":{"rendered":"https:\/\/www.sgmo.ch\/?page_id=4067"},"modified":"2023-06-22T15:40:56","modified_gmt":"2023-06-22T13:40:56","slug":"evenements-de-la-ssom","status":"publish","type":"page","link":"https:\/\/www.sgmo.ch\/fr\/evenements-de-la-ssom\/","title":{"rendered":"\u00c9v\u00e9nements de la SSOM"},"content":{"rendered":"<div id='full_slider_1'  class='avia-fullwidth-slider main_color avia-shadow   avia-builder-el-0  el_before_av_one_full  avia-builder-el-first   container_wrap sidebar_right'  >\n<style type=\"text\/css\" data-created_by=\"avia_inline_auto\" id=\"style-css-av-4uftu3-9f6449a22acf224cae20e1053b13ab19\">\n#top #wrap_all .avia-slideshow .av-slideshow-caption.av-4uftu3-9f6449a22acf224cae20e1053b13ab19__0 .avia-caption-title{\ncolor:#ffffff;\n}\n#top .avia-slideshow .av-slideshow-caption.av-4uftu3-9f6449a22acf224cae20e1053b13ab19__0 .avia-caption-content{\ncolor:#ffffff;\n}\n<\/style>\n<div  class='avia-slideshow av-4uftu3-9f6449a22acf224cae20e1053b13ab19 avia-slideshow-featured av_slideshow_full avia-slide-slider av-slideshow-ui av-control-default av-slideshow-manual av-loop-once av-loop-manual-endless av-default-height-applied   avia-slideshow-1' data-slideshow-options=\"{&quot;animation&quot;:&quot;slide&quot;,&quot;autoplay&quot;:false,&quot;loop_autoplay&quot;:&quot;once&quot;,&quot;interval&quot;:5,&quot;loop_manual&quot;:&quot;manual-endless&quot;,&quot;autoplay_stopper&quot;:false,&quot;noNavigation&quot;:false,&quot;bg_slider&quot;:false,&quot;keep_padding&quot;:false,&quot;hoverpause&quot;:false,&quot;show_slide_delay&quot;:0}\"  itemprop=\"image\" itemscope=\"itemscope\" itemtype=\"https:\/\/schema.org\/ImageObject\" ><ul class='avia-slideshow-inner ' style='padding-bottom: 28.666666666667%;'><li  class='avia-slideshow-slide av-4uftu3-9f6449a22acf224cae20e1053b13ab19__0  av-single-slide slide-1 slide-odd'><div data-rel='slideshow-1' class='avia-slide-wrap '   ><div class='av-slideshow-caption av-4uftu3-9f6449a22acf224cae20e1053b13ab19__0 caption_fullwidth caption_bottom caption_bottom_framed caption_framed'><div class=\"container caption_container\"><div class=\"slideshow_caption\"><div class=\"slideshow_inner_caption\"><div class=\"slideshow_align_caption\"><h2 class='avia-caption-title '  itemprop=\"name\" >Topics, Trends et Talks<\/h2><div class='avia-caption-content av_inherit_color'  itemprop=\"description\" ><p>Des \u00e9v\u00e9nements vari\u00e9s dans le domaine de l&rsquo;oncologie m\u00e9dicale<\/p>\n<\/div><\/div><\/div><\/div><\/div><\/div><img decoding=\"async\" fetchpriority=\"high\" class=\"wp-image-2094 avia-img-lazy-loading-not-2094\"  src=\"https:\/\/www.sgmo.ch\/wp-content\/uploads\/sgmo-events-1-1500x430.jpg\" width=\"1500\" height=\"430\" title='sgmo-events' alt=''  itemprop=\"thumbnailUrl\"  style='min-height:240px; min-width:838px; ' srcset=\"https:\/\/www.sgmo.ch\/wp-content\/uploads\/sgmo-events-1-1500x430.jpg 1500w, https:\/\/www.sgmo.ch\/wp-content\/uploads\/sgmo-events-1-300x85.jpg 300w, https:\/\/www.sgmo.ch\/wp-content\/uploads\/sgmo-events-1-705x201.jpg 705w\" sizes=\"(max-width: 1500px) 100vw, 1500px\" \/><\/div><\/li><\/ul><\/div><\/div><div id='after_full_slider_1'  class='main_color av_default_container_wrap container_wrap sidebar_right'  ><div class='container av-section-cont-open' ><div class='template-page content  av-content-small alpha units'><div class='post-entry post-entry-type-page post-entry-4067'><div class='entry-content-wrapper clearfix'>\n<div  class='flex_column av-2084p7-b1c5bb5072f69d557ea56e6a7bd92868 av_one_full  avia-builder-el-1  el_after_av_slideshow_full  el_before_av_one_full  avia-builder-el-first  first flex_column_div  '     ><style type=\"text\/css\" data-created_by=\"avia_inline_auto\" id=\"style-css-av-lfjo6wze-f46511409c0a13bffc724b8b326c8c57\">\n#top .av-special-heading.av-lfjo6wze-f46511409c0a13bffc724b8b326c8c57{\npadding-bottom:0;\n}\nbody .av-special-heading.av-lfjo6wze-f46511409c0a13bffc724b8b326c8c57 .av-special-heading-tag .heading-char{\nfont-size:25px;\n}\n.av-special-heading.av-lfjo6wze-f46511409c0a13bffc724b8b326c8c57 .av-subheading{\nfont-size:15px;\n}\n<\/style>\n<div  class='av-special-heading av-lfjo6wze-f46511409c0a13bffc724b8b326c8c57 av-special-heading-h3  avia-builder-el-2  avia-builder-el-no-sibling '><h3 class='av-special-heading-tag '  itemprop=\"headline\"  >\u00c9v\u00e9nements de la SSOM<\/h3><div class=\"special-heading-border\"><div class=\"special-heading-inner-border\"><\/div><\/div><\/div><\/div><div  class='flex_column av-6iy41n-a302cc9b0b1816bb54729ae922cffe77 av_one_full  avia-builder-el-3  el_after_av_one_full  avia-builder-el-last  first flex_column_div  column-top-margin'     ><p><section  class='av_textblock_section av-lhyt6kf0-b8369e3b8c3cbbddaef9859254741241 '   itemscope=\"itemscope\" itemtype=\"https:\/\/schema.org\/CreativeWork\" ><div class='avia_textblock'  itemprop=\"text\" ><p>La SSOM organise ses propres \u00e9v\u00e9nements afin de soutenir ses membres dans leur quotidien en clinique et en cabinet. La SSOM ne fournit pas seulement \u00e0 ses membres des informations actuelles sur les r\u00e9sultats de la recherche, les discussions et les tendances, mais leur permet \u00e9galement de s&rsquo;interconnecter \u00e0 l&rsquo;\u00e9chelle nationale avec des confr\u00e8res oncologues m\u00e9dicaux et des professionnels d&rsquo;autres sp\u00e9cialit\u00e9s.<\/p>\n<\/div><\/section><br \/>\n<div  class='hr av-2hamm3-22baee96cff8b3c28a4fa77a9351173c hr-default  avia-builder-el-5  el_after_av_textblock  avia-builder-el-last '><span class='hr-inner '><span class=\"hr-inner-style\"><\/span><\/span><\/div><\/p><\/div><\/p>\n","protected":false},"excerpt":{"rendered":"","protected":false},"author":1,"featured_media":0,"parent":0,"menu_order":0,"comment_status":"closed","ping_status":"closed","template":"","meta":{"_acf_changed":false,"footnotes":""},"class_list":["post-4067","page","type-page","status-publish","hentry"],"acf":[],"_links":{"self":[{"href":"https:\/\/www.sgmo.ch\/fr\/wp-json\/wp\/v2\/pages\/4067","targetHints":{"allow":["GET"]}}],"collection":[{"href":"https:\/\/www.sgmo.ch\/fr\/wp-json\/wp\/v2\/pages"}],"about":[{"href":"https:\/\/www.sgmo.ch\/fr\/wp-json\/wp\/v2\/types\/page"}],"author":[{"embeddable":true,"href":"https:\/\/www.sgmo.ch\/fr\/wp-json\/wp\/v2\/users\/1"}],"replies":[{"embeddable":true,"href":"https:\/\/www.sgmo.ch\/fr\/wp-json\/wp\/v2\/comments?post=4067"}],"version-history":[{"count":2,"href":"https:\/\/www.sgmo.ch\/fr\/wp-json\/wp\/v2\/pages\/4067\/revisions"}],"predecessor-version":[{"id":4069,"href":"https:\/\/www.sgmo.ch\/fr\/wp-json\/wp\/v2\/pages\/4067\/revisions\/4069"}],"wp:attachment":[{"href":"https:\/\/www.sgmo.ch\/fr\/wp-json\/wp\/v2\/media?parent=4067"}],"curies":[{"name":"wp","href":"https:\/\/api.w.org\/{rel}","templated":true}]}}