{"id":4071,"date":"2023-05-22T14:35:27","date_gmt":"2023-05-22T12:35:27","guid":{"rendered":"https:\/\/www.sgmo.ch\/?page_id=4071"},"modified":"2023-07-31T11:32:26","modified_gmt":"2023-07-31T09:32:26","slug":"shoot-cours","status":"publish","type":"page","link":"https:\/\/www.sgmo.ch\/fr\/evenements-de-la-ssom\/shoot-cours\/","title":{"rendered":"SHOOT cours"},"content":{"rendered":"<div  class='flex_column av-84rzvb-dd364a7a84f90d8c8767b3663f94dfab av_one_full  avia-builder-el-0  el_before_av_one_full  avia-builder-el-first  first flex_column_div  '     ><style type=\"text\/css\" data-created_by=\"avia_inline_auto\" id=\"style-css-av-lhyu239s-b9cf93969f55aa07fa6705f18b9c8f8d\">\n#top .av-special-heading.av-lhyu239s-b9cf93969f55aa07fa6705f18b9c8f8d{\npadding-bottom:0;\n}\nbody .av-special-heading.av-lhyu239s-b9cf93969f55aa07fa6705f18b9c8f8d .av-special-heading-tag .heading-char{\nfont-size:25px;\n}\n.av-special-heading.av-lhyu239s-b9cf93969f55aa07fa6705f18b9c8f8d .av-subheading{\nfont-size:15px;\n}\n<\/style>\n<div  class='av-special-heading av-lhyu239s-b9cf93969f55aa07fa6705f18b9c8f8d av-special-heading-h3  avia-builder-el-1  avia-builder-el-no-sibling '><h3 class='av-special-heading-tag '  itemprop=\"headline\"  >SHOOT cours<\/h3><div class=\"special-heading-border\"><div class=\"special-heading-inner-border\"><\/div><\/div><\/div><\/div><div  class='flex_column av-67xuwn-4dee1077b5baaf21a9af4d7e66a67704 av_one_full  avia-builder-el-2  el_after_av_one_full  avia-builder-el-last  first flex_column_div  column-top-margin'     ><p><section  class='av_textblock_section av-lhyu2tfw-a2ba7f1e1920246ac0a11a19cd899831 '   itemscope=\"itemscope\" itemtype=\"https:\/\/schema.org\/CreativeWork\" ><div class='avia_textblock'  itemprop=\"text\" ><p>Swiss Hematologists and Oncologists of Tomorrow (SHOOT) sont une initiative commune de la SSOM et de la SSH (Soci\u00e9t\u00e9 suisse d&rsquo;h\u00e9matologie) pour les h\u00e9matologues et les oncologues en formation ainsi que pour les jeunes m\u00e9decins sp\u00e9cialistes.<\/p>\n<p>SHOOT organise une s\u00e9rie de cours exclusivement destin\u00e9s aux m\u00e9decins-assistants suisses en oncologie. Vous trouverez de plus amples informations \u00e0 ce sujet sur le site <a href=\"https:\/\/medtoday.ch\/congresses\/shootcourses\/home\" target=\"_blank\" rel=\"noopener\">Internet.<\/a><\/p>\n<\/div><\/section><br \/>\n<div  class='avia-button-wrap av-4wnebr-5b5ff96bef3ddf603e936ef4d35e6316-wrap avia-button-left  avia-builder-el-4  el_after_av_textblock  el_before_av_hr '><a href='https:\/\/www.sohc.ch\/en\/'  class='avia-button av-4wnebr-5b5ff96bef3ddf603e936ef4d35e6316 av-link-btn avia-icon_select-no avia-size-x-large avia-position-left avia-color-dark'  target=\"_blank\"  rel=\"noopener noreferrer\"  aria-label=\"SOHC \u2013 Swiss Oncology and Hematology \"><span class='avia_iconbox_title' >SOHC \u2013 Swiss Oncology and Hematology <\/span><\/a><\/div><br \/>\n<div  class='hr av-2ehih3-408ddd340d770aee95d707fd1cc38b6c hr-default  avia-builder-el-5  el_after_av_button  avia-builder-el-last '><span class='hr-inner '><span class=\"hr-inner-style\"><\/span><\/span><\/div><\/p><\/div><\/p>\n","protected":false},"excerpt":{"rendered":"","protected":false},"author":1,"featured_media":0,"parent":4067,"menu_order":0,"comment_status":"closed","ping_status":"closed","template":"","meta":{"_acf_changed":false,"footnotes":""},"class_list":["post-4071","page","type-page","status-publish","hentry"],"acf":[],"_links":{"self":[{"href":"https:\/\/www.sgmo.ch\/fr\/wp-json\/wp\/v2\/pages\/4071","targetHints":{"allow":["GET"]}}],"collection":[{"href":"https:\/\/www.sgmo.ch\/fr\/wp-json\/wp\/v2\/pages"}],"about":[{"href":"https:\/\/www.sgmo.ch\/fr\/wp-json\/wp\/v2\/types\/page"}],"author":[{"embeddable":true,"href":"https:\/\/www.sgmo.ch\/fr\/wp-json\/wp\/v2\/users\/1"}],"replies":[{"embeddable":true,"href":"https:\/\/www.sgmo.ch\/fr\/wp-json\/wp\/v2\/comments?post=4071"}],"version-history":[{"count":3,"href":"https:\/\/www.sgmo.ch\/fr\/wp-json\/wp\/v2\/pages\/4071\/revisions"}],"predecessor-version":[{"id":4673,"href":"https:\/\/www.sgmo.ch\/fr\/wp-json\/wp\/v2\/pages\/4071\/revisions\/4673"}],"up":[{"embeddable":true,"href":"https:\/\/www.sgmo.ch\/fr\/wp-json\/wp\/v2\/pages\/4067"}],"wp:attachment":[{"href":"https:\/\/www.sgmo.ch\/fr\/wp-json\/wp\/v2\/media?parent=4071"}],"curies":[{"name":"wp","href":"https:\/\/api.w.org\/{rel}","templated":true}]}}