{"id":4078,"date":"2023-03-22T13:39:10","date_gmt":"2023-03-22T12:39:10","guid":{"rendered":"https:\/\/www.sgmo.ch\/?page_id=4078"},"modified":"2023-08-02T15:26:08","modified_gmt":"2023-08-02T13:26:08","slug":"ssom-highlights-of-the-year","status":"publish","type":"page","link":"https:\/\/www.sgmo.ch\/fr\/evenements-de-la-ssom\/ssom-highlights-of-the-year\/","title":{"rendered":"SSOM Highlights of the year"},"content":{"rendered":"<div  class='flex_column av-1wk3mq-917f2537f14f0f46cebb0d152126cdf1 av_one_full  avia-builder-el-0  el_before_av_one_full  avia-builder-el-first  first flex_column_div  '     ><style type=\"text\/css\" data-created_by=\"avia_inline_auto\" id=\"style-css-av-lfjo893g-7af5a02762c469df1fa8b64956d46072\">\n#top .av-special-heading.av-lfjo893g-7af5a02762c469df1fa8b64956d46072{\npadding-bottom:0;\n}\nbody .av-special-heading.av-lfjo893g-7af5a02762c469df1fa8b64956d46072 .av-special-heading-tag .heading-char{\nfont-size:25px;\n}\n.av-special-heading.av-lfjo893g-7af5a02762c469df1fa8b64956d46072 .av-subheading{\nfont-size:15px;\n}\n<\/style>\n<div  class='av-special-heading av-lfjo893g-7af5a02762c469df1fa8b64956d46072 av-special-heading-h3  avia-builder-el-1  avia-builder-el-no-sibling '><h3 class='av-special-heading-tag '  itemprop=\"headline\"  >SSOM Highlights of the year<\/h3><div class=\"special-heading-border\"><div class=\"special-heading-inner-border\"><\/div><\/div><\/div><\/div><div  class='flex_column av-erl4i-14841906cf0cce0d8bfd1fae80f1e160 av_one_full  avia-builder-el-2  el_after_av_one_full  avia-builder-el-last  first flex_column_div  column-top-margin'     ><p><section  class='av_textblock_section av-2irkhu-ae7c46c582a4f5b47faabe51fb30e0b9 '   itemscope=\"itemscope\" itemtype=\"https:\/\/schema.org\/CreativeWork\" ><div class='avia_textblock'  itemprop=\"text\" ><p>Les \u00ab\u00a0Highlights of the year\u00a0\u00bb de la SSOM se tiennent chaque ann\u00e9e pendant le SOHC. Ils constituent une manifestation commune de la SSOM et d&rsquo;autres organisations sp\u00e9cialis\u00e9es. Chaque session comprend de brefs expos\u00e9s sur une s\u00e9lection de th\u00e8mes (Highlights) de l&rsquo;oncologie m\u00e9dicale, de l&rsquo;h\u00e9matologie, de la radio-oncologie et de la recherche clinique sur le cancer.<\/p>\n<\/div><\/section><br \/>\n<div  class='avia-button-wrap av-2t986a-f48f43c81311fde4db77949779a2858a-wrap avia-button-left  avia-builder-el-4  el_after_av_textblock  el_before_av_hr '><a href='https:\/\/www.sohc.ch\/en\/'  class='avia-button av-2t986a-f48f43c81311fde4db77949779a2858a av-link-btn avia-icon_select-no avia-size-x-large avia-position-left avia-color-dark'  target=\"_blank\"  rel=\"noopener noreferrer\"  aria-label=\"SOHC \u2013 Swiss Oncology and Hematology \"><span class='avia_iconbox_title' >SOHC \u2013 Swiss Oncology and Hematology <\/span><\/a><\/div><br \/>\n<div  class='hr av-6rb1e-9ececa6033e18518a77d4cd7052f5e2a hr-default  avia-builder-el-5  el_after_av_button  avia-builder-el-last '><span class='hr-inner '><span class=\"hr-inner-style\"><\/span><\/span><\/div><\/p><\/div><\/p>\n","protected":false},"excerpt":{"rendered":"","protected":false},"author":1,"featured_media":0,"parent":4067,"menu_order":2,"comment_status":"closed","ping_status":"closed","template":"","meta":{"_acf_changed":false,"footnotes":""},"class_list":["post-4078","page","type-page","status-publish","hentry"],"acf":[],"_links":{"self":[{"href":"https:\/\/www.sgmo.ch\/fr\/wp-json\/wp\/v2\/pages\/4078","targetHints":{"allow":["GET"]}}],"collection":[{"href":"https:\/\/www.sgmo.ch\/fr\/wp-json\/wp\/v2\/pages"}],"about":[{"href":"https:\/\/www.sgmo.ch\/fr\/wp-json\/wp\/v2\/types\/page"}],"author":[{"embeddable":true,"href":"https:\/\/www.sgmo.ch\/fr\/wp-json\/wp\/v2\/users\/1"}],"replies":[{"embeddable":true,"href":"https:\/\/www.sgmo.ch\/fr\/wp-json\/wp\/v2\/comments?post=4078"}],"version-history":[{"count":5,"href":"https:\/\/www.sgmo.ch\/fr\/wp-json\/wp\/v2\/pages\/4078\/revisions"}],"predecessor-version":[{"id":4864,"href":"https:\/\/www.sgmo.ch\/fr\/wp-json\/wp\/v2\/pages\/4078\/revisions\/4864"}],"up":[{"embeddable":true,"href":"https:\/\/www.sgmo.ch\/fr\/wp-json\/wp\/v2\/pages\/4067"}],"wp:attachment":[{"href":"https:\/\/www.sgmo.ch\/fr\/wp-json\/wp\/v2\/media?parent=4078"}],"curies":[{"name":"wp","href":"https:\/\/api.w.org\/{rel}","templated":true}]}}