{"id":4081,"date":"2023-03-22T13:39:56","date_gmt":"2023-03-22T12:39:56","guid":{"rendered":"https:\/\/www.sgmo.ch\/?page_id=4081"},"modified":"2023-07-31T11:21:41","modified_gmt":"2023-07-31T09:21:41","slug":"ssom-current-practice-sessions","status":"publish","type":"page","link":"https:\/\/www.sgmo.ch\/fr\/evenements-de-la-ssom\/ssom-current-practice-sessions\/","title":{"rendered":"SSOM Current practice sessions"},"content":{"rendered":"<div  class='flex_column av-2qdx1h-3cbc2a4e3f820d7ee1d913f3263300be av_one_full  avia-builder-el-0  el_before_av_one_full  avia-builder-el-first  first flex_column_div  '     ><style type=\"text\/css\" data-created_by=\"avia_inline_auto\" id=\"style-css-av-lfjo8ycb-dbd43e0caaf44bcf7377245f35cf1825\">\n#top .av-special-heading.av-lfjo8ycb-dbd43e0caaf44bcf7377245f35cf1825{\npadding-bottom:0;\n}\nbody .av-special-heading.av-lfjo8ycb-dbd43e0caaf44bcf7377245f35cf1825 .av-special-heading-tag .heading-char{\nfont-size:25px;\n}\n.av-special-heading.av-lfjo8ycb-dbd43e0caaf44bcf7377245f35cf1825 .av-subheading{\nfont-size:15px;\n}\n<\/style>\n<div  class='av-special-heading av-lfjo8ycb-dbd43e0caaf44bcf7377245f35cf1825 av-special-heading-h3  avia-builder-el-1  avia-builder-el-no-sibling '><h3 class='av-special-heading-tag '  itemprop=\"headline\"  >SSOM Current practice sessions<\/h3><div class=\"special-heading-border\"><div class=\"special-heading-inner-border\"><\/div><\/div><\/div><\/div><div  class='flex_column av-av_one_full-7714eba142aeda1f8b5272a3c372b279 av_one_full  avia-builder-el-2  el_after_av_one_full  avia-builder-el-last  first flex_column_div  column-top-margin'     ><p><section  class='av_textblock_section av-lhyti8nd-e982b30c17a4d21f47178f01969b2d24 '   itemscope=\"itemscope\" itemtype=\"https:\/\/schema.org\/CreativeWork\" ><div class='avia_textblock'  itemprop=\"text\" ><p>Les \u00ab\u00a0SSOM Current practice sessions\u00a0\u00bb ont lieu chaque ann\u00e9e pendant le SOHC. Elles forment une manifestation commune de la SSOM et d&rsquo;autres organisations sp\u00e9cialis\u00e9es. Chaque session comprend de brefs expos\u00e9s sur des sujets pratiques en oncologie et h\u00e9matologie m\u00e9dicales.<\/p>\n<\/div><\/section><br \/>\n<div  class='avia-button-wrap av-av_button-6bda9ec3df47d33c6a54737e8b80dc86-wrap avia-button-left  avia-builder-el-4  el_after_av_textblock  el_before_av_hr '><a href='https:\/\/www.sohc.ch\/en\/'  class='avia-button av-av_button-6bda9ec3df47d33c6a54737e8b80dc86 av-link-btn avia-icon_select-no avia-size-x-large avia-position-left avia-color-dark'  target=\"_blank\"  rel=\"noopener noreferrer\"  aria-label=\"SOHC \u2013 Swiss Oncology and Hematology \"><span class='avia_iconbox_title' >SOHC \u2013 Swiss Oncology and Hematology <\/span><\/a><\/div><br \/>\n<div  class='hr av-av_hr-91d7ccd583a503147498e120fee2ff9b hr-default  avia-builder-el-5  el_after_av_button  avia-builder-el-last '><span class='hr-inner '><span class=\"hr-inner-style\"><\/span><\/span><\/div><\/p><\/div><\/p>\n","protected":false},"excerpt":{"rendered":"","protected":false},"author":1,"featured_media":0,"parent":4067,"menu_order":3,"comment_status":"closed","ping_status":"closed","template":"","meta":{"_acf_changed":false,"footnotes":""},"class_list":["post-4081","page","type-page","status-publish","hentry"],"acf":[],"_links":{"self":[{"href":"https:\/\/www.sgmo.ch\/fr\/wp-json\/wp\/v2\/pages\/4081","targetHints":{"allow":["GET"]}}],"collection":[{"href":"https:\/\/www.sgmo.ch\/fr\/wp-json\/wp\/v2\/pages"}],"about":[{"href":"https:\/\/www.sgmo.ch\/fr\/wp-json\/wp\/v2\/types\/page"}],"author":[{"embeddable":true,"href":"https:\/\/www.sgmo.ch\/fr\/wp-json\/wp\/v2\/users\/1"}],"replies":[{"embeddable":true,"href":"https:\/\/www.sgmo.ch\/fr\/wp-json\/wp\/v2\/comments?post=4081"}],"version-history":[{"count":3,"href":"https:\/\/www.sgmo.ch\/fr\/wp-json\/wp\/v2\/pages\/4081\/revisions"}],"predecessor-version":[{"id":4665,"href":"https:\/\/www.sgmo.ch\/fr\/wp-json\/wp\/v2\/pages\/4081\/revisions\/4665"}],"up":[{"embeddable":true,"href":"https:\/\/www.sgmo.ch\/fr\/wp-json\/wp\/v2\/pages\/4067"}],"wp:attachment":[{"href":"https:\/\/www.sgmo.ch\/fr\/wp-json\/wp\/v2\/media?parent=4081"}],"curies":[{"name":"wp","href":"https:\/\/api.w.org\/{rel}","templated":true}]}}