{"id":4084,"date":"2023-03-22T13:40:31","date_gmt":"2023-03-22T12:40:31","guid":{"rendered":"https:\/\/www.sgmo.ch\/?page_id=4084"},"modified":"2025-09-04T16:55:27","modified_gmt":"2025-09-04T14:55:27","slug":"ssom-curriculum","status":"publish","type":"page","link":"https:\/\/www.sgmo.ch\/fr\/evenements-de-la-ssom\/ssom-curriculum\/","title":{"rendered":"SSOM Curriculum"},"content":{"rendered":"<div  class='flex_column av-2cylco-67004a13e9912c119dcc4a7043f1d9f2 av_one_full  avia-builder-el-0  el_before_av_one_full  avia-builder-el-first  first flex_column_div  '     ><style type=\"text\/css\" data-created_by=\"avia_inline_auto\" id=\"style-css-av-lfjoa78h-d5dd2de007c8974a6207fb684a96be4b\">\n#top .av-special-heading.av-lfjoa78h-d5dd2de007c8974a6207fb684a96be4b{\npadding-bottom:0;\n}\nbody .av-special-heading.av-lfjoa78h-d5dd2de007c8974a6207fb684a96be4b .av-special-heading-tag .heading-char{\nfont-size:25px;\n}\n.av-special-heading.av-lfjoa78h-d5dd2de007c8974a6207fb684a96be4b .av-subheading{\nfont-size:15px;\n}\n<\/style>\n<div  class='av-special-heading av-lfjoa78h-d5dd2de007c8974a6207fb684a96be4b av-special-heading-h3  avia-builder-el-1  avia-builder-el-no-sibling '><h3 class='av-special-heading-tag '  itemprop=\"headline\"  >SSOM Curriculum<\/h3><div class=\"special-heading-border\"><div class=\"special-heading-inner-border\"><\/div><\/div><\/div><\/div>\n<div  class='flex_column av-4k4lns-334b2c47cfb82b1a1b7ea29c11b4a9b8 av_one_full  avia-builder-el-2  el_after_av_one_full  avia-builder-el-last  first flex_column_div  column-top-margin'     ><p><section  class='av_textblock_section av-lhytl7ad-82f7a0f3ae37be3531c741afe434db59 '   itemscope=\"itemscope\" itemtype=\"https:\/\/schema.org\/CreativeWork\" ><div class='avia_textblock'  itemprop=\"text\" ><p><img loading=\"lazy\" decoding=\"async\" class=\"alignnone wp-image-8710\" src=\"https:\/\/www.sgmo.ch\/wp-content\/uploads\/SGMO-Curriculum-300x138.jpg\" alt=\"\" width=\"215\" height=\"99\" srcset=\"https:\/\/www.sgmo.ch\/wp-content\/uploads\/SGMO-Curriculum-300x138.jpg 300w, https:\/\/www.sgmo.ch\/wp-content\/uploads\/SGMO-Curriculum-710x331.jpg 710w, https:\/\/www.sgmo.ch\/wp-content\/uploads\/SGMO-Curriculum-705x325.jpg 705w, https:\/\/www.sgmo.ch\/wp-content\/uploads\/SGMO-Curriculum.jpg 719w\" sizes=\"auto, (max-width: 215px) 100vw, 215px\" \/><\/p>\n<p><strong>SGMO Curriculum &#8211; la nouvelle s\u00e9rie de formation continue de la SSOM, orient\u00e9e vers la pratique, pour les sp\u00e9cialistes en oncologie m\u00e9dicale<\/strong><\/p>\n<p>La Soci\u00e9t\u00e9 Suisse d&rsquo;Oncologie M\u00e9dicale (SSOM), en collaboration avec ses partenaires de coop\u00e9ration, le Forum pour la formation m\u00e9dicale continue (FOMF) et la Swiss Academy of Medical Oncology (SAMO), propose une s\u00e9rie de formations continues structur\u00e9es et orient\u00e9es vers la pratique pour les oncologues qui traitent un large \u00e9ventail de types de tumeurs dans leur pratique clinique quotidienne.<\/p>\n<p>Points forts :<\/p>\n<ul>\n<li>Groupe cible : m\u00e9decins sp\u00e9cialistes en oncologie m\u00e9dicale<\/li>\n<li>Curriculum de 3 ans avec cr\u00e9dits CME et certificat SSOM<\/li>\n<li>M\u00e9lange de face-\u00e0-face et d&rsquo;e-learning<\/li>\n<li>8 modules d&rsquo;une demi-journ\u00e9e par an<\/li>\n<li>Facult\u00e9 r\u00e9put\u00e9e et focalisation sur la pratique<\/li>\n<\/ul>\n<p>Assurez-vous des connaissances sp\u00e9cialis\u00e9es actuelles et d\u00e9veloppez vos comp\u00e9tences cliniques !<\/p>\n<p><strong>SGMO Curriculum &#8211; <\/strong>la nouvelle s\u00e9rie de formation continue en oncologie en collaboration avec la FOMF en tant que partenaire de l&rsquo;\u00e9v\u00e9nement et la SAMO en tant que direction scientifique.<\/p>\n<p><strong>Le programme 2025 est d\u00e9sormais en ligne !<\/strong><\/p>\n<p><a href=\"https:\/\/www.fomf.ch\/fr-CH\/partner-fortbildungsforum\/sgmo\/all\" target=\"_blank\" rel=\"noopener\"><strong>Plus d&rsquo;informations &amp; inscription<\/strong><\/a><\/p>\n<p><img loading=\"lazy\" decoding=\"async\" class=\"alignnone size-medium wp-image-11828\" src=\"https:\/\/www.sgmo.ch\/wp-content\/uploads\/IMG_6227-300x225.jpeg\" alt=\"\" width=\"300\" height=\"225\" srcset=\"https:\/\/www.sgmo.ch\/wp-content\/uploads\/IMG_6227-300x225.jpeg 300w, https:\/\/www.sgmo.ch\/wp-content\/uploads\/IMG_6227-1030x773.jpeg 1030w, https:\/\/www.sgmo.ch\/wp-content\/uploads\/IMG_6227-768x576.jpeg 768w, https:\/\/www.sgmo.ch\/wp-content\/uploads\/IMG_6227-1536x1152.jpeg 1536w, https:\/\/www.sgmo.ch\/wp-content\/uploads\/IMG_6227-2048x1536.jpeg 2048w, https:\/\/www.sgmo.ch\/wp-content\/uploads\/IMG_6227-1500x1125.jpeg 1500w, https:\/\/www.sgmo.ch\/wp-content\/uploads\/IMG_6227-705x529.jpeg 705w\" sizes=\"auto, (max-width: 300px) 100vw, 300px\" \/>\u00a0 \u00a0 \u00a0 \u00a0 \u00a0 \u00a0 \u00a0<img loading=\"lazy\" decoding=\"async\" class=\"alignnone size-medium wp-image-11831\" src=\"https:\/\/www.sgmo.ch\/wp-content\/uploads\/IMG_6235-225x300.jpeg\" alt=\"\" width=\"225\" height=\"300\" srcset=\"https:\/\/www.sgmo.ch\/wp-content\/uploads\/IMG_6235-225x300.jpeg 225w, https:\/\/www.sgmo.ch\/wp-content\/uploads\/IMG_6235-773x1030.jpeg 773w, https:\/\/www.sgmo.ch\/wp-content\/uploads\/IMG_6235-768x1024.jpeg 768w, https:\/\/www.sgmo.ch\/wp-content\/uploads\/IMG_6235-1152x1536.jpeg 1152w, https:\/\/www.sgmo.ch\/wp-content\/uploads\/IMG_6235-1536x2048.jpeg 1536w, https:\/\/www.sgmo.ch\/wp-content\/uploads\/IMG_6235-1125x1500.jpeg 1125w, https:\/\/www.sgmo.ch\/wp-content\/uploads\/IMG_6235-529x705.jpeg 529w, https:\/\/www.sgmo.ch\/wp-content\/uploads\/IMG_6235-scaled.jpeg 1920w\" sizes=\"auto, (max-width: 225px) 100vw, 225px\" \/><\/p>\n<\/div><\/section><br \/>\n<div  class='hr av-22jxp4-32ffe44d81575dc39409ec7eac3d8055 hr-default  avia-builder-el-4  el_after_av_textblock  avia-builder-el-last '><span class='hr-inner '><span class=\"hr-inner-style\"><\/span><\/span><\/div><\/p><\/div>\n","protected":false},"excerpt":{"rendered":"","protected":false},"author":1,"featured_media":0,"parent":4067,"menu_order":4,"comment_status":"closed","ping_status":"closed","template":"","meta":{"_acf_changed":false,"footnotes":""},"class_list":["post-4084","page","type-page","status-publish","hentry"],"acf":[],"_links":{"self":[{"href":"https:\/\/www.sgmo.ch\/fr\/wp-json\/wp\/v2\/pages\/4084","targetHints":{"allow":["GET"]}}],"collection":[{"href":"https:\/\/www.sgmo.ch\/fr\/wp-json\/wp\/v2\/pages"}],"about":[{"href":"https:\/\/www.sgmo.ch\/fr\/wp-json\/wp\/v2\/types\/page"}],"author":[{"embeddable":true,"href":"https:\/\/www.sgmo.ch\/fr\/wp-json\/wp\/v2\/users\/1"}],"replies":[{"embeddable":true,"href":"https:\/\/www.sgmo.ch\/fr\/wp-json\/wp\/v2\/comments?post=4084"}],"version-history":[{"count":8,"href":"https:\/\/www.sgmo.ch\/fr\/wp-json\/wp\/v2\/pages\/4084\/revisions"}],"predecessor-version":[{"id":11835,"href":"https:\/\/www.sgmo.ch\/fr\/wp-json\/wp\/v2\/pages\/4084\/revisions\/11835"}],"up":[{"embeddable":true,"href":"https:\/\/www.sgmo.ch\/fr\/wp-json\/wp\/v2\/pages\/4067"}],"wp:attachment":[{"href":"https:\/\/www.sgmo.ch\/fr\/wp-json\/wp\/v2\/media?parent=4084"}],"curies":[{"name":"wp","href":"https:\/\/api.w.org\/{rel}","templated":true}]}}