{"id":4087,"date":"2023-03-22T13:40:53","date_gmt":"2023-03-22T12:40:53","guid":{"rendered":"https:\/\/www.sgmo.ch\/?page_id=4087"},"modified":"2024-11-01T11:53:14","modified_gmt":"2024-11-01T10:53:14","slug":"ssom-onco-summit","status":"publish","type":"page","link":"https:\/\/www.sgmo.ch\/fr\/evenements-de-la-ssom\/ssom-onco-summit\/","title":{"rendered":"SSOM Onco Summit"},"content":{"rendered":"<div  class='flex_column av-1xxm1n-9c089b19526329b52623f7cbfd87e8c0 av_one_full  avia-builder-el-0  el_before_av_one_full  avia-builder-el-first  first flex_column_div  '     ><style type=\"text\/css\" data-created_by=\"avia_inline_auto\" id=\"style-css-av-lfjoanqd-a2240a21254ae5e2e398548d3ed33445\">\n#top .av-special-heading.av-lfjoanqd-a2240a21254ae5e2e398548d3ed33445{\npadding-bottom:0;\n}\nbody .av-special-heading.av-lfjoanqd-a2240a21254ae5e2e398548d3ed33445 .av-special-heading-tag .heading-char{\nfont-size:25px;\n}\n.av-special-heading.av-lfjoanqd-a2240a21254ae5e2e398548d3ed33445 .av-subheading{\nfont-size:15px;\n}\n<\/style>\n<div  class='av-special-heading av-lfjoanqd-a2240a21254ae5e2e398548d3ed33445 av-special-heading-h3  avia-builder-el-1  avia-builder-el-no-sibling '><h3 class='av-special-heading-tag '  itemprop=\"headline\"  >SSOM Onco Summit<\/h3><div class=\"special-heading-border\"><div class=\"special-heading-inner-border\"><\/div><\/div><\/div><\/div>\n<div  class='flex_column av-5mcezf-f592df4af9d09e6558af70f15c5506d2 av_one_full  avia-builder-el-2  el_after_av_one_full  avia-builder-el-last  first flex_column_div  column-top-margin'     ><p><section  class='av_textblock_section av-lhytmx6l-b868d4c6a0c997dde2d596ac44f8f274 '   itemscope=\"itemscope\" itemtype=\"https:\/\/schema.org\/CreativeWork\" ><div class='avia_textblock'  itemprop=\"text\" ><p>Le \u00ab\u00a0Onco Summit\u00a0\u00bb est une manifestation ferm\u00e9e organis\u00e9e par la SSOM destin\u00e9e \u00e0 des d\u00e9cideurs tri\u00e9s sur le volet du monde politique, des organismes payeurs, de l&rsquo;industrie, de la science et de la m\u00e9decine.<br \/>\nCette nouvelle plateforme cherche \u00e0 mettre en \u00e9vidence des sujets de politique de sant\u00e9 tr\u00e8s actuels et \u00e0 g\u00e9n\u00e9rer des livres blancs qui s&rsquo;adressent \u00e0 un public plus large.<\/p>\n<ul>\n<li>1. Onco Summit : \u00ab Access to Innovative Treatments \u00bb, 13 et 14 janvier 2023 \u00e0 Zurich<\/li>\n<li>2. Onco Summit avec les th\u00e8mes \u00ab Early Access \u00bb, \u00ab Swiss Patient Access Program \u00bb, \u00ab Structures de soins et p\u00e9nurie de personnel qualifi\u00e9 \u00bb et \u00ab R\u00e9vision de l&rsquo;OAMal \u00bb, 2 et 3 f\u00e9vrier 2024 \u00e0 Zurich<\/li>\n<li>3. Onco Summit avec les th\u00e8mes \u00ab Egalit\u00e9 des chances, acc\u00e8s rapide \u00e0 des th\u00e9rapies anticanc\u00e9reuses efficaces et abordables \u00bb, \u00ab R\u00e9vision de l&rsquo;OAMal \u00bb, \u00ab Th\u00e9rapies anticanc\u00e9reuses \u00bb, \u00ab OLUtool Onko \u00bb, 31 janvier et 1er f\u00e9vrier 2025 \u00e0 Zurich<\/li>\n<\/ul>\n<p>Plus d&rsquo;informations et contact: Dominique Froidevaux, <a href=\"mailto:info@sgmo.ch\" target=\"_blank\" rel=\"noopener\">info@sgmo.ch<\/a><\/p>\n<\/div><\/section><br \/>\n<div  class='hr av-2zcx4r-61c67c1bf27a9a97508d2dd4744fdec9 hr-default  avia-builder-el-4  el_after_av_textblock  avia-builder-el-last '><span class='hr-inner '><span class=\"hr-inner-style\"><\/span><\/span><\/div><\/p><\/div>\n","protected":false},"excerpt":{"rendered":"","protected":false},"author":1,"featured_media":0,"parent":4067,"menu_order":5,"comment_status":"closed","ping_status":"closed","template":"","meta":{"_acf_changed":false,"footnotes":""},"class_list":["post-4087","page","type-page","status-publish","hentry"],"acf":[],"_links":{"self":[{"href":"https:\/\/www.sgmo.ch\/fr\/wp-json\/wp\/v2\/pages\/4087","targetHints":{"allow":["GET"]}}],"collection":[{"href":"https:\/\/www.sgmo.ch\/fr\/wp-json\/wp\/v2\/pages"}],"about":[{"href":"https:\/\/www.sgmo.ch\/fr\/wp-json\/wp\/v2\/types\/page"}],"author":[{"embeddable":true,"href":"https:\/\/www.sgmo.ch\/fr\/wp-json\/wp\/v2\/users\/1"}],"replies":[{"embeddable":true,"href":"https:\/\/www.sgmo.ch\/fr\/wp-json\/wp\/v2\/comments?post=4087"}],"version-history":[{"count":8,"href":"https:\/\/www.sgmo.ch\/fr\/wp-json\/wp\/v2\/pages\/4087\/revisions"}],"predecessor-version":[{"id":8868,"href":"https:\/\/www.sgmo.ch\/fr\/wp-json\/wp\/v2\/pages\/4087\/revisions\/8868"}],"up":[{"embeddable":true,"href":"https:\/\/www.sgmo.ch\/fr\/wp-json\/wp\/v2\/pages\/4067"}],"wp:attachment":[{"href":"https:\/\/www.sgmo.ch\/fr\/wp-json\/wp\/v2\/media?parent=4087"}],"curies":[{"name":"wp","href":"https:\/\/api.w.org\/{rel}","templated":true}]}}