{"id":4090,"date":"2023-03-22T13:41:34","date_gmt":"2023-03-22T12:41:34","guid":{"rendered":"https:\/\/www.sgmo.ch\/?page_id=4090"},"modified":"2023-06-27T12:08:08","modified_gmt":"2023-06-27T10:08:08","slug":"sohc","status":"publish","type":"page","link":"https:\/\/www.sgmo.ch\/fr\/evenements-de-la-ssom\/sohc\/","title":{"rendered":"SOHC"},"content":{"rendered":"<div  class='flex_column av-72fmpa-086596cd09e28605e9bdeff4c950e284 av_one_full  avia-builder-el-0  el_before_av_one_full  avia-builder-el-first  first flex_column_div  '     ><style type=\"text\/css\" data-created_by=\"avia_inline_auto\" id=\"style-css-av-lfjobfp1-27543245973609257ea603f79065f404\">\n#top .av-special-heading.av-lfjobfp1-27543245973609257ea603f79065f404{\npadding-bottom:0;\n}\nbody .av-special-heading.av-lfjobfp1-27543245973609257ea603f79065f404 .av-special-heading-tag .heading-char{\nfont-size:25px;\n}\n.av-special-heading.av-lfjobfp1-27543245973609257ea603f79065f404 .av-subheading{\nfont-size:15px;\n}\n<\/style>\n<div  class='av-special-heading av-lfjobfp1-27543245973609257ea603f79065f404 av-special-heading-h3  avia-builder-el-1  avia-builder-el-no-sibling '><h3 class='av-special-heading-tag '  itemprop=\"headline\"  >SOHC<\/h3><div class=\"special-heading-border\"><div class=\"special-heading-inner-border\"><\/div><\/div><\/div><\/div>\n<div  class='flex_column av-59pdta-0041d6992f3c0d0bed97187f17045c14 av_one_full  avia-builder-el-2  el_after_av_one_full  avia-builder-el-last  first flex_column_div  column-top-margin'     ><p><section  class='av_textblock_section av-lhytpaf5-3389e86ab7c4968d2b11d0ff361307d7 '   itemscope=\"itemscope\" itemtype=\"https:\/\/schema.org\/CreativeWork\" ><div class='avia_textblock'  itemprop=\"text\" ><p>Le Swiss Oncology and Hematology Congress (SOHC) a lieu chaque ann\u00e9e pendant trois jours en novembre.<br \/>\nOutre les nombreuses opportunit\u00e9s de formation continue et de perfectionnement, le SOHC permet aux participants de rencontrer des confr\u00e8res qui s&rsquo;engagent d&rsquo;une mani\u00e8re ou d&rsquo;une autre dans la lutte contre le cancer en Suisse.<\/p>\n<p>Le cours pertinent pour la formation postgradu\u00e9e <a href=\"https:\/\/www.sgmo.ch\/fr\/evenements-de-la-ssom\/cours-de-base-ssom\/\">Cours de base de la SSOM<\/a> se tient pendant le <a href=\"https:\/\/www.sohc.ch\/en\/\" target=\"_blank\" rel=\"noopener\">SOHC<\/a>.<\/p>\n<\/div><\/section><br \/>\n<div  class='hr av-2lc5u6-ea7d16bad7d0064681306bf56eb1f1de hr-default  avia-builder-el-4  el_after_av_textblock  avia-builder-el-last '><span class='hr-inner '><span class=\"hr-inner-style\"><\/span><\/span><\/div><\/p><\/div>\n","protected":false},"excerpt":{"rendered":"","protected":false},"author":1,"featured_media":0,"parent":4067,"menu_order":7,"comment_status":"closed","ping_status":"closed","template":"","meta":{"_acf_changed":false,"footnotes":""},"class_list":["post-4090","page","type-page","status-publish","hentry"],"acf":[],"_links":{"self":[{"href":"https:\/\/www.sgmo.ch\/fr\/wp-json\/wp\/v2\/pages\/4090","targetHints":{"allow":["GET"]}}],"collection":[{"href":"https:\/\/www.sgmo.ch\/fr\/wp-json\/wp\/v2\/pages"}],"about":[{"href":"https:\/\/www.sgmo.ch\/fr\/wp-json\/wp\/v2\/types\/page"}],"author":[{"embeddable":true,"href":"https:\/\/www.sgmo.ch\/fr\/wp-json\/wp\/v2\/users\/1"}],"replies":[{"embeddable":true,"href":"https:\/\/www.sgmo.ch\/fr\/wp-json\/wp\/v2\/comments?post=4090"}],"version-history":[{"count":4,"href":"https:\/\/www.sgmo.ch\/fr\/wp-json\/wp\/v2\/pages\/4090\/revisions"}],"predecessor-version":[{"id":4347,"href":"https:\/\/www.sgmo.ch\/fr\/wp-json\/wp\/v2\/pages\/4090\/revisions\/4347"}],"up":[{"embeddable":true,"href":"https:\/\/www.sgmo.ch\/fr\/wp-json\/wp\/v2\/pages\/4067"}],"wp:attachment":[{"href":"https:\/\/www.sgmo.ch\/fr\/wp-json\/wp\/v2\/media?parent=4090"}],"curies":[{"name":"wp","href":"https:\/\/api.w.org\/{rel}","templated":true}]}}