{"id":4093,"date":"2023-03-22T13:42:20","date_gmt":"2023-03-22T12:42:20","guid":{"rendered":"https:\/\/www.sgmo.ch\/?page_id=4093"},"modified":"2023-06-22T15:58:24","modified_gmt":"2023-06-22T13:58:24","slug":"dgho","status":"publish","type":"page","link":"https:\/\/www.sgmo.ch\/fr\/evenements-de-la-ssom\/dgho\/","title":{"rendered":"DGHO"},"content":{"rendered":"<div  class='flex_column av-72tcj7-fc6b0301f82ae965d201d211ebc2a49b av_one_full  avia-builder-el-0  el_before_av_one_full  avia-builder-el-first  first flex_column_div  '     ><style type=\"text\/css\" data-created_by=\"avia_inline_auto\" id=\"style-css-av-lfjocm74-d38af21f8766d273e1c2cc837260aa22\">\n#top .av-special-heading.av-lfjocm74-d38af21f8766d273e1c2cc837260aa22{\npadding-bottom:0;\n}\nbody .av-special-heading.av-lfjocm74-d38af21f8766d273e1c2cc837260aa22 .av-special-heading-tag .heading-char{\nfont-size:25px;\n}\n.av-special-heading.av-lfjocm74-d38af21f8766d273e1c2cc837260aa22 .av-subheading{\nfont-size:15px;\n}\n<\/style>\n<div  class='av-special-heading av-lfjocm74-d38af21f8766d273e1c2cc837260aa22 av-special-heading-h3  avia-builder-el-1  avia-builder-el-no-sibling '><h3 class='av-special-heading-tag '  itemprop=\"headline\"  >DGHO<\/h3><div class=\"special-heading-border\"><div class=\"special-heading-inner-border\"><\/div><\/div><\/div><\/div>\n<div  class='flex_column av-6hio83-8094bcb719b4ea4fa36884684ea67e09 av_one_full  avia-builder-el-2  el_after_av_one_full  avia-builder-el-last  first flex_column_div  column-top-margin'     ><p><section  class='av_textblock_section av-lhyu5hoy-21f76293c14c9f937b9037c62c26a111 '   itemscope=\"itemscope\" itemtype=\"https:\/\/schema.org\/CreativeWork\" ><div class='avia_textblock'  itemprop=\"text\" ><p>Le congr\u00e8s annuel commun des soci\u00e9t\u00e9s allemande, autrichienne et suisse d&rsquo;h\u00e9matologie et d&rsquo;oncologie m\u00e9dicale a lieu chaque ann\u00e9e pendant quatre jours en automne (septembre \/ octobre).<\/p>\n<p>Il s&rsquo;agit de l&rsquo;un des congr\u00e8s les plus importants pour cette sp\u00e9cialit\u00e9 dans l&rsquo;espace germanophone. Le congr\u00e8s r\u00e9unit plus de 5500 experts* nationaux et internationaux venus du monde scientifique et m\u00e9dical et pr\u00e9sente de nouvelles approches de diagnostic et de traitement des maladies du sang et du cancer et permet aux participer d&rsquo;\u00e9voquer les conditions cadres de la politique de sant\u00e9.<\/p>\n<p><a href=\"https:\/\/www.jahrestagung-haematologie-onkologie.com\" target=\"_blank\" rel=\"noopener\">Plus d&rsquo;informations<\/a><\/p>\n<\/div><\/section><br \/>\n<div  class='hr av-2asd03-745f037f4cb0fbe36ca7f6f171c6841a hr-default  avia-builder-el-4  el_after_av_textblock  avia-builder-el-last '><span class='hr-inner '><span class=\"hr-inner-style\"><\/span><\/span><\/div><\/p><\/div>\n","protected":false},"excerpt":{"rendered":"","protected":false},"author":1,"featured_media":0,"parent":4067,"menu_order":8,"comment_status":"closed","ping_status":"closed","template":"","meta":{"_acf_changed":false,"footnotes":""},"class_list":["post-4093","page","type-page","status-publish","hentry"],"acf":[],"_links":{"self":[{"href":"https:\/\/www.sgmo.ch\/fr\/wp-json\/wp\/v2\/pages\/4093","targetHints":{"allow":["GET"]}}],"collection":[{"href":"https:\/\/www.sgmo.ch\/fr\/wp-json\/wp\/v2\/pages"}],"about":[{"href":"https:\/\/www.sgmo.ch\/fr\/wp-json\/wp\/v2\/types\/page"}],"author":[{"embeddable":true,"href":"https:\/\/www.sgmo.ch\/fr\/wp-json\/wp\/v2\/users\/1"}],"replies":[{"embeddable":true,"href":"https:\/\/www.sgmo.ch\/fr\/wp-json\/wp\/v2\/comments?post=4093"}],"version-history":[{"count":2,"href":"https:\/\/www.sgmo.ch\/fr\/wp-json\/wp\/v2\/pages\/4093\/revisions"}],"predecessor-version":[{"id":4113,"href":"https:\/\/www.sgmo.ch\/fr\/wp-json\/wp\/v2\/pages\/4093\/revisions\/4113"}],"up":[{"embeddable":true,"href":"https:\/\/www.sgmo.ch\/fr\/wp-json\/wp\/v2\/pages\/4067"}],"wp:attachment":[{"href":"https:\/\/www.sgmo.ch\/fr\/wp-json\/wp\/v2\/media?parent=4093"}],"curies":[{"name":"wp","href":"https:\/\/api.w.org\/{rel}","templated":true}]}}