{"id":4096,"date":"2023-03-22T13:44:39","date_gmt":"2023-03-22T12:44:39","guid":{"rendered":"https:\/\/www.sgmo.ch\/?page_id=4096"},"modified":"2023-07-31T11:28:39","modified_gmt":"2023-07-31T09:28:39","slug":"ssmig","status":"publish","type":"page","link":"https:\/\/www.sgmo.ch\/fr\/evenements-de-la-ssom\/ssmig\/","title":{"rendered":"SSMIG"},"content":{"rendered":"<div  class='flex_column av-1ynjp4-f7be04f89853cff1e9f4946ab71640ab av_one_full  avia-builder-el-0  el_before_av_one_full  avia-builder-el-first  first flex_column_div  '     ><style type=\"text\/css\" data-created_by=\"avia_inline_auto\" id=\"style-css-av-lfjofhwg-8a86247896dada15fe4def5ae65785ee\">\n#top .av-special-heading.av-lfjofhwg-8a86247896dada15fe4def5ae65785ee{\npadding-bottom:0;\n}\nbody .av-special-heading.av-lfjofhwg-8a86247896dada15fe4def5ae65785ee .av-special-heading-tag .heading-char{\nfont-size:25px;\n}\n.av-special-heading.av-lfjofhwg-8a86247896dada15fe4def5ae65785ee .av-subheading{\nfont-size:15px;\n}\n<\/style>\n<div  class='av-special-heading av-lfjofhwg-8a86247896dada15fe4def5ae65785ee av-special-heading-h3  avia-builder-el-1  avia-builder-el-no-sibling '><h3 class='av-special-heading-tag '  itemprop=\"headline\"  >SSMIG<\/h3><div class=\"special-heading-border\"><div class=\"special-heading-inner-border\"><\/div><\/div><\/div><\/div>\n<div  class='flex_column av-av_one_full-7714eba142aeda1f8b5272a3c372b279 av_one_full  avia-builder-el-2  el_after_av_one_full  avia-builder-el-last  first flex_column_div  column-top-margin'     ><section  class='av_textblock_section av-lhyu7927-3a75ca4bcc9d161f910f449ce696bb45 '   itemscope=\"itemscope\" itemtype=\"https:\/\/schema.org\/CreativeWork\" ><div class='avia_textblock'  itemprop=\"text\" ><p style=\"font-weight: 400;\">Avec plus de 8000 membres, la Soci\u00e9t\u00e9 suisse de m\u00e9decine interne g\u00e9n\u00e9rale (SSMIG) est la plus grande soci\u00e9t\u00e9 m\u00e9dicale sp\u00e9cialis\u00e9e de Suisse. Chaque ann\u00e9e au printemps, la SSMIG organise son congr\u00e8s de printemps, auquel la SSOM participe r\u00e9guli\u00e8rement en tant que soci\u00e9t\u00e9 invit\u00e9e en y dispensant ses propres expos\u00e9s.<\/p>\n<p><a href=\"https:\/\/congress.sgaim.ch\/fr\/congres-de-printemps\" target=\"_blank\" rel=\"noopener\">Plus d&rsquo;informations<\/a><\/p>\n<\/div><\/section><br \/>\n<div  class='hr av-av_hr-91d7ccd583a503147498e120fee2ff9b hr-default  avia-builder-el-4  el_after_av_textblock  avia-builder-el-last '><span class='hr-inner '><span class=\"hr-inner-style\"><\/span><\/span><\/div><\/p><\/div>\n","protected":false},"excerpt":{"rendered":"","protected":false},"author":1,"featured_media":0,"parent":4067,"menu_order":9,"comment_status":"closed","ping_status":"closed","template":"","meta":{"_acf_changed":false,"footnotes":""},"class_list":["post-4096","page","type-page","status-publish","hentry"],"acf":[],"_links":{"self":[{"href":"https:\/\/www.sgmo.ch\/fr\/wp-json\/wp\/v2\/pages\/4096","targetHints":{"allow":["GET"]}}],"collection":[{"href":"https:\/\/www.sgmo.ch\/fr\/wp-json\/wp\/v2\/pages"}],"about":[{"href":"https:\/\/www.sgmo.ch\/fr\/wp-json\/wp\/v2\/types\/page"}],"author":[{"embeddable":true,"href":"https:\/\/www.sgmo.ch\/fr\/wp-json\/wp\/v2\/users\/1"}],"replies":[{"embeddable":true,"href":"https:\/\/www.sgmo.ch\/fr\/wp-json\/wp\/v2\/comments?post=4096"}],"version-history":[{"count":3,"href":"https:\/\/www.sgmo.ch\/fr\/wp-json\/wp\/v2\/pages\/4096\/revisions"}],"predecessor-version":[{"id":4671,"href":"https:\/\/www.sgmo.ch\/fr\/wp-json\/wp\/v2\/pages\/4096\/revisions\/4671"}],"up":[{"embeddable":true,"href":"https:\/\/www.sgmo.ch\/fr\/wp-json\/wp\/v2\/pages\/4067"}],"wp:attachment":[{"href":"https:\/\/www.sgmo.ch\/fr\/wp-json\/wp\/v2\/media?parent=4096"}],"curies":[{"name":"wp","href":"https:\/\/api.w.org\/{rel}","templated":true}]}}