{"id":4154,"date":"2023-03-06T15:53:37","date_gmt":"2023-03-06T14:53:37","guid":{"rendered":"https:\/\/www.sgmo.ch\/?page_id=4154"},"modified":"2023-06-26T12:42:44","modified_gmt":"2023-06-26T10:42:44","slug":"politique","status":"publish","type":"page","link":"https:\/\/www.sgmo.ch\/fr\/politique\/","title":{"rendered":"Politique"},"content":{"rendered":"<div id='full_slider_1'  class='avia-fullwidth-slider main_color avia-shadow   avia-builder-el-0  el_before_av_one_full  avia-builder-el-first   container_wrap sidebar_right'  >\n<style type=\"text\/css\" data-created_by=\"avia_inline_auto\" id=\"style-css-av-li1ilwgr-b3709f5e7e4780355f5c3db014972b28\">\n#top #wrap_all .avia-slideshow .av-slideshow-caption.av-li1ilwgr-b3709f5e7e4780355f5c3db014972b28__0 .avia-caption-title{\ncolor:#ffffff;\n}\n#top .avia-slideshow .av-slideshow-caption.av-li1ilwgr-b3709f5e7e4780355f5c3db014972b28__0 .avia-caption-content{\ncolor:#ffffff;\n}\n<\/style>\n<div  class='avia-slideshow av-li1ilwgr-b3709f5e7e4780355f5c3db014972b28 avia-slideshow-featured av_slideshow_full avia-slide-slider av-slideshow-ui av-control-default av-slideshow-manual av-loop-once av-loop-manual-endless av-default-height-applied   avia-slideshow-1' data-slideshow-options=\"{&quot;animation&quot;:&quot;slide&quot;,&quot;autoplay&quot;:false,&quot;loop_autoplay&quot;:&quot;once&quot;,&quot;interval&quot;:5,&quot;loop_manual&quot;:&quot;manual-endless&quot;,&quot;autoplay_stopper&quot;:false,&quot;noNavigation&quot;:false,&quot;bg_slider&quot;:false,&quot;keep_padding&quot;:false,&quot;hoverpause&quot;:false,&quot;show_slide_delay&quot;:0}\"  itemprop=\"image\" itemscope=\"itemscope\" itemtype=\"https:\/\/schema.org\/ImageObject\" ><ul class='avia-slideshow-inner ' style='padding-bottom: 28.666666666667%;'><li  class='avia-slideshow-slide av-li1ilwgr-b3709f5e7e4780355f5c3db014972b28__0  av-single-slide slide-1 slide-odd'><div data-rel='slideshow-1' class='avia-slide-wrap '   ><div class='av-slideshow-caption av-li1ilwgr-b3709f5e7e4780355f5c3db014972b28__0 caption_fullwidth caption_bottom caption_bottom_framed caption_framed'><div class=\"container caption_container\"><div class=\"slideshow_caption\"><div class=\"slideshow_inner_caption\"><div class=\"slideshow_align_caption\"><h2 class='avia-caption-title '  itemprop=\"name\" >Comp\u00e9tence, innovation et responsabilit\u00e9<\/h2><div class='avia-caption-content av_inherit_color'  itemprop=\"description\" ><p>La SSOM s&rsquo;engage pour des conditions-cadres judicieuses<\/p>\n<\/div><\/div><\/div><\/div><\/div><\/div><img decoding=\"async\" fetchpriority=\"high\" class=\"wp-image-2112 avia-img-lazy-loading-not-2112\"  src=\"https:\/\/www.sgmo.ch\/wp-content\/uploads\/politics-1-1500x430.jpg\" width=\"1500\" height=\"430\" title='politics' alt=''  itemprop=\"thumbnailUrl\"  style='min-height:240px; min-width:838px; ' srcset=\"https:\/\/www.sgmo.ch\/wp-content\/uploads\/politics-1-1500x430.jpg 1500w, https:\/\/www.sgmo.ch\/wp-content\/uploads\/politics-1-300x85.jpg 300w, https:\/\/www.sgmo.ch\/wp-content\/uploads\/politics-1-705x201.jpg 705w\" sizes=\"(max-width: 1500px) 100vw, 1500px\" \/><\/div><\/li><\/ul><\/div><\/div><div id='after_full_slider_1'  class='main_color av_default_container_wrap container_wrap sidebar_right'  ><div class='container av-section-cont-open' ><div class='template-page content  av-content-small alpha units'><div class='post-entry post-entry-type-page post-entry-4154'><div class='entry-content-wrapper clearfix'>\n<div  class='flex_column av-16rhn-d2a87128f97675e7ce8a92c43eaa7bc1 av_one_full  avia-builder-el-1  el_after_av_slideshow_full  el_before_av_one_full  avia-builder-el-first  first flex_column_div  '     ><style type=\"text\/css\" data-created_by=\"avia_inline_auto\" id=\"style-css-av-lfjoj1k4-f4b39fc1eae5537b4c7b54754a6bfbf9\">\n#top .av-special-heading.av-lfjoj1k4-f4b39fc1eae5537b4c7b54754a6bfbf9{\npadding-bottom:0;\n}\nbody .av-special-heading.av-lfjoj1k4-f4b39fc1eae5537b4c7b54754a6bfbf9 .av-special-heading-tag .heading-char{\nfont-size:25px;\n}\n.av-special-heading.av-lfjoj1k4-f4b39fc1eae5537b4c7b54754a6bfbf9 .av-subheading{\nfont-size:15px;\n}\n<\/style>\n<div  class='av-special-heading av-lfjoj1k4-f4b39fc1eae5537b4c7b54754a6bfbf9 av-special-heading-h3  avia-builder-el-2  avia-builder-el-no-sibling '><h3 class='av-special-heading-tag '  itemprop=\"headline\"  >Politique<\/h3><div class=\"special-heading-border\"><div class=\"special-heading-inner-border\"><\/div><\/div><\/div><\/div>\n<div  class='flex_column av-nflqj-2e5777130607d2cb669d8f45589072ae av_one_full  avia-builder-el-3  el_after_av_one_full  avia-builder-el-last  first flex_column_div  column-top-margin'     ><section  class='av_textblock_section av-lhyua65e-87c4ed9aec2e320f932298918cb722cd '   itemscope=\"itemscope\" itemtype=\"https:\/\/schema.org\/CreativeWork\" ><div class='avia_textblock'  itemprop=\"text\" ><h2>La SSOM s&rsquo;engage r\u00e9solument en faveur de ses membres et poursuit les objectifs :<\/h2>\n<ul>\n<li>Les patients atteints de cancer doivent avoir acc\u00e8s rapidement et \u00e9quitablement \u00e0 des th\u00e9rapies scientifiquement prouv\u00e9es, efficaces et innovantes<\/li>\n<li>Nous voulons cr\u00e9er un cadre r\u00e9glementaire et relevant de la politique de sant\u00e9 qui permette aux oncologues m\u00e9dicaux de traiter et de suivre leurs patients efficacement conform\u00e9ment \u00e0 de strictes pr\u00e9tentions de qualit\u00e9<\/li>\n<li>Nous voulons \u00eatre per\u00e7us comme un interlocuteur comp\u00e9tent, innovant et fiable pour les questions de politique de sant\u00e9 ou les questions cliniques concernant la m\u00e9decine du cancer<\/li>\n<li>Nous nous engageons en faveur d&rsquo;une excellente s\u00e9curit\u00e9 de soins dans le traitement du cancer<\/li>\n<li>Nous voulons minimiser le fardeau administratif des oncologues m\u00e9dicaux afin qu&rsquo;ils aient le plus de temps possible \u00e0 consacrer \u00e0 leurs patients et \u00e0 la recherche<\/li>\n<li>Nous entretenons des \u00e9changes r\u00e9guliers avec les principales parties prenantes<\/li>\n<\/ul>\n<\/div><\/section><br \/>\n<div  class='hr av-8xahv-7bcb9bc019e25188d167e69f3a85e263 hr-default  avia-builder-el-5  el_after_av_textblock  avia-builder-el-last '><span class='hr-inner '><span class=\"hr-inner-style\"><\/span><\/span><\/div><\/p><\/div>\n","protected":false},"excerpt":{"rendered":"","protected":false},"author":1,"featured_media":0,"parent":0,"menu_order":0,"comment_status":"closed","ping_status":"closed","template":"","meta":{"_acf_changed":false,"footnotes":""},"class_list":["post-4154","page","type-page","status-publish","hentry"],"acf":[],"_links":{"self":[{"href":"https:\/\/www.sgmo.ch\/fr\/wp-json\/wp\/v2\/pages\/4154","targetHints":{"allow":["GET"]}}],"collection":[{"href":"https:\/\/www.sgmo.ch\/fr\/wp-json\/wp\/v2\/pages"}],"about":[{"href":"https:\/\/www.sgmo.ch\/fr\/wp-json\/wp\/v2\/types\/page"}],"author":[{"embeddable":true,"href":"https:\/\/www.sgmo.ch\/fr\/wp-json\/wp\/v2\/users\/1"}],"replies":[{"embeddable":true,"href":"https:\/\/www.sgmo.ch\/fr\/wp-json\/wp\/v2\/comments?post=4154"}],"version-history":[{"count":3,"href":"https:\/\/www.sgmo.ch\/fr\/wp-json\/wp\/v2\/pages\/4154\/revisions"}],"predecessor-version":[{"id":4156,"href":"https:\/\/www.sgmo.ch\/fr\/wp-json\/wp\/v2\/pages\/4154\/revisions\/4156"}],"wp:attachment":[{"href":"https:\/\/www.sgmo.ch\/fr\/wp-json\/wp\/v2\/media?parent=4154"}],"curies":[{"name":"wp","href":"https:\/\/api.w.org\/{rel}","templated":true}]}}