{"id":4159,"date":"2023-03-22T13:48:26","date_gmt":"2023-03-22T12:48:26","guid":{"rendered":"https:\/\/www.sgmo.ch\/?page_id=4159"},"modified":"2023-07-31T11:36:30","modified_gmt":"2023-07-31T09:36:30","slug":"prises-de-position","status":"publish","type":"page","link":"https:\/\/www.sgmo.ch\/fr\/politique\/prises-de-position\/","title":{"rendered":"Prises de position"},"content":{"rendered":"<div  class='flex_column av-bociy-ac58f8399d45ea566b8e3bb78d7f23f0 av_one_full  avia-builder-el-0  el_before_av_one_full  avia-builder-el-first  first flex_column_div  '     ><style type=\"text\/css\" data-created_by=\"avia_inline_auto\" id=\"style-css-av-lfjokc22-812162694e45f9171ff3f3042114e9ce\">\n#top .av-special-heading.av-lfjokc22-812162694e45f9171ff3f3042114e9ce{\npadding-bottom:0;\n}\nbody .av-special-heading.av-lfjokc22-812162694e45f9171ff3f3042114e9ce .av-special-heading-tag .heading-char{\nfont-size:25px;\n}\n.av-special-heading.av-lfjokc22-812162694e45f9171ff3f3042114e9ce .av-subheading{\nfont-size:15px;\n}\n<\/style>\n<div  class='av-special-heading av-lfjokc22-812162694e45f9171ff3f3042114e9ce av-special-heading-h3  avia-builder-el-1  avia-builder-el-no-sibling '><h3 class='av-special-heading-tag '  itemprop=\"headline\"  >Prises de position<\/h3><div class=\"special-heading-border\"><div class=\"special-heading-inner-border\"><\/div><\/div><\/div><\/div>\n<div  class='flex_column av-55h7fu-f50a7bd9c188f06bd86bf2153a1dcd97 av_one_full  avia-builder-el-2  el_after_av_one_full  avia-builder-el-last  first flex_column_div  column-top-margin'     ><p><section  class='av_textblock_section av-lhyudoo9-15662cae0f09f2f320feadb5c4f9cd38 '   itemscope=\"itemscope\" itemtype=\"https:\/\/schema.org\/CreativeWork\" ><div class='avia_textblock'  itemprop=\"text\" ><p>La SSOM est l&rsquo;interlocutrice des responsables de la politique de sant\u00e9, des autorit\u00e9s sanitaires, d&rsquo;autres organisations sp\u00e9cialis\u00e9es et de nombreuses autres parties prenantes. Dans ce cadre, la SSOM \u00e9labore et r\u00e9dige r\u00e9guli\u00e8rement des prises de position sur des th\u00e8mes pertinents concernant la politique de sant\u00e9.<\/p>\n<p><strong>Prises de position actuelles :<\/strong><\/p>\n<ul>\n<li><a href=\"https:\/\/www.sgmo.ch\/wp-content\/uploads\/KVV-Art71_Brief_2023-05-16_SGK-NR-SR_final-1.pdf\" target=\"_blank\" rel=\"noopener\">R\u00e9vision de l&rsquo;OAMal et de l&rsquo;OPAS<\/a><\/li>\n<li><a href=\"https:\/\/bullmed.ch\/article\/doi\/saez.2022.21135\" target=\"_blank\" rel=\"noopener\">Article dans le Bulletin des m\u00e9decins suisses<\/a><\/li>\n<\/ul>\n<\/div><\/section><br \/>\n<div  class='hr av-2g64bu-83fe4f580830e0b6d2e6733368ef7d38 hr-default  avia-builder-el-4  el_after_av_textblock  avia-builder-el-last '><span class='hr-inner '><span class=\"hr-inner-style\"><\/span><\/span><\/div><\/p><\/div>\n","protected":false},"excerpt":{"rendered":"","protected":false},"author":1,"featured_media":0,"parent":4154,"menu_order":2,"comment_status":"closed","ping_status":"closed","template":"","meta":{"_acf_changed":false,"footnotes":""},"class_list":["post-4159","page","type-page","status-publish","hentry"],"acf":[],"_links":{"self":[{"href":"https:\/\/www.sgmo.ch\/fr\/wp-json\/wp\/v2\/pages\/4159","targetHints":{"allow":["GET"]}}],"collection":[{"href":"https:\/\/www.sgmo.ch\/fr\/wp-json\/wp\/v2\/pages"}],"about":[{"href":"https:\/\/www.sgmo.ch\/fr\/wp-json\/wp\/v2\/types\/page"}],"author":[{"embeddable":true,"href":"https:\/\/www.sgmo.ch\/fr\/wp-json\/wp\/v2\/users\/1"}],"replies":[{"embeddable":true,"href":"https:\/\/www.sgmo.ch\/fr\/wp-json\/wp\/v2\/comments?post=4159"}],"version-history":[{"count":4,"href":"https:\/\/www.sgmo.ch\/fr\/wp-json\/wp\/v2\/pages\/4159\/revisions"}],"predecessor-version":[{"id":4679,"href":"https:\/\/www.sgmo.ch\/fr\/wp-json\/wp\/v2\/pages\/4159\/revisions\/4679"}],"up":[{"embeddable":true,"href":"https:\/\/www.sgmo.ch\/fr\/wp-json\/wp\/v2\/pages\/4154"}],"wp:attachment":[{"href":"https:\/\/www.sgmo.ch\/fr\/wp-json\/wp\/v2\/media?parent=4159"}],"curies":[{"name":"wp","href":"https:\/\/api.w.org\/{rel}","templated":true}]}}