{"id":4204,"date":"2023-02-24T12:26:51","date_gmt":"2023-02-24T11:26:51","guid":{"rendered":"https:\/\/www.sgmo.ch\/?page_id=4204"},"modified":"2023-06-27T12:09:25","modified_gmt":"2023-06-27T10:09:25","slug":"qualite","status":"publish","type":"page","link":"https:\/\/www.sgmo.ch\/fr\/qualite\/","title":{"rendered":"Qualit\u00e9"},"content":{"rendered":"<div id='full_slider_1'  class='avia-fullwidth-slider main_color avia-shadow   avia-builder-el-0  el_before_av_one_full  avia-builder-el-first   container_wrap sidebar_right'  >\n<style type=\"text\/css\" data-created_by=\"avia_inline_auto\" id=\"style-css-av-lf9gy2ax-6e2d92c1c7dc1ddbcbbf196a11d3e5f2\">\n#top #wrap_all .avia-slideshow .av-slideshow-caption.av-lf9gy2ax-6e2d92c1c7dc1ddbcbbf196a11d3e5f2__0 .avia-caption-title{\ncolor:#ffffff;\n}\n#top .avia-slideshow .av-slideshow-caption.av-lf9gy2ax-6e2d92c1c7dc1ddbcbbf196a11d3e5f2__0 .avia-caption-content{\ncolor:#ffffff;\n}\n<\/style>\n<div  class='avia-slideshow av-lf9gy2ax-6e2d92c1c7dc1ddbcbbf196a11d3e5f2 avia-slideshow-featured av_slideshow_full avia-slide-slider av-slideshow-ui av-control-default av-slideshow-manual av-loop-once av-loop-manual-endless av-default-height-applied   avia-slideshow-1' data-slideshow-options=\"{&quot;animation&quot;:&quot;slide&quot;,&quot;autoplay&quot;:false,&quot;loop_autoplay&quot;:&quot;once&quot;,&quot;interval&quot;:5,&quot;loop_manual&quot;:&quot;manual-endless&quot;,&quot;autoplay_stopper&quot;:false,&quot;noNavigation&quot;:false,&quot;bg_slider&quot;:false,&quot;keep_padding&quot;:false,&quot;hoverpause&quot;:false,&quot;show_slide_delay&quot;:0}\"  itemprop=\"image\" itemscope=\"itemscope\" itemtype=\"https:\/\/schema.org\/ImageObject\" ><ul class='avia-slideshow-inner ' style='padding-bottom: 28.666666666667%;'><li  class='avia-slideshow-slide av-lf9gy2ax-6e2d92c1c7dc1ddbcbbf196a11d3e5f2__0  av-single-slide slide-1 slide-odd'><div data-rel='slideshow-1' class='avia-slide-wrap '   ><div class='av-slideshow-caption av-lf9gy2ax-6e2d92c1c7dc1ddbcbbf196a11d3e5f2__0 caption_fullwidth caption_bottom caption_bottom_framed caption_framed'><div class=\"container caption_container\"><div class=\"slideshow_caption\"><div class=\"slideshow_inner_caption\"><div class=\"slideshow_align_caption\"><h2 class='avia-caption-title '  itemprop=\"name\" >Ensemble pour la qualit\u00e9 \u2013 l\u2019exigence de la SSMO<\/h2><div class='avia-caption-content av_inherit_color'  itemprop=\"description\" ><p>Toutes les informations ici<\/p>\n<\/div><\/div><\/div><\/div><\/div><\/div><img decoding=\"async\" fetchpriority=\"high\" class=\"wp-image-697 avia-img-lazy-loading-not-697\"  src=\"https:\/\/www.sgmo.ch\/wp-content\/uploads\/img02-1500x430.jpg\" width=\"1500\" height=\"430\" title='img02' alt=''  itemprop=\"thumbnailUrl\"  style='min-height:240px; min-width:838px; ' \/><\/div><\/li><\/ul><\/div><\/div><div id='after_full_slider_1'  class='main_color av_default_container_wrap container_wrap sidebar_right'  ><div class='container av-section-cont-open' ><div class='template-page content  av-content-small alpha units'><div class='post-entry post-entry-type-page post-entry-4204'><div class='entry-content-wrapper clearfix'>\n<div  class='flex_column av-1vifj-b334af01ab65bc5786c474c168dc5b61 av_one_full  avia-builder-el-1  el_after_av_slideshow_full  el_before_av_one_full  avia-builder-el-first  first flex_column_div  '     ><p>\n<style type=\"text\/css\" data-created_by=\"avia_inline_auto\" id=\"style-css-av-lhrn9caf-f88e614bc3990c6935de1fbe6868407c\">\n#top .av-special-heading.av-lhrn9caf-f88e614bc3990c6935de1fbe6868407c{\npadding-bottom:0;\n}\nbody .av-special-heading.av-lhrn9caf-f88e614bc3990c6935de1fbe6868407c .av-special-heading-tag .heading-char{\nfont-size:25px;\n}\n.av-special-heading.av-lhrn9caf-f88e614bc3990c6935de1fbe6868407c .av-subheading{\nfont-size:15px;\n}\n<\/style>\n<div  class='av-special-heading av-lhrn9caf-f88e614bc3990c6935de1fbe6868407c av-special-heading-h3  avia-builder-el-2  el_before_av_hr  avia-builder-el-first '><h3 class='av-special-heading-tag '  itemprop=\"headline\"  >Qualit\u00e9<\/h3><div class=\"special-heading-border\"><div class=\"special-heading-inner-border\"><\/div><\/div><\/div><br \/>\n\n<style type=\"text\/css\" data-created_by=\"avia_inline_auto\" id=\"style-css-av-466n-5f40e11f9d549dc3e3589833a130bdc5\">\n#top .hr.hr-invisible.av-466n-5f40e11f9d549dc3e3589833a130bdc5{\nheight:50px;\n}\n<\/style>\n<div  class='hr av-466n-5f40e11f9d549dc3e3589833a130bdc5 hr-invisible  avia-builder-el-3  el_after_av_heading  el_before_av_textblock '><span class='hr-inner '><span class=\"hr-inner-style\"><\/span><\/span><\/div><br \/>\n<section  class='av_textblock_section av-1dgyz-cdfbc5a8ff37fba92900c08fc585c402 '   itemscope=\"itemscope\" itemtype=\"https:\/\/schema.org\/CreativeWork\" ><div class='avia_textblock'  itemprop=\"text\" ><p>La garantie de la meilleure prise en charge et du meilleur traitement possible des patients atteints de tumeurs, tant \u00e0 l&rsquo;h\u00f4pital qu&rsquo;en cabinet m\u00e9dical, constitue l&rsquo;une des principales pr\u00e9occupations de la SSOM. Dans ce contexte, il importe de soutenir les m\u00e9decins traitants dans leur quotidien clinique et de renforcer la qualit\u00e9 dans le cadre d&rsquo;un processus d&rsquo;am\u00e9lioration continue.<\/p>\n<p>La SSOM encourage le d\u00e9veloppement d&rsquo;une culture de la qualit\u00e9 et s&rsquo;engage en faveur d&rsquo;un ancrage des probl\u00e9matiques de qualit\u00e9 dans la formation initiale, permanente et continue des m\u00e9decins. En outre, la SSOM s&rsquo;engage au sein de diff\u00e9rents comit\u00e9s de qualit\u00e9 et encourage l&rsquo;interconnexion des activit\u00e9s de qualit\u00e9 des diff\u00e9rentes soci\u00e9t\u00e9s m\u00e9dicales sp\u00e9cialis\u00e9es.<\/p>\n<p>La SSOM contribue par cons\u00e9quent aux activit\u00e9s de qualit\u00e9 suivantes:<\/p>\n<ul>\n<li><a href=\"https:\/\/www.sgmo.ch\/fr\/qualite\/swiss-cancer-network\/\" target=\"_blank\" rel=\"noopener\">Certificat Swiss Cancer Network<\/a><\/li>\n<li><a href=\"https:\/\/www.sgmo.ch\/fr\/qualite\/proqura\/\" target=\"_blank\" rel=\"noopener\">proQura<\/a><\/li>\n<li><a href=\"https:\/\/www.fmh.ch\/themen\/qualitaet-saqm\/saqm.cfm\" target=\"_blank\" rel=\"noopener\">ASQM<\/a><\/li>\n<li><a href=\"https:\/\/www.smartermedicine.ch\/de\/home\" target=\"_blank\" rel=\"noopener\">smarter medicine<\/a><\/li>\n<\/ul>\n<\/div><\/section><\/p><\/div>\n<style type=\"text\/css\" data-created_by=\"avia_inline_auto\" id=\"style-css-av-duer-24b1268c6de558aa289c4cdaa9f2bbd6\">\n.flex_column.av-duer-24b1268c6de558aa289c4cdaa9f2bbd6{\nborder-radius:40px 40px 40px 40px;\npadding:40px 40px 40px 40px;\nbackground-color:#d2e1d3;\n}\n<\/style>\n<div  class='flex_column av-duer-24b1268c6de558aa289c4cdaa9f2bbd6 av_one_full  avia-builder-el-5  el_after_av_one_full  avia-builder-el-last  first flex_column_div  column-top-margin'     ><section  class='av_textblock_section av-37kzj-05299f9c80565a6ff2696488f41467c5 '   itemscope=\"itemscope\" itemtype=\"https:\/\/schema.org\/CreativeWork\" ><div class='avia_textblock'  itemprop=\"text\" ><h2>Devenez membre de l&rsquo;association.<br \/>\nNous nous r\u00e9jouissons de votre inscription !<\/h2>\n<\/div><\/section><br \/>\n\n<style type=\"text\/css\" data-created_by=\"avia_inline_auto\" id=\"style-css-av-aj9v-f4bba7e1b539ebfe876794820c60b4ee\">\n#top .hr.hr-invisible.av-aj9v-f4bba7e1b539ebfe876794820c60b4ee{\nheight:15px;\n}\n<\/style>\n<div  class='hr av-aj9v-f4bba7e1b539ebfe876794820c60b4ee hr-invisible  avia-builder-el-7  el_after_av_textblock  el_before_av_button '><span class='hr-inner '><span class=\"hr-inner-style\"><\/span><\/span><\/div><br \/>\n<div  class='avia-button-wrap av-26een-49696d1d3687687d27b0a82d35e735bb-wrap avia-button-left  avia-builder-el-8  el_after_av_hr  el_before_av_button '><a href='https:\/\/www.sgmo.ch\/fr\/adhesion\/devenir-membre\/'  class='avia-button av-26een-49696d1d3687687d27b0a82d35e735bb av-link-btn avia-icon_select-no avia-size-x-large avia-position-left avia-color-dark'   aria-label=\"plus d\u2019informations\"><span class='avia_iconbox_title' >plus d\u2019informations<\/span><\/a><\/div><br \/>\n<div  class='avia-button-wrap av-1op4z-2caeec79a70a84b3dfbdd2e551e8cbc9-wrap avia-button-left  avia-builder-el-9  el_after_av_button  el_before_av_hr '><a href='https:\/\/sgmo.webling.ch\/forms\/memberform\/2e4dd9bdace7073629bd'  class='avia-button av-1op4z-2caeec79a70a84b3dfbdd2e551e8cbc9 av-link-btn avia-icon_select-yes-right-icon avia-size-x-large avia-position-left avia-color-theme-color'  target=\"_blank\"  rel=\"noopener noreferrer\"  aria-label=\"ACC\u00c8S DIRECT \u00c0 L\u2019INSCRIPTION\"><span class='avia_iconbox_title' >ACC\u00c8S DIRECT \u00c0 L\u2019INSCRIPTION<\/span><span class='avia_button_icon avia_button_icon_right avia-iconfont avia-font-entypo-fontello' data-av_icon='\ue80c' data-av_iconfont='entypo-fontello' ><\/span><\/a><\/div><br \/>\n\n<style type=\"text\/css\" data-created_by=\"avia_inline_auto\" id=\"style-css-av-wz57-345f623c5fc1908677093f98efb234e2\">\n#top .hr.hr-invisible.av-wz57-345f623c5fc1908677093f98efb234e2{\nheight:15px;\n}\n<\/style>\n<div  class='hr av-wz57-345f623c5fc1908677093f98efb234e2 hr-invisible  avia-builder-el-10  el_after_av_button  avia-builder-el-last '><span class='hr-inner '><span class=\"hr-inner-style\"><\/span><\/span><\/div><\/p><\/div><\/p>\n","protected":false},"excerpt":{"rendered":"","protected":false},"author":1,"featured_media":0,"parent":0,"menu_order":0,"comment_status":"closed","ping_status":"closed","template":"","meta":{"_acf_changed":false,"footnotes":""},"class_list":["post-4204","page","type-page","status-publish","hentry"],"acf":[],"_links":{"self":[{"href":"https:\/\/www.sgmo.ch\/fr\/wp-json\/wp\/v2\/pages\/4204","targetHints":{"allow":["GET"]}}],"collection":[{"href":"https:\/\/www.sgmo.ch\/fr\/wp-json\/wp\/v2\/pages"}],"about":[{"href":"https:\/\/www.sgmo.ch\/fr\/wp-json\/wp\/v2\/types\/page"}],"author":[{"embeddable":true,"href":"https:\/\/www.sgmo.ch\/fr\/wp-json\/wp\/v2\/users\/1"}],"replies":[{"embeddable":true,"href":"https:\/\/www.sgmo.ch\/fr\/wp-json\/wp\/v2\/comments?post=4204"}],"version-history":[{"count":4,"href":"https:\/\/www.sgmo.ch\/fr\/wp-json\/wp\/v2\/pages\/4204\/revisions"}],"predecessor-version":[{"id":4350,"href":"https:\/\/www.sgmo.ch\/fr\/wp-json\/wp\/v2\/pages\/4204\/revisions\/4350"}],"wp:attachment":[{"href":"https:\/\/www.sgmo.ch\/fr\/wp-json\/wp\/v2\/media?parent=4204"}],"curies":[{"name":"wp","href":"https:\/\/api.w.org\/{rel}","templated":true}]}}