{"id":4209,"date":"2023-03-22T13:54:14","date_gmt":"2023-03-22T12:54:14","guid":{"rendered":"https:\/\/www.sgmo.ch\/?page_id=4209"},"modified":"2023-07-31T15:04:49","modified_gmt":"2023-07-31T13:04:49","slug":"proqura","status":"publish","type":"page","link":"https:\/\/www.sgmo.ch\/fr\/qualite\/proqura\/","title":{"rendered":"proQura"},"content":{"rendered":"<div  class='flex_column av-6gl0u3-c51799c58e108f853cc3aa90a4040259 av_one_full  avia-builder-el-0  el_before_av_one_full  avia-builder-el-first  first flex_column_div  '     ><style type=\"text\/css\" data-created_by=\"avia_inline_auto\" id=\"style-css-av-lfjornq0-4329b8f4eac8f52ba489f9c4ff6a2764\">\n#top .av-special-heading.av-lfjornq0-4329b8f4eac8f52ba489f9c4ff6a2764{\npadding-bottom:0;\n}\nbody .av-special-heading.av-lfjornq0-4329b8f4eac8f52ba489f9c4ff6a2764 .av-special-heading-tag .heading-char{\nfont-size:25px;\n}\n.av-special-heading.av-lfjornq0-4329b8f4eac8f52ba489f9c4ff6a2764 .av-subheading{\nfont-size:15px;\n}\n<\/style>\n<div  class='av-special-heading av-lfjornq0-4329b8f4eac8f52ba489f9c4ff6a2764 av-special-heading-h3  avia-builder-el-1  avia-builder-el-no-sibling '><h3 class='av-special-heading-tag '  itemprop=\"headline\"  >proQura<\/h3><div class=\"special-heading-border\"><div class=\"special-heading-inner-border\"><\/div><\/div><\/div><\/div>\n<div  class='flex_column av-4uqz4r-0ec22d92c73e1cd1d2bba671521c4e64 av_one_full  avia-builder-el-2  el_after_av_one_full  el_before_av_one_full  first flex_column_div  column-top-margin'     ><section  class='av_textblock_section av-lhyuqtq0-b7000128fe8c3dd3d4293c94637cd23c '   itemscope=\"itemscope\" itemtype=\"https:\/\/schema.org\/CreativeWork\" ><div class='avia_textblock'  itemprop=\"text\" ><h2>Rabais conformes \u00e0 l&rsquo;OITPTh sur des m\u00e9dicaments<\/h2>\n<p>De nouvelles dispositions l\u00e9gales s&rsquo;appliquent \u00e0 la gestion des rabais sur les m\u00e9dicaments depuis le 1er janvier 2020. D&rsquo;apr\u00e8s l&rsquo;art. 56 al. 3bis LAMal et l&rsquo;ordonnance sur l&rsquo;int\u00e9grit\u00e9 et la transparence dans le domaine des produits th\u00e9rapeutiques (OITPTh), il est interdit de retenir des rabais sur les m\u00e9dicaments. Cette interdiction s&rsquo;applique aux rabais sur le prix des m\u00e9dicaments eux-m\u00eames, mais aussi aux livraisons gratuites, etc. par exemple.<\/p>\n<p>Toutefois, il est d\u00e9sormais possible de demander au fournisseur de prestations le remboursement d&rsquo;une partie des rabais accord\u00e9s lors de l&rsquo;achat de m\u00e9dicaments s&rsquo;il est prouv\u00e9 que ces rabais servent \u00e0 \u00ab\u00a0am\u00e9liorer la qualit\u00e9 du traitement\u00a0\u00bb.<\/p>\n<p>En signant la <strong>convention-cadre liant la FMH \u00e0 HSK-CSS<\/strong>, la SSOM a cr\u00e9\u00e9, en collaboration avec <strong>proQura<\/strong>, les conditions n\u00e9cessaires \u00e0 une mise en \u0153uvre simple et conforme \u00e0 la l\u00e9gislation des nouvelles dispositions.<br \/>\nPlus d&rsquo;informations:<br \/>\n<a href=\"https:\/\/www.promedicus.ch\/\" target=\"_blank\" rel=\"noopener\">Pro Medicus GmbH<\/a><br \/>\n<a href=\"mailto:proqura@promedicus.ch\">proqura@promedicus.ch<\/a><\/p>\n<\/div><\/section><br \/>\n<div  class='hr av-2d9iwr-032f979e9d2117e8b00b5c875d5a045a hr-default  avia-builder-el-4  el_after_av_textblock  avia-builder-el-last '><span class='hr-inner '><span class=\"hr-inner-style\"><\/span><\/span><\/div><\/p><\/div><div  class='flex_column av-av_one_full-7714eba142aeda1f8b5272a3c372b279 av_one_full  avia-builder-el-5  el_after_av_one_full  avia-builder-el-last  first flex_column_div  column-top-margin'     ><section  class='av_textblock_section av-lkqvu4cs-18797a212aef8cf97da83b1d3cc69a43 '   itemscope=\"itemscope\" itemtype=\"https:\/\/schema.org\/CreativeWork\" ><div class='avia_textblock'  itemprop=\"text\" ><h2>Laur\u00e9at du prix \u00ab\u00a0Innovation Qualit\u00e9<\/h2>\n<p>L&rsquo;Acad\u00e9mie suisse pour la qualit\u00e9 en m\u00e9decine (ASQM) de la FMH d\u00e9cerne r\u00e9guli\u00e8rement le prix \u00ab\u00a0Innovation Qualit\u00e9\u00a0\u00bb. L&rsquo;ASQM r\u00e9compense ainsi des projets de qualit\u00e9 ayant fait leurs preuves dans la pratique et qui font avancer le syst\u00e8me de sant\u00e9 suisse.<\/p>\n<p>En mai 2022, la SSOM a d\u00e9croch\u00e9 le prix \u00ab\u00a0Innovation Qualit\u00e9\u00a0\u00bb dans la cat\u00e9gorie \u00ab\u00a0Organisations de m\u00e9decins\u00a0\u00bb pour le projet proQura, initi\u00e9 et dirig\u00e9 par Pro Medicus.<\/p>\n<p>Plus d&rsquo;informations concernant le prix:<br \/>\n<a href=\"https:\/\/saez.ch\/article\/doi\/saez.2022.20914\" target=\"_blank\" rel=\"noopener\">SAEZ Artikel<\/a> (d), 8. Juni 2022 \/\/ <a href=\"https:\/\/bullmed.ch\/article\/doi\/saez.2022.20914\" target=\"_blank\" rel=\"noopener\">SAEZ Articl<\/a>e (f), 8 juin 2022<br \/>\n<a href=\"https:\/\/www.fmh.ch\/files\/pdf27\/medienmitteilung-innovation-qualite-wenn-qualitaetsarbeit-schule-macht-v2.pdf\" target=\"_blank\" rel=\"noopener\">Medienmitteilung der FMH<\/a> (d), Mai 2022 \/\/ <a href=\"https:\/\/www.fmh.ch\/files\/pdf27\/communique-de-presse-innovation-qualite-quand-la-demarche-qualite-fait-ecole-v1.pdf\" target=\"_blank\" rel=\"noopener\">Communiqu\u00e9 de presse FMH<\/a> (f), may 2022<br \/>\n<a href=\"https:\/\/www.sgmo.ch\/wp-content\/uploads\/proqura_sgmo_projektbeschrieb.pdf\" target=\"_blank\" rel=\"noopener\">Description du projet proQura<\/a> (d), Mai 2022<\/p>\n<\/div><\/section><br \/>\n<div  class='hr av-av_hr-91d7ccd583a503147498e120fee2ff9b hr-default  avia-builder-el-7  el_after_av_textblock  avia-builder-el-last '><span class='hr-inner '><span class=\"hr-inner-style\"><\/span><\/span><\/div><\/p><\/div><\/p>\n","protected":false},"excerpt":{"rendered":"","protected":false},"author":1,"featured_media":0,"parent":4204,"menu_order":1,"comment_status":"closed","ping_status":"closed","template":"","meta":{"_acf_changed":false,"footnotes":""},"class_list":["post-4209","page","type-page","status-publish","hentry"],"acf":[],"_links":{"self":[{"href":"https:\/\/www.sgmo.ch\/fr\/wp-json\/wp\/v2\/pages\/4209","targetHints":{"allow":["GET"]}}],"collection":[{"href":"https:\/\/www.sgmo.ch\/fr\/wp-json\/wp\/v2\/pages"}],"about":[{"href":"https:\/\/www.sgmo.ch\/fr\/wp-json\/wp\/v2\/types\/page"}],"author":[{"embeddable":true,"href":"https:\/\/www.sgmo.ch\/fr\/wp-json\/wp\/v2\/users\/1"}],"replies":[{"embeddable":true,"href":"https:\/\/www.sgmo.ch\/fr\/wp-json\/wp\/v2\/comments?post=4209"}],"version-history":[{"count":3,"href":"https:\/\/www.sgmo.ch\/fr\/wp-json\/wp\/v2\/pages\/4209\/revisions"}],"predecessor-version":[{"id":4681,"href":"https:\/\/www.sgmo.ch\/fr\/wp-json\/wp\/v2\/pages\/4209\/revisions\/4681"}],"up":[{"embeddable":true,"href":"https:\/\/www.sgmo.ch\/fr\/wp-json\/wp\/v2\/pages\/4204"}],"wp:attachment":[{"href":"https:\/\/www.sgmo.ch\/fr\/wp-json\/wp\/v2\/media?parent=4209"}],"curies":[{"name":"wp","href":"https:\/\/api.w.org\/{rel}","templated":true}]}}