{"id":4220,"date":"2023-03-14T09:36:03","date_gmt":"2023-03-14T08:36:03","guid":{"rendered":"https:\/\/www.sgmo.ch\/?page_id=4220"},"modified":"2023-07-31T11:50:04","modified_gmt":"2023-07-31T09:50:04","slug":"swiss-cancer-network","status":"publish","type":"page","link":"https:\/\/www.sgmo.ch\/fr\/qualite\/swiss-cancer-network\/","title":{"rendered":"Swiss Cancer Network"},"content":{"rendered":"<div  class='flex_column av-7tnbo-770d2083899d152cd597ea214114d336 av_one_full  avia-builder-el-0  el_before_av_one_full  avia-builder-el-first  first flex_column_div  '     ><style type=\"text\/css\" data-created_by=\"avia_inline_auto\" id=\"style-css-av-lfjowsy9-4a0a4e1ca402d7eacfaeca7f4001eaf2\">\n#top .av-special-heading.av-lfjowsy9-4a0a4e1ca402d7eacfaeca7f4001eaf2{\npadding-bottom:0;\n}\nbody .av-special-heading.av-lfjowsy9-4a0a4e1ca402d7eacfaeca7f4001eaf2 .av-special-heading-tag .heading-char{\nfont-size:25px;\n}\n.av-special-heading.av-lfjowsy9-4a0a4e1ca402d7eacfaeca7f4001eaf2 .av-subheading{\nfont-size:15px;\n}\n<\/style>\n<div  class='av-special-heading av-lfjowsy9-4a0a4e1ca402d7eacfaeca7f4001eaf2 av-special-heading-h3  avia-builder-el-1  avia-builder-el-no-sibling '><h3 class='av-special-heading-tag '  itemprop=\"headline\"  >Swiss Cancer Network<\/h3><div class=\"special-heading-border\"><div class=\"special-heading-inner-border\"><\/div><\/div><\/div><\/div>\n<div  class='flex_column av-7xdl0-6eda9c9d754e7b7039366a20f7c27a87 av_one_full  avia-builder-el-2  el_after_av_one_full  avia-builder-el-last  first flex_column_div  column-top-margin'     ><section  class='av_textblock_section av-lf8010ia-cd526b115db337b2dc9bbca720581016 '   itemscope=\"itemscope\" itemtype=\"https:\/\/schema.org\/CreativeWork\" ><div class='avia_textblock'  itemprop=\"text\" ><h2>Un jalon important pour les patients atteints d&rsquo;un cancer<\/h2>\n<p>Tous les membres de la SSOM peuvent demander le certificat Swiss Cancer Network. Celui-ci repose sur un concept de qualit\u00e9 \u00e9labor\u00e9 conjointement par la SSOM, la Soci\u00e9t\u00e9 suisse de radio-oncologie (SSRO) et Soins en oncologie Suisse (SOS) et cherche \u00e0 promouvoir la qualit\u00e9 du traitement et de la prise en charge des patients atteints de tumeurs. Les membres qui obtiennent le certificat indiquent notamment qu&rsquo;ils traitent et suivent leurs patients atteints de tumeurs conform\u00e9ment \u00e0 des directives reconnues au niveau international et qu&rsquo;ils discutent du cas de leurs patients au sein de comit\u00e9s tumeurs interdisciplinaires. Le Swiss Cancer Network, ouvert aux membres de la SSOM, de la SSRO et de la Soci\u00e9t\u00e9 suisse d&rsquo;h\u00e9matologie (SSH), est charg\u00e9 de la mise en \u0153uvre du certificat.<\/p>\n<p>Le certificat Swiss Cancer Network r\u00e9pond aussi au souhait des organisations de patients de cr\u00e9er un instrument leur garantissant qu&rsquo;ils sont trait\u00e9s conform\u00e9ment \u00e0 des directives reconnues au niveau international.<\/p>\n<p>Le certificat se fonde sur les \u00e9l\u00e9ments cl\u00e9s mentionn\u00e9s dans le Programme national contre le cancer et contribue ainsi de mani\u00e8re significative \u00e0 la mise en \u0153uvre de la <a href=\"https:\/\/www.liguecancer.ch\/\" target=\"_blank\" rel=\"noopener noreferrer\">Strat\u00e9gie nationale contre le cancer<\/a>.<\/p>\n<\/div><\/section><\/div>\n","protected":false},"excerpt":{"rendered":"","protected":false},"author":1,"featured_media":0,"parent":4204,"menu_order":1,"comment_status":"closed","ping_status":"closed","template":"","meta":{"_acf_changed":false,"footnotes":""},"class_list":["post-4220","page","type-page","status-publish","hentry"],"acf":[],"_links":{"self":[{"href":"https:\/\/www.sgmo.ch\/fr\/wp-json\/wp\/v2\/pages\/4220","targetHints":{"allow":["GET"]}}],"collection":[{"href":"https:\/\/www.sgmo.ch\/fr\/wp-json\/wp\/v2\/pages"}],"about":[{"href":"https:\/\/www.sgmo.ch\/fr\/wp-json\/wp\/v2\/types\/page"}],"author":[{"embeddable":true,"href":"https:\/\/www.sgmo.ch\/fr\/wp-json\/wp\/v2\/users\/1"}],"replies":[{"embeddable":true,"href":"https:\/\/www.sgmo.ch\/fr\/wp-json\/wp\/v2\/comments?post=4220"}],"version-history":[{"count":3,"href":"https:\/\/www.sgmo.ch\/fr\/wp-json\/wp\/v2\/pages\/4220\/revisions"}],"predecessor-version":[{"id":4682,"href":"https:\/\/www.sgmo.ch\/fr\/wp-json\/wp\/v2\/pages\/4220\/revisions\/4682"}],"up":[{"embeddable":true,"href":"https:\/\/www.sgmo.ch\/fr\/wp-json\/wp\/v2\/pages\/4204"}],"wp:attachment":[{"href":"https:\/\/www.sgmo.ch\/fr\/wp-json\/wp\/v2\/media?parent=4220"}],"curies":[{"name":"wp","href":"https:\/\/api.w.org\/{rel}","templated":true}]}}