{"id":4223,"date":"2023-03-14T09:37:46","date_gmt":"2023-03-14T08:37:46","guid":{"rendered":"https:\/\/www.sgmo.ch\/?page_id=4223"},"modified":"2026-02-18T10:44:55","modified_gmt":"2026-02-18T09:44:55","slug":"liste-des-institutions-certifiees","status":"publish","type":"page","link":"https:\/\/www.sgmo.ch\/fr\/qualite\/swiss-cancer-network\/liste-des-institutions-certifiees\/","title":{"rendered":"Liste des institutions certifi\u00e9es"},"content":{"rendered":"<div  class='flex_column av-15tua-b292723d23d351091b7e54954cadb7a3 av_one_full  avia-builder-el-0  el_before_av_one_full  avia-builder-el-first  first flex_column_div  '     ><style type=\"text\/css\" data-created_by=\"avia_inline_auto\" id=\"style-css-av-lfjouib1-544832d4b842a88970e66ee07df90a00\">\n#top .av-special-heading.av-lfjouib1-544832d4b842a88970e66ee07df90a00{\npadding-bottom:0;\n}\nbody .av-special-heading.av-lfjouib1-544832d4b842a88970e66ee07df90a00 .av-special-heading-tag .heading-char{\nfont-size:25px;\n}\n.av-special-heading.av-lfjouib1-544832d4b842a88970e66ee07df90a00 .av-subheading{\nfont-size:15px;\n}\n<\/style>\n<div  class='av-special-heading av-lfjouib1-544832d4b842a88970e66ee07df90a00 av-special-heading-h3  avia-builder-el-1  avia-builder-el-no-sibling '><h3 class='av-special-heading-tag '  itemprop=\"headline\"  >Liste des institutions certifi\u00e9es<\/h3><div class=\"special-heading-border\"><div class=\"special-heading-inner-border\"><\/div><\/div><\/div><\/div>\n<div  class='flex_column av-z3vo2-b735dc4477a52cc2bbaa440c3b50b2a7 av_one_full  avia-builder-el-2  el_after_av_one_full  avia-builder-el-last  first flex_column_div  column-top-margin'     ><style type=\"text\/css\" data-created_by=\"avia_inline_auto\" id=\"style-css-av-tqof6-76c865be2aa508176aa56653c0792ce2\">\n#top .togglecontainer.av-tqof6-76c865be2aa508176aa56653c0792ce2 .toggle_wrap .toggle_content{\nfont-size:16px;\n}\n<\/style>\n<div  class='togglecontainer av-tqof6-76c865be2aa508176aa56653c0792ce2 av-elegant-toggle  avia-builder-el-3  avia-builder-el-no-sibling  toggle_close_all' >\n<section class='av_toggle_section av-nlmuy-fcf20e88ef0bc7d98ed6eca61d463f6a'  itemscope=\"itemscope\" itemtype=\"https:\/\/schema.org\/CreativeWork\" ><div role=\"tablist\" class=\"single_toggle\" data-tags=\"{Tout} \"  ><p id='toggle-toggle-id-1' data-fake-id='#toggle-id-1' class='toggler  av-title-above '  itemprop=\"headline\"  role='tab' tabindex='0' aria-controls='toggle-id-1' data-slide-speed=\"200\" data-title=\"A \u2014 B \u2014 C \u2014 D \u2014 E\" data-title-open=\"\" data-aria_collapsed=\"Cliquez pour \u00e9tendre : A \u2014 B \u2014 C \u2014 D \u2014 E\" data-aria_expanded=\"Cliquez pour r\u00e9duire : A \u2014 B \u2014 C \u2014 D \u2014 E\">A \u2014 B \u2014 C \u2014 D \u2014 E<span class=\"toggle_icon\"><span class=\"vert_icon\"><\/span><span class=\"hor_icon\"><\/span><\/span><\/p><div id='toggle-id-1' aria-labelledby='toggle-toggle-id-1' role='region' class='toggle_wrap  av-title-above'  ><div class='toggle_content invers-color '  itemprop=\"text\" ><p><a href=\"https:\/\/www.solothurnerspitaeler.ch\/unsere-spitaeler\/buergerspital-solothurn\" target=\"_blank\" rel=\"noopener\">B\u00fcrgerspital Solothurn &#8211; soH &#8211; Oncologie<\/a><\/p>\n<hr \/>\n<p><a href=\"https:\/\/www.lasource.ch\/specialites-de-la-clinique\/principales-specialites-medicales\/oncologie-medicale-et-chirurgicale\" target=\"_blank\" rel=\"noopener noreferrer\">Centre de Chimioth\u00e9rapie Anti-Canc\u00e9reuse<\/a><\/p>\n<hr \/>\n<p><a href=\"https:\/\/www.hirslanden.ch\/fr\/clinique-des-grangettes\/home.html\/\" target=\"_blank\" rel=\"noopener noreferrer\">Clinique des Grangettes &#8211; Oncologie<\/a><\/p>\n<hr \/>\n<p><a href=\"https:\/\/www.swissmedical.net\/fr\/hopitaux\/generale-beaulieu\/centres\/oncologie\" target=\"_blank\" rel=\"noopener\">Clinique G\u00e9n\u00e9rale-Beaulieu &#8211; Oncologie<\/a><\/p>\n<\/div><\/div><\/div><\/section>\n<section class='av_toggle_section av-nlmuy-1-78a23d55fe1d6ff21ac6a5d79cd8662a'  itemscope=\"itemscope\" itemtype=\"https:\/\/schema.org\/CreativeWork\" ><div role=\"tablist\" class=\"single_toggle\" data-tags=\"{Tout} \"  ><p id='toggle-toggle-id-2' data-fake-id='#toggle-id-2' class='toggler  av-title-above '  itemprop=\"headline\"  role='tab' tabindex='0' aria-controls='toggle-id-2' data-slide-speed=\"200\" data-title=\"F \u2014 G \u2014 H \u2014 I \u2014 J\" data-title-open=\"\" data-aria_collapsed=\"Cliquez pour \u00e9tendre : F \u2014 G \u2014 H \u2014 I \u2014 J\" data-aria_expanded=\"Cliquez pour r\u00e9duire : F \u2014 G \u2014 H \u2014 I \u2014 J\">F \u2014 G \u2014 H \u2014 I \u2014 J<span class=\"toggle_icon\"><span class=\"vert_icon\"><\/span><span class=\"hor_icon\"><\/span><\/span><\/p><div id='toggle-id-2' aria-labelledby='toggle-toggle-id-2' role='region' class='toggle_wrap  av-title-above'  ><div class='toggle_content invers-color '  itemprop=\"text\" ><p><a href=\"https:\/\/gitz.ch\/\" target=\"_blank\" rel=\"noopener noreferrer\">Gastrointestinales Tumorzentrum Z\u00fcrich (GITZ)<\/a><\/p>\n<hr \/>\n<p><a href=\"https:\/\/www.genolier-swiss-oncology-network.ch\/\" target=\"_blank\" rel=\"noopener noreferrer\">Genolier Swiss Oncology Network<\/a><\/p>\n<hr \/>\n<p><a href=\"http:\/\/www.ghol.ch\/\" target=\"_blank\" rel=\"noopener noreferrer\">GHOL H\u00f4pital de Zone de Nyon &#8211; Oncologie<\/a><\/p>\n<hr \/>\n<p><a href=\"https:\/\/www.gzo.ch\/kliniken-zenpen\/medizin\/onkologie-haematologie\/\" target=\"_blank\" rel=\"noopener noreferrer\">GZO AG Spital Wetzikon &#8211; Oncologie<\/a><\/p>\n<hr \/>\n<p><a href=\"https:\/\/www.hirslanden.ch\/de\/clinique-bois-cerf\/home.html\" target=\"_blank\" rel=\"noopener noreferrer\">Hirslanden Lausanne \u2013 Clinique Bois-Cerf, Clinique Cecil<\/a><\/p>\n<hr \/>\n<p><a href=\"http:\/\/www.h-ju.ch\/fr\/Disciplines-medicales\/Oncologie.html\" target=\"_blank\" rel=\"noopener noreferrer\">H\u00f4pital du Jura &#8211; Oncologie<\/a><\/p>\n<\/div><\/div><\/div><\/section>\n<section class='av_toggle_section av-nlmuy-1-3-dce64bb30e4a9a1ca7d062df67f15516'  itemscope=\"itemscope\" itemtype=\"https:\/\/schema.org\/CreativeWork\" ><div role=\"tablist\" class=\"single_toggle\" data-tags=\"{Tout} \"  ><p id='toggle-toggle-id-3' data-fake-id='#toggle-id-3' class='toggler  av-title-above '  itemprop=\"headline\"  role='tab' tabindex='0' aria-controls='toggle-id-3' data-slide-speed=\"200\" data-title=\"K \u2014 L \u2014 M \u2014 N \u2014 O\" data-title-open=\"\" data-aria_collapsed=\"Cliquez pour \u00e9tendre : K \u2014 L \u2014 M \u2014 N \u2014 O\" data-aria_expanded=\"Cliquez pour r\u00e9duire : K \u2014 L \u2014 M \u2014 N \u2014 O\">K \u2014 L \u2014 M \u2014 N \u2014 O<span class=\"toggle_icon\"><span class=\"vert_icon\"><\/span><span class=\"hor_icon\"><\/span><\/span><\/p><div id='toggle-id-3' aria-labelledby='toggle-toggle-id-3' role='region' class='toggle_wrap  av-title-above'  ><div class='toggle_content invers-color '  itemprop=\"text\" ><p><a href=\"https:\/\/www.ksbl.ch\/zentren\/tumorzentrum\" target=\"_blank\" rel=\"noopener\">Kantonsspital Baselland &#8211; Oncologie<\/a><\/p>\n<hr \/>\n<p><a href=\"https:\/\/www.ksgr.ch\/onkologie\" target=\"_blank\" rel=\"noopener\">Kantonsspital Graub\u00fcnden &#8211; Oncologie<\/a><\/p>\n<hr \/>\n<p><a href=\"https:\/\/www.so-h.ch\/kantonsspital-olten\/home.html\" target=\"_blank\" rel=\"noopener noreferrer\">Kantonsspital Olten &#8211; Oncologie<\/a><\/p>\n<hr \/>\n<p><a href=\"https:\/\/www.kssg.ch\/onkologie\" target=\"_blank\" rel=\"noopener\">Kantonsspital St. Gallen &#8211; Oncologie<\/a><\/p>\n<hr \/>\n<p><a href=\"https:\/\/www.kho.ch\/de\/\" target=\"_blank\" rel=\"noopener noreferrer\">Klinik f\u00fcr H\u00e4matologie &amp; Onkologie Hirslanden Z\u00fcrich<\/a><\/p>\n<hr \/>\n<p><a href=\"https:\/\/www.kouros-moccia.ch\/\" target=\"_blank\" rel=\"noopener\">Kouros Moccia\u00a0Oncologia<\/a><\/p>\n<hr \/>\n<p><a href=\"http:\/\/www.swissoncology.com\/it\/13\/homepage.aspx\" target=\"_blank\" rel=\"noopener noreferrer\">Oncologia Varini Calderoni Christinat<\/a><\/p>\n<hr \/>\n<p><a href=\"https:\/\/www.hirslanden.ch\/de\/andreasklinik-cham-zug\/centers\/ohz-br-onko---haematologischeszentrumzug.html\" target=\"_blank\" rel=\"noopener noreferrer\">Onko-H\u00e4matologisches Zentrum Zug<\/a><\/p>\n<hr \/>\n<p><a href=\"http:\/\/www.onkologie-schaffhausen.ch\/#!home\" target=\"_blank\" rel=\"noopener noreferrer\">Onkologie Schaffhausen<\/a><\/p>\n<hr \/>\n<p><a href=\"http:\/\/www.spitaeler-sh.ch\/kantonsspital\/kliniken-und-fachbereiche\/medizinische-klinik\/onkologie\/\" target=\"_blank\" rel=\"noopener noreferrer\">Onkologie Spit\u00e4ler Schaffhausen<\/a><\/p>\n<hr \/>\n<p><a href=\"https:\/\/www.srrws.ch\/innere-medizin\/onkologie\/\" target=\"_blank\" rel=\"noopener\">Onkologie-Zentrum Grabs<\/a><\/p>\n<hr \/>\n<p><a href=\"https:\/\/www.spitalmaennedorf.ch\/fachbereiche\/onkologie\/\" target=\"_blank\" rel=\"noopener noreferrer\">Onkologie Zentrum Spital M\u00e4nnedorf<\/a><\/p>\n<\/div><\/div><\/div><\/section>\n<section class='av_toggle_section av-nlmuy-1-2-c08f18b0d0bb752c4828c69f6a7a4caa'  itemscope=\"itemscope\" itemtype=\"https:\/\/schema.org\/CreativeWork\" ><div role=\"tablist\" class=\"single_toggle\" data-tags=\"{Tout} \"  ><p id='toggle-toggle-id-4' data-fake-id='#toggle-id-4' class='toggler  av-title-above '  itemprop=\"headline\"  role='tab' tabindex='0' aria-controls='toggle-id-4' data-slide-speed=\"200\" data-title=\"P \u2014 Q \u2014 R\" data-title-open=\"\" data-aria_collapsed=\"Cliquez pour \u00e9tendre : P \u2014 Q \u2014 R\" data-aria_expanded=\"Cliquez pour r\u00e9duire : P \u2014 Q \u2014 R\">P \u2014 Q \u2014 R<span class=\"toggle_icon\"><span class=\"vert_icon\"><\/span><span class=\"hor_icon\"><\/span><\/span><\/p><div id='toggle-id-4' aria-labelledby='toggle-toggle-id-4' role='region' class='toggle_wrap  av-title-above'  ><div class='toggle_content invers-color '  itemprop=\"text\" ><p><a href=\"http:\/\/www.onko-hirslanden-bern.ch\/\" target=\"_blank\" rel=\"noopener noreferrer\">Praxis Dr. med. Christoph Gwerder, Bern<\/a><\/p>\n<hr \/>\n<p><a href=\"http:\/\/www.onko-hirslanden-bern.ch\/\" target=\"_blank\" rel=\"noopener noreferrer\">Praxis Dr. med. Esther B\u00e4rtschi, Bern<\/a><\/p>\n<hr \/>\n<p><a href=\"http:\/\/www.onko-hirslanden-bern.ch\/\" target=\"_blank\" rel=\"noopener noreferrer\">Praxis Dr. med. Thomas Furrer, Bern<\/a><\/p>\n<hr \/>\n<p><a href=\"https:\/\/www.onkologie-thorn.ch\/\" target=\"_blank\" rel=\"noopener noreferrer\">Praxis Onkologie Basel, Dr. med. David Thorn<\/a><\/p>\n<hr \/>\n<p><a href=\"https:\/\/onko-netz.ch\/\" target=\"_blank\" rel=\"noopener noreferrer\">Praxis Onko-Netz KLG, Thun<\/a><\/p>\n<hr \/>\n<p><a href=\"https:\/\/www.rhne.ch\/oncologie\" target=\"_blank\" rel=\"noopener noreferrer\">R\u00e9seau Hospitalier Neuch\u00e2telois &#8211; Oncologie<\/a><\/p>\n<\/div><\/div><\/div><\/section>\n<section class='av_toggle_section av-nlmuy-1-1-a5f10b17bbec09b49fa0a25f4c7bebfe'  itemscope=\"itemscope\" itemtype=\"https:\/\/schema.org\/CreativeWork\" ><div role=\"tablist\" class=\"single_toggle\" data-tags=\"{Tout} \"  ><p id='toggle-toggle-id-5' data-fake-id='#toggle-id-5' class='toggler  av-title-above '  itemprop=\"headline\"  role='tab' tabindex='0' aria-controls='toggle-id-5' data-slide-speed=\"200\" data-title=\"S \u2013 T\" data-title-open=\"\" data-aria_collapsed=\"Cliquez pour \u00e9tendre : S \u2013 T\" data-aria_expanded=\"Cliquez pour r\u00e9duire : S \u2013 T\">S \u2013 T<span class=\"toggle_icon\"><span class=\"vert_icon\"><\/span><span class=\"hor_icon\"><\/span><\/span><\/p><div id='toggle-id-5' aria-labelledby='toggle-toggle-id-5' role='region' class='toggle_wrap  av-title-above'  ><div class='toggle_content invers-color '  itemprop=\"text\" ><p><a href=\"https:\/\/www.so-h.ch\/spital-dornach\/home.html\" target=\"_blank\" rel=\"noopener noreferrer\">Spital Dornach &#8211; Oncologie<\/a><\/p>\n<hr \/>\n<p><a href=\"https:\/\/www.spital-emmental.ch\/Onkologie\" target=\"_blank\" rel=\"noopener noreferrer\">Spital Emmental AG &#8211; Oncologie<\/a><\/p>\n<hr \/>\n<p><a href=\"http:\/\/www.spitalstsag.ch\/de\/Spital-Thun\/Angebot\/Medizinische-Klinik\/FachgebieteSprechstunden\/Onkologie\/Ueber-uns-\" target=\"_blank\" rel=\"noopener noreferrer\">Spital Thun &#8211; Oncologie<\/a><\/p>\n<hr \/>\n<p><a href=\"https:\/\/www.spitalwallis.ch\/unsere-fachbereiche\/fachbereiche-von-a-bis-z\/onkologie-oder-krebsmedizin\" target=\"_blank\" rel=\"noopener\">Spitalzentrum Oberwallis &#8211; Oncologie<\/a><\/p>\n<hr \/>\n<p><a href=\"http:\/\/www.tucare.ch\/\" target=\"_blank\" rel=\"noopener noreferrer\">TUCARE B\u00fclach AG<\/a><\/p>\n<hr \/>\n<p><a href=\"http:\/\/www.tucare.ch\/\" target=\"_blank\" rel=\"noopener noreferrer\">TUCARE Dietikon<\/a><\/p>\n<hr \/>\n<p><a href=\"https:\/\/tbz-ost.ch\/sargans\/\" target=\"_blank\" rel=\"noopener\">Tumor- und BrustZentrum Ostschweiz &#8211; Sargans<\/a><\/p>\n<hr \/>\n<p><a href=\"https:\/\/tbz-ost.ch\/\" target=\"_blank\" rel=\"noopener noreferrer\">Tumor- und BrustZentrum Ostschweiz &#8211; St. Gallen<\/a><\/p>\n<hr \/>\n<p><a href=\"https:\/\/tbz-ost.ch\/rapperswil\/\" target=\"_blank\" rel=\"noopener noreferrer\">Tumor- und BrustZentrum Ostschweiz &#8211; Rapperswil<\/a><\/p>\n<hr \/>\n<p><a href=\"https:\/\/www.tumor-zentrum.ch\/\" target=\"_blank\" rel=\"noopener noreferrer\">Tumor Zentrum Aarau<\/a><\/p>\n<\/div><\/div><\/div><\/section>\n<\/div><\/div>\n","protected":false},"excerpt":{"rendered":"","protected":false},"author":1,"featured_media":0,"parent":4220,"menu_order":2,"comment_status":"closed","ping_status":"closed","template":"","meta":{"_acf_changed":false,"footnotes":""},"class_list":["post-4223","page","type-page","status-publish","hentry"],"acf":[],"_links":{"self":[{"href":"https:\/\/www.sgmo.ch\/fr\/wp-json\/wp\/v2\/pages\/4223","targetHints":{"allow":["GET"]}}],"collection":[{"href":"https:\/\/www.sgmo.ch\/fr\/wp-json\/wp\/v2\/pages"}],"about":[{"href":"https:\/\/www.sgmo.ch\/fr\/wp-json\/wp\/v2\/types\/page"}],"author":[{"embeddable":true,"href":"https:\/\/www.sgmo.ch\/fr\/wp-json\/wp\/v2\/users\/1"}],"replies":[{"embeddable":true,"href":"https:\/\/www.sgmo.ch\/fr\/wp-json\/wp\/v2\/comments?post=4223"}],"version-history":[{"count":22,"href":"https:\/\/www.sgmo.ch\/fr\/wp-json\/wp\/v2\/pages\/4223\/revisions"}],"predecessor-version":[{"id":13083,"href":"https:\/\/www.sgmo.ch\/fr\/wp-json\/wp\/v2\/pages\/4223\/revisions\/13083"}],"up":[{"embeddable":true,"href":"https:\/\/www.sgmo.ch\/fr\/wp-json\/wp\/v2\/pages\/4220"}],"wp:attachment":[{"href":"https:\/\/www.sgmo.ch\/fr\/wp-json\/wp\/v2\/media?parent=4223"}],"curies":[{"name":"wp","href":"https:\/\/api.w.org\/{rel}","templated":true}]}}