{"id":4226,"date":"2023-03-14T09:55:44","date_gmt":"2023-03-14T08:55:44","guid":{"rendered":"https:\/\/www.sgmo.ch\/?page_id=4226"},"modified":"2023-07-31T12:01:50","modified_gmt":"2023-07-31T10:01:50","slug":"demander-un-certificat","status":"publish","type":"page","link":"https:\/\/www.sgmo.ch\/fr\/qualite\/swiss-cancer-network\/demander-un-certificat\/","title":{"rendered":"Demander un certificat"},"content":{"rendered":"<div  class='flex_column av-aaap1-554b7130c1ba2a98a9222f17296d6391 av_one_full  avia-builder-el-0  el_before_av_one_full  avia-builder-el-first  first flex_column_div  '     ><style type=\"text\/css\" data-created_by=\"avia_inline_auto\" id=\"style-css-av-lfjovis7-cee613a9258088041e51ca5c8c94496e\">\n#top .av-special-heading.av-lfjovis7-cee613a9258088041e51ca5c8c94496e{\npadding-bottom:0;\n}\nbody .av-special-heading.av-lfjovis7-cee613a9258088041e51ca5c8c94496e .av-special-heading-tag .heading-char{\nfont-size:25px;\n}\n.av-special-heading.av-lfjovis7-cee613a9258088041e51ca5c8c94496e .av-subheading{\nfont-size:15px;\n}\n<\/style>\n<div  class='av-special-heading av-lfjovis7-cee613a9258088041e51ca5c8c94496e av-special-heading-h3  avia-builder-el-1  avia-builder-el-no-sibling '><h3 class='av-special-heading-tag '  itemprop=\"headline\"  >Demander un certificat<\/h3><div class=\"special-heading-border\"><div class=\"special-heading-inner-border\"><\/div><\/div><\/div><\/div>\n<div  class='flex_column av-ehw99-a3628d2694c652d241abfd9c1b417515 av_one_full  avia-builder-el-2  el_after_av_one_full  avia-builder-el-last  first flex_column_div  column-top-margin'     ><section  class='av_textblock_section av-8ye5p-35312b2d4bd62f7be063a9e6a2c93490 '   itemscope=\"itemscope\" itemtype=\"https:\/\/schema.org\/CreativeWork\" ><div class='avia_textblock'  itemprop=\"text\" ><h4>1. Remplir le formulaire de demande<\/h4>\n<p>Veuillez remplir le <a href=\"https:\/\/www.sgmo.ch\/fr\/qualite\/swiss-cancer-network\/certificat-swiss-cancer-network-scn\/\">formulaire de demande \u00e9lectronique<\/a>. Pour que le certificat puisse \u00eatre d\u00e9livr\u00e9, au moins 80% des crit\u00e8res de qualit\u00e9 \u00e9num\u00e9r\u00e9s sur le formulaire de demande ainsi que les crit\u00e8res obligatoires doivent \u00eatre satisfaits.<\/p>\n<\/div><\/section><br \/>\n<div  class='hr av-zdaet-e6026feece0ec8957a73885074582450 hr-default  avia-builder-el-4  el_after_av_textblock  el_before_av_textblock '><span class='hr-inner '><span class=\"hr-inner-style\"><\/span><\/span><\/div><br \/>\n<section  class='av_textblock_section av-lf80th64-17d1e426865e8f0572b40636e5c4b49c '   itemscope=\"itemscope\" itemtype=\"https:\/\/schema.org\/CreativeWork\" ><div class='avia_textblock'  itemprop=\"text\" ><h4>2. Soumettre une documentation suppl\u00e9mentaire<\/h4>\n<p>Apr\u00e8s r\u00e9ception du formulaire de demande, votre demande sera instruite formellement par le secr\u00e9tariat. L&rsquo;instruction dure jusqu&rsquo;\u00e0 cinq jours ouvrables.<\/p>\n<p>Il vous sera ensuite demand\u00e9 de fournir les documents suivants pour prouver les informations figurant sur le formulaire de demande:<\/p>\n<ol>\n<li>Organigramme de l&rsquo;h\u00f4pital ou du cabinet m\u00e9dical<\/li>\n<li>Organigramme du comit\u00e9 tumeurs, y compris les dates auxquelles il s&rsquo;est r\u00e9uni pour l&rsquo;ann\u00e9e en cours<\/li>\n<li>Liste des m\u00e9decins sp\u00e9cialistes responsables selon la composition du comit\u00e9 tumeurs avec la preuve de leur titre FMH ou \u00e9quivalent<\/li>\n<li>Preuve de la formation continue externe du personnel soignant<\/li>\n<li>Rapport anonyme de comit\u00e9 tumeurs<\/li>\n<li>Organigramme du r\u00e9seau de prise en charge<\/li>\n<\/ol>\n<p>Pour plus d&rsquo;informations, consultez le document distinct <a href=\"https:\/\/www.sgmo.ch\/wp-content\/uploads\/Documents_autodeclaration_v1.0-3-1.pdf\" target=\"_blank\" rel=\"noopener\">Guide<\/a>. N&rsquo;h\u00e9sitez pas \u00e0 contacter le secr\u00e9tariat si vous avez des questions ou si vous souhaitez b\u00e9n\u00e9ficier de notre assistance.<\/p>\n<\/div><\/section><br \/>\n<div  class='hr av-p38nh-f21e40e0d9dc48657f923b4ef7f626b0 hr-default  avia-builder-el-6  el_after_av_textblock  el_before_av_textblock '><span class='hr-inner '><span class=\"hr-inner-style\"><\/span><\/span><\/div><br \/>\n<section  class='av_textblock_section av-lf80ts6b-80f12008728c3da3ee291107304818ef '   itemscope=\"itemscope\" itemtype=\"https:\/\/schema.org\/CreativeWork\" ><div class='avia_textblock'  itemprop=\"text\" ><h4>3. Examen du contenu par le comit\u00e9 de certification<\/h4>\n<p>D\u00e8s que le secr\u00e9tariat a re\u00e7u l&rsquo;ensemble des documents demand\u00e9s, votre demande sera transmise au comit\u00e9 de certification (Dr St\u00e9phane Cochet, Prof. Dr m\u00e9d. Ursula Kapp, Dr m\u00e9d. Walter Mingrone) qui en examineront le contenu. L&rsquo;examen par le comit\u00e9 de certification dure en g\u00e9n\u00e9ral jusqu&rsquo;\u00e0 4 semaines.<\/p>\n<\/div><\/section><br \/>\n<div  class='hr av-81st-87b88fed060a0571f2d4ca6eae18567b hr-default  avia-builder-el-8  el_after_av_textblock  el_before_av_textblock '><span class='hr-inner '><span class=\"hr-inner-style\"><\/span><\/span><\/div><br \/>\n<section  class='av_textblock_section av-eo40t-0608cde9847d30ba8e6020d4fabe587e '   itemscope=\"itemscope\" itemtype=\"https:\/\/schema.org\/CreativeWork\" ><div class='avia_textblock'  itemprop=\"text\" ><h4>4. D\u00e9livrance du certificat<\/h4>\n<p>Si l&rsquo;\u00e9valuation par le comit\u00e9 de certification est concluante, le contrat de certification et la facture des frais annuels vous seront envoy\u00e9s. Un contrat type peut \u00eatre demand\u00e9 \u00e0 tout moment aupr\u00e8s du secr\u00e9tariat. Le certificat est d\u00e9livr\u00e9 d\u00e8s que le secr\u00e9tariat re\u00e7oit le contrat contresign\u00e9 et le paiement de la cotisation annuelle. La certification est <a title=\"Zertifizierte Institutionen\" href=\"https:\/\/www.sgmo.ch\/fr\/qualite\/swiss-cancer-network\/liste-des-institutions-certifiees\/\">publi\u00e9e<\/a> sur le site de la SSOM.<\/p>\n<\/div><\/section><br \/>\n<div  class='hr av-8i1f9-31d6597618dcff3736343689e357caa2 hr-default  avia-builder-el-10  el_after_av_textblock  el_before_av_textblock '><span class='hr-inner '><span class=\"hr-inner-style\"><\/span><\/span><\/div><br \/>\n<section  class='av_textblock_section av-lf80v44b-2efbed5218b0c8451093a71e22338cf2 '   itemscope=\"itemscope\" itemtype=\"https:\/\/schema.org\/CreativeWork\" ><div class='avia_textblock'  itemprop=\"text\" ><h4>5. Renouvellement annuel du certificats<\/h4>\n<p>Le certificat est valable un an. Quatre semaines avant la date d&rsquo;expiration, vous recevrez automatiquement les documents n\u00e9cessaires \u00e0 une demande de renouvellement (<a href=\"https:\/\/www.sgmo.ch\/fr\/qualite\/swiss-cancer-network\/renouvellement-du-certificat-auto-declaration-annuelle\/\">Renouveler le certificat<\/a>). Les crit\u00e8res de qualit\u00e9 suivants doivent \u00eatre satisfaits au plus tard lors du premier renouvellement du certificat: A1; B1; B2; B4; B6; C12<\/p>\n<p>Il est inutile cr\u00e9er une nouvelle fois tous les documents pour le renouvellement du certificat. Seuls les changements par rapport \u00e0 la m\u00eame p\u00e9riode de l&rsquo;ann\u00e9e pr\u00e9c\u00e9dente doivent \u00eatre d\u00e9clar\u00e9s.<\/p>\n<p>Aucun nouveau certificat ne sera d\u00e9livr\u00e9 et le certificat sera retir\u00e9 si la demande de renouvellement du certificat n&rsquo;est pas d\u00e9pos\u00e9e ou si la taxe annuelle n&rsquo;est pas pay\u00e9e dans les 30 jours suivant l&rsquo;expiration du certificat.<\/p>\n<\/div><\/section><\/p><\/div>\n","protected":false},"excerpt":{"rendered":"","protected":false},"author":1,"featured_media":0,"parent":4220,"menu_order":3,"comment_status":"closed","ping_status":"closed","template":"","meta":{"_acf_changed":false,"footnotes":""},"class_list":["post-4226","page","type-page","status-publish","hentry"],"acf":[],"_links":{"self":[{"href":"https:\/\/www.sgmo.ch\/fr\/wp-json\/wp\/v2\/pages\/4226","targetHints":{"allow":["GET"]}}],"collection":[{"href":"https:\/\/www.sgmo.ch\/fr\/wp-json\/wp\/v2\/pages"}],"about":[{"href":"https:\/\/www.sgmo.ch\/fr\/wp-json\/wp\/v2\/types\/page"}],"author":[{"embeddable":true,"href":"https:\/\/www.sgmo.ch\/fr\/wp-json\/wp\/v2\/users\/1"}],"replies":[{"embeddable":true,"href":"https:\/\/www.sgmo.ch\/fr\/wp-json\/wp\/v2\/comments?post=4226"}],"version-history":[{"count":5,"href":"https:\/\/www.sgmo.ch\/fr\/wp-json\/wp\/v2\/pages\/4226\/revisions"}],"predecessor-version":[{"id":4694,"href":"https:\/\/www.sgmo.ch\/fr\/wp-json\/wp\/v2\/pages\/4226\/revisions\/4694"}],"up":[{"embeddable":true,"href":"https:\/\/www.sgmo.ch\/fr\/wp-json\/wp\/v2\/pages\/4220"}],"wp:attachment":[{"href":"https:\/\/www.sgmo.ch\/fr\/wp-json\/wp\/v2\/media?parent=4226"}],"curies":[{"name":"wp","href":"https:\/\/api.w.org\/{rel}","templated":true}]}}