{"id":4269,"date":"2023-03-06T15:54:03","date_gmt":"2023-03-06T14:54:03","guid":{"rendered":"https:\/\/www.sgmo.ch\/awards\/"},"modified":"2023-06-26T14:10:26","modified_gmt":"2023-06-26T12:10:26","slug":"awards","status":"publish","type":"page","link":"https:\/\/www.sgmo.ch\/fr\/awards\/","title":{"rendered":"Awards"},"content":{"rendered":"<div id='full_slider_1'  class='avia-fullwidth-slider main_color avia-shadow   avia-builder-el-0  el_before_av_one_full  avia-builder-el-first   container_wrap sidebar_right'  >\n<style type=\"text\/css\" data-created_by=\"avia_inline_auto\" id=\"style-css-av-li1isip1-0653e16689fb3aaa6af9164242c2a18e\">\n#top #wrap_all .avia-slideshow .av-slideshow-caption.av-li1isip1-0653e16689fb3aaa6af9164242c2a18e__0 .avia-caption-title{\ncolor:#ffffff;\n}\n#top .avia-slideshow .av-slideshow-caption.av-li1isip1-0653e16689fb3aaa6af9164242c2a18e__0 .avia-caption-content{\ncolor:#ffffff;\n}\n<\/style>\n<div  class='avia-slideshow av-li1isip1-0653e16689fb3aaa6af9164242c2a18e avia-slideshow-featured av_slideshow_full avia-slide-slider av-slideshow-ui av-control-default av-slideshow-manual av-loop-once av-loop-manual-endless av-default-height-applied   avia-slideshow-1' data-slideshow-options=\"{&quot;animation&quot;:&quot;slide&quot;,&quot;autoplay&quot;:false,&quot;loop_autoplay&quot;:&quot;once&quot;,&quot;interval&quot;:5,&quot;loop_manual&quot;:&quot;manual-endless&quot;,&quot;autoplay_stopper&quot;:false,&quot;noNavigation&quot;:false,&quot;bg_slider&quot;:false,&quot;keep_padding&quot;:false,&quot;hoverpause&quot;:false,&quot;show_slide_delay&quot;:0}\"  itemprop=\"image\" itemscope=\"itemscope\" itemtype=\"https:\/\/schema.org\/ImageObject\" ><ul class='avia-slideshow-inner ' style='padding-bottom: 28.666666666667%;'><li  class='avia-slideshow-slide av-li1isip1-0653e16689fb3aaa6af9164242c2a18e__0  av-single-slide slide-1 slide-odd'><div data-rel='slideshow-1' class='avia-slide-wrap '   ><div class='av-slideshow-caption av-li1isip1-0653e16689fb3aaa6af9164242c2a18e__0 caption_fullwidth caption_bottom caption_bottom_framed caption_framed'><div class=\"container caption_container\"><div class=\"slideshow_caption\"><div class=\"slideshow_inner_caption\"><div class=\"slideshow_align_caption\"><h2 class='avia-caption-title '  itemprop=\"name\" >Nous encourageons l\u2019excellence<\/h2><div class='avia-caption-content av_inherit_color'  itemprop=\"description\" ><p>Abstract Awards de la SSOM<\/p>\n<\/div><\/div><\/div><\/div><\/div><\/div><img decoding=\"async\" fetchpriority=\"high\" class=\"wp-image-2085 avia-img-lazy-loading-not-2085\"  src=\"https:\/\/www.sgmo.ch\/wp-content\/uploads\/awards-1500x430.jpg\" width=\"1500\" height=\"430\" title='awards' alt=''  itemprop=\"thumbnailUrl\"  style='min-height:240px; min-width:838px; ' srcset=\"https:\/\/www.sgmo.ch\/wp-content\/uploads\/awards-1500x430.jpg 1500w, https:\/\/www.sgmo.ch\/wp-content\/uploads\/awards-300x85.jpg 300w, https:\/\/www.sgmo.ch\/wp-content\/uploads\/awards-768x219.jpg 768w, https:\/\/www.sgmo.ch\/wp-content\/uploads\/awards-705x201.jpg 705w\" sizes=\"(max-width: 1500px) 100vw, 1500px\" \/><\/div><\/li><\/ul><\/div><\/div><div id='after_full_slider_1'  class='main_color av_default_container_wrap container_wrap sidebar_right'  ><div class='container av-section-cont-open' ><div class='template-page content  av-content-small alpha units'><div class='post-entry post-entry-type-page post-entry-4269'><div class='entry-content-wrapper clearfix'>\n<div  class='flex_column av-8ac3z-29585d420e6fadb413d7674d3c387f15 av_one_full  avia-builder-el-1  el_after_av_slideshow_full  el_before_av_one_full  avia-builder-el-first  first flex_column_div  '     ><style type=\"text\/css\" data-created_by=\"avia_inline_auto\" id=\"style-css-av-lfjook8s-9f564e65eca8cbc03d0f8a68642d97b1\">\n#top .av-special-heading.av-lfjook8s-9f564e65eca8cbc03d0f8a68642d97b1{\npadding-bottom:0;\n}\nbody .av-special-heading.av-lfjook8s-9f564e65eca8cbc03d0f8a68642d97b1 .av-special-heading-tag .heading-char{\nfont-size:25px;\n}\n.av-special-heading.av-lfjook8s-9f564e65eca8cbc03d0f8a68642d97b1 .av-subheading{\nfont-size:15px;\n}\n<\/style>\n<div  class='av-special-heading av-lfjook8s-9f564e65eca8cbc03d0f8a68642d97b1 av-special-heading-h3  avia-builder-el-2  avia-builder-el-no-sibling '><h3 class='av-special-heading-tag '  itemprop=\"headline\"  >R\u00e9compenses<\/h3><div class=\"special-heading-border\"><div class=\"special-heading-inner-border\"><\/div><\/div><\/div><\/div>\n<div  class='flex_column av-gbuy7-60012aba3f880eeb4e41d2a63aea48ef av_one_full  avia-builder-el-3  el_after_av_one_full  avia-builder-el-last  first flex_column_div  column-top-margin'     ><p><section  class='av_textblock_section av-lhyw9l2s-a6997404af7002fc997a856e9779750d '   itemscope=\"itemscope\" itemtype=\"https:\/\/schema.org\/CreativeWork\" ><div class='avia_textblock'  itemprop=\"text\" ><p>Lors du Swiss Oncology &amp; Hematology Congress (SOHC), la SSOM r\u00e9compense chaque ann\u00e9e les meilleurs travaux scientifiques dans les deux cat\u00e9gories que sont l&rsquo;h\u00e9mato-oncologie clinique (lymphomes, my\u00e9lomes, leuc\u00e9mie, transplantation) et l&rsquo;oncologie clinique de tumeurs solides. Le prix est dot\u00e9 de CHF 3000.- par cat\u00e9gorie. Un jury d&rsquo;experts d\u00e9sign\u00e9s par la SSOM s\u00e9lectionne les meilleurs travaux.<\/p>\n<p>Pour plus de d\u00e9tails, veuillez consulter le site web du <a href=\"https:\/\/www.sohc.ch\/en\/abstract\/information\/\" target=\"_blank\" rel=\"noopener\">SOHC<\/a>.<\/p>\n<\/div><\/section><br \/>\n<div  class='hr av-8nwjb-e24c85179538bd3997e02420618e9c86 hr-default  avia-builder-el-5  el_after_av_textblock  avia-builder-el-last '><span class='hr-inner '><span class=\"hr-inner-style\"><\/span><\/span><\/div><\/p><\/div>\n","protected":false},"excerpt":{"rendered":"","protected":false},"author":1,"featured_media":0,"parent":0,"menu_order":0,"comment_status":"closed","ping_status":"closed","template":"","meta":{"_acf_changed":false,"footnotes":""},"class_list":["post-4269","page","type-page","status-publish","hentry"],"acf":[],"_links":{"self":[{"href":"https:\/\/www.sgmo.ch\/fr\/wp-json\/wp\/v2\/pages\/4269","targetHints":{"allow":["GET"]}}],"collection":[{"href":"https:\/\/www.sgmo.ch\/fr\/wp-json\/wp\/v2\/pages"}],"about":[{"href":"https:\/\/www.sgmo.ch\/fr\/wp-json\/wp\/v2\/types\/page"}],"author":[{"embeddable":true,"href":"https:\/\/www.sgmo.ch\/fr\/wp-json\/wp\/v2\/users\/1"}],"replies":[{"embeddable":true,"href":"https:\/\/www.sgmo.ch\/fr\/wp-json\/wp\/v2\/comments?post=4269"}],"version-history":[{"count":5,"href":"https:\/\/www.sgmo.ch\/fr\/wp-json\/wp\/v2\/pages\/4269\/revisions"}],"predecessor-version":[{"id":4271,"href":"https:\/\/www.sgmo.ch\/fr\/wp-json\/wp\/v2\/pages\/4269\/revisions\/4271"}],"wp:attachment":[{"href":"https:\/\/www.sgmo.ch\/fr\/wp-json\/wp\/v2\/media?parent=4269"}],"curies":[{"name":"wp","href":"https:\/\/api.w.org\/{rel}","templated":true}]}}