{"id":4276,"date":"2023-03-06T15:54:11","date_gmt":"2023-03-06T14:54:11","guid":{"rendered":"https:\/\/www.sgmo.ch\/?page_id=4276"},"modified":"2025-02-07T11:29:49","modified_gmt":"2025-02-07T10:29:49","slug":"shoot","status":"publish","type":"page","link":"https:\/\/www.sgmo.ch\/fr\/shoot\/","title":{"rendered":"SHOOT"},"content":{"rendered":"<div id='full_slider_1'  class='avia-fullwidth-slider main_color avia-shadow   avia-builder-el-0  el_before_av_one_full  avia-builder-el-first   container_wrap sidebar_right'  >\n<style type=\"text\/css\" data-created_by=\"avia_inline_auto\" id=\"style-css-av-li1jaf2v-9c30362288c67368e2664560544a856b\">\n#top #wrap_all .avia-slideshow .av-slideshow-caption.av-li1jaf2v-9c30362288c67368e2664560544a856b__0 .avia-caption-title{\ncolor:#ffffff;\n}\n#top .avia-slideshow .av-slideshow-caption.av-li1jaf2v-9c30362288c67368e2664560544a856b__0 .avia-caption-content{\ncolor:#ffffff;\n}\n<\/style>\n<div  class='avia-slideshow av-li1jaf2v-9c30362288c67368e2664560544a856b avia-slideshow-featured av_slideshow_full avia-slide-slider av-slideshow-ui av-control-default av-slideshow-manual av-loop-once av-loop-manual-endless av-default-height-applied   avia-slideshow-1' data-slideshow-options=\"{&quot;animation&quot;:&quot;slide&quot;,&quot;autoplay&quot;:false,&quot;loop_autoplay&quot;:&quot;once&quot;,&quot;interval&quot;:5,&quot;loop_manual&quot;:&quot;manual-endless&quot;,&quot;autoplay_stopper&quot;:false,&quot;noNavigation&quot;:false,&quot;bg_slider&quot;:false,&quot;keep_padding&quot;:false,&quot;hoverpause&quot;:false,&quot;show_slide_delay&quot;:0}\"  itemprop=\"image\" itemscope=\"itemscope\" itemtype=\"https:\/\/schema.org\/ImageObject\" ><ul class='avia-slideshow-inner ' style='padding-bottom: 28.666666666667%;'><li  class='avia-slideshow-slide av-li1jaf2v-9c30362288c67368e2664560544a856b__0  av-single-slide slide-1 slide-odd'><div data-rel='slideshow-1' class='avia-slide-wrap '   ><div class='av-slideshow-caption av-li1jaf2v-9c30362288c67368e2664560544a856b__0 caption_fullwidth caption_bottom caption_bottom_framed caption_framed'><div class=\"container caption_container\"><div class=\"slideshow_caption\"><div class=\"slideshow_inner_caption\"><div class=\"slideshow_align_caption\"><h2 class='avia-caption-title '  itemprop=\"name\" >L\u2019avenir en ligne de mire<\/h2><div class='avia-caption-content av_inherit_color'  itemprop=\"description\" ><p>SHOOT : Parce que les g\u00e9n\u00e9rations futures nous tiennent \u00e0 c\u0153ur<\/p>\n<\/div><\/div><\/div><\/div><\/div><\/div><img decoding=\"async\" fetchpriority=\"high\" class=\"wp-image-2097 avia-img-lazy-loading-not-2097\"  src=\"https:\/\/www.sgmo.ch\/wp-content\/uploads\/shoot-1-1500x430.jpg\" width=\"1500\" height=\"430\" title='shoot' alt=''  itemprop=\"thumbnailUrl\"  style='min-height:240px; min-width:838px; ' srcset=\"https:\/\/www.sgmo.ch\/wp-content\/uploads\/shoot-1-1500x430.jpg 1500w, https:\/\/www.sgmo.ch\/wp-content\/uploads\/shoot-1-300x85.jpg 300w, https:\/\/www.sgmo.ch\/wp-content\/uploads\/shoot-1-705x201.jpg 705w\" sizes=\"(max-width: 1500px) 100vw, 1500px\" \/><\/div><\/li><\/ul><\/div><\/div><div id='after_full_slider_1'  class='main_color av_default_container_wrap container_wrap sidebar_right'  ><div class='container av-section-cont-open' ><div class='template-page content  av-content-small alpha units'><div class='post-entry post-entry-type-page post-entry-4276'><div class='entry-content-wrapper clearfix'>\n<div  class='flex_column av-7ix89-7a4de1f1af48f471d442abd28cde436e av_one_full  avia-builder-el-1  el_after_av_slideshow_full  el_before_av_one_third  avia-builder-el-first  first flex_column_div  '     ><style type=\"text\/css\" data-created_by=\"avia_inline_auto\" id=\"style-css-av-lfjp6t7q-25049aca27d204a84a09547d51c61df3\">\n#top .av-special-heading.av-lfjp6t7q-25049aca27d204a84a09547d51c61df3{\npadding-bottom:0;\n}\nbody .av-special-heading.av-lfjp6t7q-25049aca27d204a84a09547d51c61df3 .av-special-heading-tag .heading-char{\nfont-size:25px;\n}\n.av-special-heading.av-lfjp6t7q-25049aca27d204a84a09547d51c61df3 .av-subheading{\nfont-size:15px;\n}\n<\/style>\n<div  class='av-special-heading av-lfjp6t7q-25049aca27d204a84a09547d51c61df3 av-special-heading-h3  avia-builder-el-2  avia-builder-el-no-sibling '><h3 class='av-special-heading-tag '  itemprop=\"headline\"  >SHOOT<\/h3><div class=\"special-heading-border\"><div class=\"special-heading-inner-border\"><\/div><\/div><\/div><\/div>\n<div  class='flex_column av-6w2p5-a97db3ca4cd3d12c94e07fd9184840a2 av_one_third  avia-builder-el-3  el_after_av_one_full  el_before_av_one_full  first flex_column_div  column-top-margin'     ><style type=\"text\/css\" data-created_by=\"avia_inline_auto\" id=\"style-css-av-li1h15ur-e2253cac6751c9c5674c6e08369dfb01\">\n.avia-image-container.av-li1h15ur-e2253cac6751c9c5674c6e08369dfb01 img.avia_image{\nbox-shadow:none;\n}\n.avia-image-container.av-li1h15ur-e2253cac6751c9c5674c6e08369dfb01 .av-image-caption-overlay-center{\ncolor:#ffffff;\n}\n<\/style>\n<div  class='avia-image-container av-li1h15ur-e2253cac6751c9c5674c6e08369dfb01 av-styling- avia-align-center  avia-builder-el-4  avia-builder-el-no-sibling '   itemprop=\"image\" itemscope=\"itemscope\" itemtype=\"https:\/\/schema.org\/ImageObject\" ><div class=\"avia-image-container-inner\"><div class=\"avia-image-overlay-wrap\"><img decoding=\"async\" fetchpriority=\"high\" class='wp-image-2059 avia-img-lazy-loading-not-2059 avia_image ' src=\"https:\/\/www.sgmo.ch\/wp-content\/uploads\/SHOOT-Logo.png\" alt='' title='SHOOT-Logo'  height=\"465\" width=\"1000\"  itemprop=\"thumbnailUrl\" srcset=\"https:\/\/www.sgmo.ch\/wp-content\/uploads\/SHOOT-Logo.png 1000w, https:\/\/www.sgmo.ch\/wp-content\/uploads\/SHOOT-Logo-300x140.png 300w, https:\/\/www.sgmo.ch\/wp-content\/uploads\/SHOOT-Logo-768x357.png 768w, https:\/\/www.sgmo.ch\/wp-content\/uploads\/SHOOT-Logo-705x328.png 705w\" sizes=\"(max-width: 1000px) 100vw, 1000px\" \/><\/div><\/div><\/div><\/div>\n<div  class='flex_column av-k9xx5-f7da36a9640bc3327a295aa73e6f0017 av_one_full  avia-builder-el-5  el_after_av_one_third  avia-builder-el-last  first flex_column_div  column-top-margin'     ><p><section  class='av_textblock_section av-lhywccsa-6cadbc3c0d9ed89a64b7e8cbf8cb1684 '   itemscope=\"itemscope\" itemtype=\"https:\/\/schema.org\/CreativeWork\" ><div class='avia_textblock'  itemprop=\"text\" ><p>Swiss Hematologists and Oncologists of Tomorrow (SHOOT) est une initiative commune de la SSOM et de la SSH (Soci\u00e9t\u00e9 suisse d&rsquo;h\u00e9matologie) pour les h\u00e9matologues et les oncologues en formation ainsi que pour les jeunes m\u00e9decins sp\u00e9cialistes.<\/p>\n<p>SHOOT cherche \u00e0 relever les d\u00e9fis des futurs professionnels et \u00e0 fa\u00e7onner activement l&rsquo;avenir de ces deux domaines professionnels. L&rsquo;initiative permet \u00e9galement d&rsquo;exploiter les synergies organisationnelles et de r\u00e9pondre \u00e0 des besoins communs.<\/p>\n<p><a href=\"https:\/\/www.ssh-ssmo-shoot.ch\" target=\"_blank\" rel=\"noopener\">Plus d&rsquo;informations sur SHOOT<\/a><\/p>\n<p>SHOOT organise une s\u00e9rie de cours exclusivement destin\u00e9s aux m\u00e9decins assistants suisses en oncologie. Plus d&rsquo;informations:<\/p>\n<ul>\n<li>27.03.2025 SHOOT Myeloma: <a href=\"https:\/\/che01.safelinks.protection.outlook.com\/?url=https%3A%2F%2Fmedtoday.ch%2Fevents%2Fshoot-myeloma&amp;data=05%7C02%7Cl.raabe%40promedicus.ch%7Cfbbd3b6821e344f4cc4308dd46875c3b%7C06acf4409c804589982e90d5b3294047%7C0%7C0%7C638744269357073762%7CUnknown%7CTWFpbGZsb3d8eyJFbXB0eU1hcGkiOnRydWUsIlYiOiIwLjAuMDAwMCIsIlAiOiJXaW4zMiIsIkFOIjoiTWFpbCIsIldUIjoyfQ%3D%3D%7C0%7C%7C%7C&amp;sdata=L2ZtD8FBD5iFAgBQUjJq%2Fyk606ejnSBvnhFDs4k88Ko%3D&amp;reserved=0\" target=\"_blank\" rel=\"noopener\">https:\/\/medtoday.ch\/events\/shoot-myeloma<\/a><\/li>\n<li>03.05.2025 SHOOT Rare Tumors: <a href=\"https:\/\/che01.safelinks.protection.outlook.com\/?url=https%3A%2F%2Fmedtoday.ch%2Fevents%2Fshoot-rare&amp;data=05%7C02%7Cl.raabe%40promedicus.ch%7Cfbbd3b6821e344f4cc4308dd46875c3b%7C06acf4409c804589982e90d5b3294047%7C0%7C0%7C638744269357104679%7CUnknown%7CTWFpbGZsb3d8eyJFbXB0eU1hcGkiOnRydWUsIlYiOiIwLjAuMDAwMCIsIlAiOiJXaW4zMiIsIkFOIjoiTWFpbCIsIldUIjoyfQ%3D%3D%7C0%7C%7C%7C&amp;sdata=IKdnoeJClUWHiB%2BxI1F47WDeQ2NDhGiVtN%2FngwJAL%2B8%3D&amp;reserved=0\" target=\"_blank\" rel=\"noopener\">https:\/\/medtoday.ch\/events\/shoot-rare<\/a><\/li>\n<li>16.09.2025 SHOOT Ethik: <a href=\"https:\/\/che01.safelinks.protection.outlook.com\/?url=https%3A%2F%2Fmedtoday.ch%2Fevents%2Fshoot-ethik&amp;data=05%7C02%7Cl.raabe%40promedicus.ch%7Cfbbd3b6821e344f4cc4308dd46875c3b%7C06acf4409c804589982e90d5b3294047%7C0%7C0%7C638744269357128303%7CUnknown%7CTWFpbGZsb3d8eyJFbXB0eU1hcGkiOnRydWUsIlYiOiIwLjAuMDAwMCIsIlAiOiJXaW4zMiIsIkFOIjoiTWFpbCIsIldUIjoyfQ%3D%3D%7C0%7C%7C%7C&amp;sdata=zCmliKXw5y6fMdv%2FJRfWNNT8MDJVW18bGe0TMUPPUy0%3D&amp;reserved=0\" target=\"_blank\" rel=\"noopener\">https:\/\/medtoday.ch\/events\/shoot-ethik<\/a><\/li>\n<li>04.12.2025 SHOOT Gyn: <a href=\"https:\/\/che01.safelinks.protection.outlook.com\/?url=https%3A%2F%2Fmedtoday.ch%2Fevents%2Fshoot-gyn&amp;data=05%7C02%7Cl.raabe%40promedicus.ch%7Cfbbd3b6821e344f4cc4308dd46875c3b%7C06acf4409c804589982e90d5b3294047%7C0%7C0%7C638744269357151103%7CUnknown%7CTWFpbGZsb3d8eyJFbXB0eU1hcGkiOnRydWUsIlYiOiIwLjAuMDAwMCIsIlAiOiJXaW4zMiIsIkFOIjoiTWFpbCIsIldUIjoyfQ%3D%3D%7C0%7C%7C%7C&amp;sdata=gKLwSWhjVaZqH%2BHGaKSE4iuaq6S7uJnpYS0gq561IV8%3D&amp;reserved=0\" target=\"_blank\" rel=\"noopener\">https:\/\/medtoday.ch\/events\/shoot-gyn<\/a><\/li>\n<\/ul>\n<p>SHOOT organise en outre une session et un ap\u00e9ritif \u00e0 chaque SOHC.<\/p>\n<p><a href=\"https:\/\/www.sohc.ch\/en\/\" target=\"_blank\" rel=\"noopener\">Plus d&rsquo;informations<\/a><\/p>\n<\/div><\/section><br \/>\n<div  class='hr av-a3r1t-5445f78a68f73d7d5a6ee5ecac0495fb hr-default  avia-builder-el-7  el_after_av_textblock  avia-builder-el-last '><span class='hr-inner '><span class=\"hr-inner-style\"><\/span><\/span><\/div><\/p><\/div>\n","protected":false},"excerpt":{"rendered":"","protected":false},"author":1,"featured_media":0,"parent":0,"menu_order":0,"comment_status":"closed","ping_status":"closed","template":"","meta":{"_acf_changed":false,"footnotes":""},"class_list":["post-4276","page","type-page","status-publish","hentry"],"acf":[],"_links":{"self":[{"href":"https:\/\/www.sgmo.ch\/fr\/wp-json\/wp\/v2\/pages\/4276","targetHints":{"allow":["GET"]}}],"collection":[{"href":"https:\/\/www.sgmo.ch\/fr\/wp-json\/wp\/v2\/pages"}],"about":[{"href":"https:\/\/www.sgmo.ch\/fr\/wp-json\/wp\/v2\/types\/page"}],"author":[{"embeddable":true,"href":"https:\/\/www.sgmo.ch\/fr\/wp-json\/wp\/v2\/users\/1"}],"replies":[{"embeddable":true,"href":"https:\/\/www.sgmo.ch\/fr\/wp-json\/wp\/v2\/comments?post=4276"}],"version-history":[{"count":7,"href":"https:\/\/www.sgmo.ch\/fr\/wp-json\/wp\/v2\/pages\/4276\/revisions"}],"predecessor-version":[{"id":9689,"href":"https:\/\/www.sgmo.ch\/fr\/wp-json\/wp\/v2\/pages\/4276\/revisions\/9689"}],"wp:attachment":[{"href":"https:\/\/www.sgmo.ch\/fr\/wp-json\/wp\/v2\/media?parent=4276"}],"curies":[{"name":"wp","href":"https:\/\/api.w.org\/{rel}","templated":true}]}}