{"id":4295,"date":"2023-03-15T09:13:56","date_gmt":"2023-03-15T08:13:56","guid":{"rendered":"https:\/\/www.sgmo.ch\/?page_id=4295"},"modified":"2023-06-27T13:13:58","modified_gmt":"2023-06-27T11:13:58","slug":"clause-de-non-responsabilite","status":"publish","type":"page","link":"https:\/\/www.sgmo.ch\/fr\/clause-de-non-responsabilite\/","title":{"rendered":"Clause de non-responsabilit\u00e9"},"content":{"rendered":"<div  class='flex_column av-1e8f52-127dfe6e56c1c988415ae987c6e1c965 av_one_full  avia-builder-el-0  el_before_av_one_full  avia-builder-el-first  first flex_column_div  '     ><p>\n<style type=\"text\/css\" data-created_by=\"avia_inline_auto\" id=\"style-css-av-lhrnduxf-b45f00f7a84eec38876e21db16302391\">\n#top .av-special-heading.av-lhrnduxf-b45f00f7a84eec38876e21db16302391{\npadding-bottom:0;\n}\nbody .av-special-heading.av-lhrnduxf-b45f00f7a84eec38876e21db16302391 .av-special-heading-tag .heading-char{\nfont-size:25px;\n}\n.av-special-heading.av-lhrnduxf-b45f00f7a84eec38876e21db16302391 .av-subheading{\nfont-size:15px;\n}\n<\/style>\n<div  class='av-special-heading av-lhrnduxf-b45f00f7a84eec38876e21db16302391 av-special-heading-h3  avia-builder-el-1  el_before_av_hr  avia-builder-el-first '><h3 class='av-special-heading-tag '  itemprop=\"headline\"  >Clause de non-responsabilit\u00e9<\/h3><div class=\"special-heading-border\"><div class=\"special-heading-inner-border\"><\/div><\/div><\/div><br \/>\n\n<style type=\"text\/css\" data-created_by=\"avia_inline_auto\" id=\"style-css-av-9bgwm-c3fec1cff3bc35de2738d918ab6d2413\">\n#top .hr.hr-invisible.av-9bgwm-c3fec1cff3bc35de2738d918ab6d2413{\nheight:50px;\n}\n<\/style>\n<div  class='hr av-9bgwm-c3fec1cff3bc35de2738d918ab6d2413 hr-invisible  avia-builder-el-2  el_after_av_heading  el_before_av_textblock '><span class='hr-inner '><span class=\"hr-inner-style\"><\/span><\/span><\/div><br \/>\n<section  class='av_textblock_section av-lf9eoafw-3537a0555d134db8feb95253eca1678b '   itemscope=\"itemscope\" itemtype=\"https:\/\/schema.org\/CreativeWork\" ><div class='avia_textblock'  itemprop=\"text\" ><p>Tous les textes et liens sont soigneusement v\u00e9rifi\u00e9s et sont actualis\u00e9s en permanence. Nous nous effor\u00e7ons de fournir des informations exactes et compl\u00e8tes sur ce site web, mais nous d\u00e9clinons toute responsabilit\u00e9 et toute garantie quant \u00e0 l&rsquo;exactitude, \u00e0 l&rsquo;exhaustivit\u00e9 ou \u00e0 l&rsquo;actualit\u00e9 des informations fournies par le biais de ce site, y compris toute inscription dans la base de donn\u00e9es.<\/p>\n<p>Nous nous r\u00e9servons le droit de modifier \u00e0 tout moment et sans pr\u00e9avis les informations contenues sur ce site web et nous ne nous engageons pas non plus \u00e0 actualiser les informations qu&rsquo;il contient. L&rsquo;exactitude de tous les liens renvoyant vers des prestataires externes a \u00e9t\u00e9 v\u00e9rifi\u00e9e au moment de leur inclusion. N\u00e9anmoins, nous ne sommes pas responsables du contenu et de la disponibilit\u00e9 des sites web accessibles par le biais d&rsquo;hyperliens. Seul l&rsquo;exploitant de la page \u00e0 laquelle faisant l&rsquo;objet du renvoi est responsable des contenus ill\u00e9gaux, erron\u00e9s ou incomplets et en particulier des dommages r\u00e9sultant de l&rsquo;utilisation non v\u00e9rifi\u00e9e des contenus des pages faisant l&rsquo;objet du renvoi, que le pr\u00e9judice soit direct, indirect ou financier ou qu&rsquo;il s&rsquo;agisse d&rsquo;un autre pr\u00e9judice pouvant r\u00e9sulter d&rsquo;une perte de donn\u00e9es, d&rsquo;une d\u00e9faillance d&rsquo;utilisation ou de toute autre cause de quelque nature qu&rsquo;elle soit.<\/p>\n<p>Juin 2023<\/p>\n<\/div><\/section><br \/>\n<div  class='hr av-18umae-7252f40187dd342f0c1cefcdfdec1e96 hr-default  avia-builder-el-4  el_after_av_textblock  avia-builder-el-last '><span class='hr-inner '><span class=\"hr-inner-style\"><\/span><\/span><\/div><\/p><\/div>\n\n<style type=\"text\/css\" data-created_by=\"avia_inline_auto\" id=\"style-css-av-12ci1q-1567f828866f9e36672457e1d4ee7455\">\n.flex_column.av-12ci1q-1567f828866f9e36672457e1d4ee7455{\nborder-radius:40px 40px 40px 40px;\npadding:40px 40px 40px 40px;\nbackground-color:#d2e1d3;\n}\n<\/style>\n<div  class='flex_column av-12ci1q-1567f828866f9e36672457e1d4ee7455 av_one_full  avia-builder-el-5  el_after_av_one_full  avia-builder-el-last  first flex_column_div  column-top-margin'     ><section  class='av_textblock_section av-wkt72-faaf052e6f0d37728ad4ae4e45711258 '   itemscope=\"itemscope\" itemtype=\"https:\/\/schema.org\/CreativeWork\" ><div class='avia_textblock'  itemprop=\"text\" ><h2>Devenez membre de l&rsquo;association.<br \/>\nNous nous r\u00e9jouissons de votre inscription !<\/h2>\n<\/div><\/section><br \/>\n\n<style type=\"text\/css\" data-created_by=\"avia_inline_auto\" id=\"style-css-av-oklfa-99a16a5f70e093c68864ce2d3d542d01\">\n#top .hr.hr-invisible.av-oklfa-99a16a5f70e093c68864ce2d3d542d01{\nheight:15px;\n}\n<\/style>\n<div  class='hr av-oklfa-99a16a5f70e093c68864ce2d3d542d01 hr-invisible  avia-builder-el-7  el_after_av_textblock  el_before_av_button '><span class='hr-inner '><span class=\"hr-inner-style\"><\/span><\/span><\/div><br \/>\n<div  class='avia-button-wrap av-k0h8u-505987da26f31cb579d54a57e366c324-wrap avia-button-left  avia-builder-el-8  el_after_av_hr  el_before_av_button '><a href='https:\/\/www.sgmo.ch\/fr\/adhesion\/devenir-membre\/'  class='avia-button av-k0h8u-505987da26f31cb579d54a57e366c324 av-link-btn avia-icon_select-no avia-size-x-large avia-position-left avia-color-dark'   aria-label=\"plus d\u2019informations\"><span class='avia_iconbox_title' >plus d\u2019informations<\/span><\/a><\/div><br \/>\n<div  class='avia-button-wrap av-fx25a-d745f4665eef54934c2055936901af23-wrap avia-button-left  avia-builder-el-9  el_after_av_button  el_before_av_hr '><a href='https:\/\/sgmo.webling.ch\/forms\/memberform\/2e4dd9bdace7073629bd'  class='avia-button av-fx25a-d745f4665eef54934c2055936901af23 av-link-btn avia-icon_select-yes-right-icon avia-size-x-large avia-position-left avia-color-theme-color'  target=\"_blank\"  rel=\"noopener noreferrer\"  aria-label=\"ACC\u00c8S DIRECT \u00c0 L\u2019INSCRIPTION\"><span class='avia_iconbox_title' >ACC\u00c8S DIRECT \u00c0 L\u2019INSCRIPTION<\/span><span class='avia_button_icon avia_button_icon_right avia-iconfont avia-font-entypo-fontello' data-av_icon='\ue80c' data-av_iconfont='entypo-fontello' ><\/span><\/a><\/div><br \/>\n\n<style type=\"text\/css\" data-created_by=\"avia_inline_auto\" id=\"style-css-av-6tq72-1ff9ec821ea86526233e1d5666f5a44a\">\n#top .hr.hr-invisible.av-6tq72-1ff9ec821ea86526233e1d5666f5a44a{\nheight:15px;\n}\n<\/style>\n<div  class='hr av-6tq72-1ff9ec821ea86526233e1d5666f5a44a hr-invisible  avia-builder-el-10  el_after_av_button  avia-builder-el-last '><span class='hr-inner '><span class=\"hr-inner-style\"><\/span><\/span><\/div><\/p><\/div>\n","protected":false},"excerpt":{"rendered":"","protected":false},"author":1,"featured_media":0,"parent":0,"menu_order":0,"comment_status":"closed","ping_status":"closed","template":"","meta":{"_acf_changed":false,"footnotes":""},"class_list":["post-4295","page","type-page","status-publish","hentry"],"acf":[],"_links":{"self":[{"href":"https:\/\/www.sgmo.ch\/fr\/wp-json\/wp\/v2\/pages\/4295","targetHints":{"allow":["GET"]}}],"collection":[{"href":"https:\/\/www.sgmo.ch\/fr\/wp-json\/wp\/v2\/pages"}],"about":[{"href":"https:\/\/www.sgmo.ch\/fr\/wp-json\/wp\/v2\/types\/page"}],"author":[{"embeddable":true,"href":"https:\/\/www.sgmo.ch\/fr\/wp-json\/wp\/v2\/users\/1"}],"replies":[{"embeddable":true,"href":"https:\/\/www.sgmo.ch\/fr\/wp-json\/wp\/v2\/comments?post=4295"}],"version-history":[{"count":3,"href":"https:\/\/www.sgmo.ch\/fr\/wp-json\/wp\/v2\/pages\/4295\/revisions"}],"predecessor-version":[{"id":4382,"href":"https:\/\/www.sgmo.ch\/fr\/wp-json\/wp\/v2\/pages\/4295\/revisions\/4382"}],"wp:attachment":[{"href":"https:\/\/www.sgmo.ch\/fr\/wp-json\/wp\/v2\/media?parent=4295"}],"curies":[{"name":"wp","href":"https:\/\/api.w.org\/{rel}","templated":true}]}}