{"id":4885,"date":"2023-03-22T10:31:03","date_gmt":"2023-03-22T09:31:03","guid":{"rendered":"https:\/\/www.sgmo.ch\/?page_id=4885"},"modified":"2023-08-03T08:17:21","modified_gmt":"2023-08-03T06:17:21","slug":"recevoir-linscription-a-lexamen-de-specialiste","status":"publish","type":"page","link":"https:\/\/www.sgmo.ch\/fr\/recevoir-linscription-a-lexamen-de-specialiste\/","title":{"rendered":"Recevoir l&rsquo;inscription \u00e0 l&rsquo;examen de sp\u00e9cialiste"},"content":{"rendered":"<p>Merci beaucoup !<\/p>\n<p>Nous avons bien re\u00e7u votre inscription \u00e0 l&rsquo;examen de sp\u00e9cialiste.<\/p>\n","protected":false},"excerpt":{"rendered":"<p>Merci beaucoup ! Nous avons bien re\u00e7u votre inscription \u00e0 l&rsquo;examen de sp\u00e9cialiste.<\/p>\n","protected":false},"author":2,"featured_media":0,"parent":0,"menu_order":0,"comment_status":"closed","ping_status":"closed","template":"","meta":{"_acf_changed":false,"footnotes":""},"class_list":["post-4885","page","type-page","status-publish","hentry"],"acf":[],"_links":{"self":[{"href":"https:\/\/www.sgmo.ch\/fr\/wp-json\/wp\/v2\/pages\/4885","targetHints":{"allow":["GET"]}}],"collection":[{"href":"https:\/\/www.sgmo.ch\/fr\/wp-json\/wp\/v2\/pages"}],"about":[{"href":"https:\/\/www.sgmo.ch\/fr\/wp-json\/wp\/v2\/types\/page"}],"author":[{"embeddable":true,"href":"https:\/\/www.sgmo.ch\/fr\/wp-json\/wp\/v2\/users\/2"}],"replies":[{"embeddable":true,"href":"https:\/\/www.sgmo.ch\/fr\/wp-json\/wp\/v2\/comments?post=4885"}],"version-history":[{"count":2,"href":"https:\/\/www.sgmo.ch\/fr\/wp-json\/wp\/v2\/pages\/4885\/revisions"}],"predecessor-version":[{"id":4887,"href":"https:\/\/www.sgmo.ch\/fr\/wp-json\/wp\/v2\/pages\/4885\/revisions\/4887"}],"wp:attachment":[{"href":"https:\/\/www.sgmo.ch\/fr\/wp-json\/wp\/v2\/media?parent=4885"}],"curies":[{"name":"wp","href":"https:\/\/api.w.org\/{rel}","templated":true}]}}