{"id":4951,"date":"2023-04-20T09:52:29","date_gmt":"2023-04-20T07:52:29","guid":{"rendered":"https:\/\/www.sgmo.ch\/?page_id=4951"},"modified":"2023-08-03T11:28:50","modified_gmt":"2023-08-03T09:28:50","slug":"entree-enregistree","status":"publish","type":"page","link":"https:\/\/www.sgmo.ch\/fr\/entree-enregistree\/","title":{"rendered":"Entr\u00e9e enregistr\u00e9e"},"content":{"rendered":"<p>Merci beaucoup !<\/p>\n<p>Votre saisie a \u00e9t\u00e9 enregistr\u00e9e.<\/p>\n","protected":false},"excerpt":{"rendered":"<p>Merci beaucoup ! Votre saisie a \u00e9t\u00e9 enregistr\u00e9e.<\/p>\n","protected":false},"author":2,"featured_media":0,"parent":0,"menu_order":0,"comment_status":"closed","ping_status":"closed","template":"","meta":{"_acf_changed":false,"footnotes":""},"class_list":["post-4951","page","type-page","status-publish","hentry"],"acf":[],"_links":{"self":[{"href":"https:\/\/www.sgmo.ch\/fr\/wp-json\/wp\/v2\/pages\/4951","targetHints":{"allow":["GET"]}}],"collection":[{"href":"https:\/\/www.sgmo.ch\/fr\/wp-json\/wp\/v2\/pages"}],"about":[{"href":"https:\/\/www.sgmo.ch\/fr\/wp-json\/wp\/v2\/types\/page"}],"author":[{"embeddable":true,"href":"https:\/\/www.sgmo.ch\/fr\/wp-json\/wp\/v2\/users\/2"}],"replies":[{"embeddable":true,"href":"https:\/\/www.sgmo.ch\/fr\/wp-json\/wp\/v2\/comments?post=4951"}],"version-history":[{"count":2,"href":"https:\/\/www.sgmo.ch\/fr\/wp-json\/wp\/v2\/pages\/4951\/revisions"}],"predecessor-version":[{"id":4953,"href":"https:\/\/www.sgmo.ch\/fr\/wp-json\/wp\/v2\/pages\/4951\/revisions\/4953"}],"wp:attachment":[{"href":"https:\/\/www.sgmo.ch\/fr\/wp-json\/wp\/v2\/media?parent=4951"}],"curies":[{"name":"wp","href":"https:\/\/api.w.org\/{rel}","templated":true}]}}