{"id":6544,"date":"2024-01-30T09:04:20","date_gmt":"2024-01-30T08:04:20","guid":{"rendered":"https:\/\/www.sgmo.ch\/?page_id=6544"},"modified":"2024-01-30T09:25:43","modified_gmt":"2024-01-30T08:25:43","slug":"revision-oamal-opas","status":"publish","type":"page","link":"https:\/\/www.sgmo.ch\/fr\/politique\/revision-oamal-opas\/","title":{"rendered":"R\u00e9vision OAMal\/OPAS"},"content":{"rendered":"<div  class='flex_column av-av_one_full-41ee899840124b6993b57a87f996c353 av_one_full  avia-builder-el-0  el_before_av_one_full  avia-builder-el-first  first flex_column_div  '     ><style type=\"text\/css\" data-created_by=\"avia_inline_auto\" id=\"style-css-av-ls038vka-0e5aaaca61b5d7f839f06e630b65af39\">\n#top .av-special-heading.av-ls038vka-0e5aaaca61b5d7f839f06e630b65af39{\npadding-bottom:10px;\n}\nbody .av-special-heading.av-ls038vka-0e5aaaca61b5d7f839f06e630b65af39 .av-special-heading-tag .heading-char{\nfont-size:25px;\n}\n.av-special-heading.av-ls038vka-0e5aaaca61b5d7f839f06e630b65af39 .av-subheading{\nfont-size:15px;\n}\n<\/style>\n<div  class='av-special-heading av-ls038vka-0e5aaaca61b5d7f839f06e630b65af39 av-special-heading-h3  avia-builder-el-1  avia-builder-el-no-sibling '><h3 class='av-special-heading-tag '  itemprop=\"headline\"  >R\u00e9vision OAMal\/OPAS<\/h3><div class=\"special-heading-border\"><div class=\"special-heading-inner-border\"><\/div><\/div><\/div><\/div>\n<div  class='flex_column av-av_one_full-41ee899840124b6993b57a87f996c353 av_one_full  avia-builder-el-2  el_after_av_one_full  avia-builder-el-last  first flex_column_div  column-top-margin'     ><section  class='av_textblock_section av-ls03dp4b-d979c6e20cf72a77b7764990d13135ce '   itemscope=\"itemscope\" itemtype=\"https:\/\/schema.org\/CreativeWork\" ><div class='avia_textblock'  itemprop=\"text\" ><p>Le 1er janvier 2024, une r\u00e9vision importante de l&rsquo;ordonnance sur l&rsquo;assurance-maladie (OAMal) et de l&rsquo;ordonnance du DFI sur les prestations de l&rsquo;assurance obligatoire des soins en cas de maladie (OPAS) est entr\u00e9e en vigueur. La SSOM a \u00e9labor\u00e9 \u00e0 ce sujet un slide kit qui r\u00e9sume les principaux points de la r\u00e9vision de l&rsquo;OAMal\/OPAS.<\/p>\n<p>Le slide kit<\/p>\n<ul>\n<li>se concentre sur les changements les <strong>plus importants pour les m\u00e9decins<\/strong><\/li>\n<li>donne aux m\u00e9decins un <strong>aper\u00e7u rapide<\/strong> des modifications de l&rsquo;ordonnance<\/li>\n<li>contient des <strong>recommandations d&rsquo;action<\/strong><\/li>\n<\/ul>\n<p><strong><a href=\"https:\/\/www.sgmo.ch\/wp-content\/uploads\/SGMO-Slide-Kit_KVV-KLV-Revision_F_Januar-2024.pdf\" target=\"_blank\" rel=\"noopener\">Vous pouvez t\u00e9l\u00e9charger ici le slide kit de la SSOM<\/a><\/strong>*<\/p>\n<p>*Les auteurs et la SSOM d\u00e9clinent toute responsabilit\u00e9 quant \u00e0 l&rsquo;exactitude du contenu. Seules les lois et dispositions en vigueur sont d\u00e9terminantes. Le copyright est d\u00e9tenu par la SSOM.<\/p>\n<\/div><\/section><\/div>\n","protected":false},"excerpt":{"rendered":"","protected":false},"author":3,"featured_media":0,"parent":4154,"menu_order":4,"comment_status":"closed","ping_status":"closed","template":"","meta":{"_acf_changed":false,"footnotes":""},"class_list":["post-6544","page","type-page","status-publish","hentry"],"acf":[],"_links":{"self":[{"href":"https:\/\/www.sgmo.ch\/fr\/wp-json\/wp\/v2\/pages\/6544","targetHints":{"allow":["GET"]}}],"collection":[{"href":"https:\/\/www.sgmo.ch\/fr\/wp-json\/wp\/v2\/pages"}],"about":[{"href":"https:\/\/www.sgmo.ch\/fr\/wp-json\/wp\/v2\/types\/page"}],"author":[{"embeddable":true,"href":"https:\/\/www.sgmo.ch\/fr\/wp-json\/wp\/v2\/users\/3"}],"replies":[{"embeddable":true,"href":"https:\/\/www.sgmo.ch\/fr\/wp-json\/wp\/v2\/comments?post=6544"}],"version-history":[{"count":3,"href":"https:\/\/www.sgmo.ch\/fr\/wp-json\/wp\/v2\/pages\/6544\/revisions"}],"predecessor-version":[{"id":6562,"href":"https:\/\/www.sgmo.ch\/fr\/wp-json\/wp\/v2\/pages\/6544\/revisions\/6562"}],"up":[{"embeddable":true,"href":"https:\/\/www.sgmo.ch\/fr\/wp-json\/wp\/v2\/pages\/4154"}],"wp:attachment":[{"href":"https:\/\/www.sgmo.ch\/fr\/wp-json\/wp\/v2\/media?parent=6544"}],"curies":[{"name":"wp","href":"https:\/\/api.w.org\/{rel}","templated":true}]}}